{"id":451,"date":"2023-08-22T04:57:25","date_gmt":"2023-08-22T04:57:25","guid":{"rendered":"https:\/\/masteri.starfruit.com.vn\/?page_id=451"},"modified":"2023-11-28T07:47:37","modified_gmt":"2023-11-28T07:47:37","slug":"tin-tuc","status":"publish","type":"page","link":"https:\/\/masterisehomes.com\/masteri-waterfront\/tin-tuc\/","title":{"rendered":"Tin t\u1ee9c"},"content":{"rendered":"","protected":false},"excerpt":{"rendered":"","protected":false},"author":1,"featured_media":0,"parent":0,"menu_order":0,"comment_status":"closed","ping_status":"closed","template":"template\/news.php","meta":{"inline_featured_image":false,"footnotes":""},"class_list":["post-451","page","type-page","status-publish","hentry"],"yoast_head":"<!-- This site is optimized with the Yoast SEO plugin v20.13 - https:\/\/yoast.com\/wordpress\/plugins\/seo\/ -->\n<title>Tin t\u1ee9c - Masteri Waterfront<\/title>\n<meta name=\"robots\" content=\"index, follow, max-snippet:-1, max-image-preview:large, max-video-preview:-1\" \/>\n<link rel=\"canonical\" href=\"https:\/\/masterisehomes.com\/masteri-waterfront\/tin-tuc\/\" \/>\n<meta property=\"og:locale\" content=\"vi_VN\" \/>\n<meta property=\"og:type\" content=\"article\" \/>\n<meta property=\"og:title\" content=\"Tin t\u1ee9c - Masteri Waterfront\" \/>\n<meta property=\"og:url\" content=\"https:\/\/masterisehomes.com\/masteri-waterfront\/tin-tuc\/\" \/>\n<meta property=\"og:site_name\" content=\"Masteri Waterfront\" \/>\n<meta property=\"article:modified_time\" content=\"2023-11-28T07:47:37+00:00\" \/>\n<meta name=\"twitter:card\" content=\"summary_large_image\" \/>\n<script type=\"application\/ld+json\" class=\"yoast-schema-graph\">{\"@context\":\"https:\/\/schema.org\",\"@graph\":[{\"@type\":\"WebPage\",\"@id\":\"https:\/\/masterisehomes.com\/masteri-waterfront\/tin-tuc\/\",\"url\":\"https:\/\/masterisehomes.com\/masteri-waterfront\/tin-tuc\/\",\"name\":\"Tin t\u1ee9c - Masteri Waterfront\",\"isPartOf\":{\"@id\":\"https:\/\/masterisehomes.com\/masteri-waterfront\/#website\"},\"datePublished\":\"2023-08-22T04:57:25+00:00\",\"dateModified\":\"2023-11-28T07:47:37+00:00\",\"breadcrumb\":{\"@id\":\"https:\/\/masterisehomes.com\/masteri-waterfront\/tin-tuc\/#breadcrumb\"},\"inLanguage\":\"vi-VN\",\"potentialAction\":[{\"@type\":\"ReadAction\",\"target\":[\"https:\/\/masterisehomes.com\/masteri-waterfront\/tin-tuc\/\"]}]},{\"@type\":\"BreadcrumbList\",\"@id\":\"https:\/\/masterisehomes.com\/masteri-waterfront\/tin-tuc\/#breadcrumb\",\"itemListElement\":[{\"@type\":\"ListItem\",\"position\":1,\"name\":\"Home\",\"item\":\"https:\/\/masterisehomes.com\/masteri-waterfront\/\"},{\"@type\":\"ListItem\",\"position\":2,\"name\":\"Tin t\u1ee9c\"}]},{\"@type\":\"WebSite\",\"@id\":\"https:\/\/masterisehomes.com\/masteri-waterfront\/#website\",\"url\":\"https:\/\/masterisehomes.com\/masteri-waterfront\/\",\"name\":\"Masteri Waterfront\",\"description\":\"Masteri Waterfront\",\"potentialAction\":[{\"@type\":\"SearchAction\",\"target\":{\"@type\":\"EntryPoint\",\"urlTemplate\":\"https:\/\/masterisehomes.com\/masteri-waterfront\/?s={search_term_string}\"},\"query-input\":\"required name=search_term_string\"}],\"inLanguage\":\"vi-VN\"}]}<\/script>\n<!-- \/ Yoast SEO plugin. -->","yoast_head_json":{"title":"Tin t\u1ee9c - Masteri Waterfront","robots":{"index":"index","follow":"follow","max-snippet":"max-snippet:-1","max-image-preview":"max-image-preview:large","max-video-preview":"max-video-preview:-1"},"canonical":"https:\/\/masterisehomes.com\/masteri-waterfront\/tin-tuc\/","og_locale":"vi_VN","og_type":"article","og_title":"Tin t\u1ee9c - Masteri Waterfront","og_url":"https:\/\/masterisehomes.com\/masteri-waterfront\/tin-tuc\/","og_site_name":"Masteri Waterfront","article_modified_time":"2023-11-28T07:47:37+00:00","twitter_card":"summary_large_image","schema":{"@context":"https:\/\/schema.org","@graph":[{"@type":"WebPage","@id":"https:\/\/masterisehomes.com\/masteri-waterfront\/tin-tuc\/","url":"https:\/\/masterisehomes.com\/masteri-waterfront\/tin-tuc\/","name":"Tin t\u1ee9c - Masteri Waterfront","isPartOf":{"@id":"https:\/\/masterisehomes.com\/masteri-waterfront\/#website"},"datePublished":"2023-08-22T04:57:25+00:00","dateModified":"2023-11-28T07:47:37+00:00","breadcrumb":{"@id":"https:\/\/masterisehomes.com\/masteri-waterfront\/tin-tuc\/#breadcrumb"},"inLanguage":"vi-VN","potentialAction":[{"@type":"ReadAction","target":["https:\/\/masterisehomes.com\/masteri-waterfront\/tin-tuc\/"]}]},{"@type":"BreadcrumbList","@id":"https:\/\/masterisehomes.com\/masteri-waterfront\/tin-tuc\/#breadcrumb","itemListElement":[{"@type":"ListItem","position":1,"name":"Home","item":"https:\/\/masterisehomes.com\/masteri-waterfront\/"},{"@type":"ListItem","position":2,"name":"Tin t\u1ee9c"}]},{"@type":"WebSite","@id":"https:\/\/masterisehomes.com\/masteri-waterfront\/#website","url":"https:\/\/masterisehomes.com\/masteri-waterfront\/","name":"Masteri Waterfront","description":"Masteri Waterfront","potentialAction":[{"@type":"SearchAction","target":{"@type":"EntryPoint","urlTemplate":"https:\/\/masterisehomes.com\/masteri-waterfront\/?s={search_term_string}"},"query-input":"required name=search_term_string"}],"inLanguage":"vi-VN"}]}},"acf":{"background_banner_news":"https:\/\/masterisehomes.com\/masteri-waterfront\/wp-content\/uploads\/2023\/08\/Rectangle-2.jpg","title_banner_news":"Tin t\u1ee9c","breadcrumb_banner_news":[{"name":"Trang ch\u1ee7","link":"https:\/\/masterisehomes.com\/masteri-waterfront\/"},{"name":"Tin t\u1ee9c","link":"javascript:void(0)"}],"title_news_hightlightpg":"Tin t\u1ee9c n\u1ed5i b\u1eadt","content_news_hightlightpg":"Masteri Waterfront \u0111u\u031b\u01a1\u0323c pha\u0301t tri\u00ea\u0309n b\u01a1\u0309i \u0111\u1ecd\u0302i ngu\u0303 qu\u00f4\u0301c t\u00ea\u0301 cu\u0309a Masterise Homes cu\u0300ng ca\u0301c \u0111\u00f4\u0301i ta\u0301c ha\u0300ng \u0111\u00e2\u0300u th\u00ea\u0301 gi\u01a1\u0301i. C\u00f9ng theo d\u00f5i c\u00e1c b\u00e0i vi\u1ebft v\u1ec1 tin t\u1ee9c, s\u1ef1 ki\u1ec7n c\u00f9ng c\u00e1c th\u00f4ng b\u00e1o ch\u00ednh th\u1ee9c t\u1eeb c\u1ee7a d\u1ef1 \u00e1n Masteri Waterfront \u0111\u01b0\u1ee3c c\u1eadp nh\u1eadt m\u1edbi nh\u1ea5t.","title_list_news_page":"Danh s\u00e1ch tin t\u1ee9c","imgadv_bannner_news":"https:\/\/masterisehomes.com\/masteri-waterfront\/wp-content\/uploads\/2023\/09\/truong-hoc-brighton-college-vietnam-1030x579-1-1.jpg","imgadv_bannner_news_mobile":"https:\/\/masterisehomes.com\/masteri-waterfront\/wp-content\/uploads\/2023\/08\/Rectangle-85-2-scaled.jpg","display_imgadv_bannner_news":"Yes","link_endow_bannner_news":""},"_links":{"self":[{"href":"https:\/\/masterisehomes.com\/masteri-waterfront\/wp-json\/wp\/v2\/pages\/451","targetHints":{"allow":["GET"]}}],"collection":[{"href":"https:\/\/masterisehomes.com\/masteri-waterfront\/wp-json\/wp\/v2\/pages"}],"about":[{"href":"https:\/\/masterisehomes.com\/masteri-waterfront\/wp-json\/wp\/v2\/types\/page"}],"author":[{"embeddable":true,"href":"https:\/\/masterisehomes.com\/masteri-waterfront\/wp-json\/wp\/v2\/users\/1"}],"replies":[{"embeddable":true,"href":"https:\/\/masterisehomes.com\/masteri-waterfront\/wp-json\/wp\/v2\/comments?post=451"}],"version-history":[{"count":12,"href":"https:\/\/masterisehomes.com\/masteri-waterfront\/wp-json\/wp\/v2\/pages\/451\/revisions"}],"predecessor-version":[{"id":4189,"href":"https:\/\/masterisehomes.com\/masteri-waterfront\/wp-json\/wp\/v2\/pages\/451\/revisions\/4189"}],"wp:attachment":[{"href":"https:\/\/masterisehomes.com\/masteri-waterfront\/wp-json\/wp\/v2\/media?parent=451"}],"curies":[{"name":"wp","href":"https:\/\/api.w.org\/{rel}","templated":true}]}}