{"id":396,"date":"2023-08-21T17:06:44","date_gmt":"2023-08-21T17:06:44","guid":{"rendered":"https:\/\/masteri.starfruit.com.vn\/?page_id=396"},"modified":"2024-07-31T04:54:31","modified_gmt":"2024-07-31T04:54:31","slug":"dai-ly","status":"publish","type":"page","link":"https:\/\/masterisehomes.com\/masteri-waterfront\/dai-ly\/","title":{"rendered":"\u0110\u1ea1i l\u00fd"},"content":{"rendered":"","protected":false},"excerpt":{"rendered":"","protected":false},"author":1,"featured_media":0,"parent":0,"menu_order":0,"comment_status":"closed","ping_status":"closed","template":"template\/agency.php","meta":{"inline_featured_image":false,"footnotes":""},"class_list":["post-396","page","type-page","status-publish","hentry"],"yoast_head":"<!-- This site is optimized with the Yoast SEO plugin v20.13 - https:\/\/yoast.com\/wordpress\/plugins\/seo\/ -->\n<title>\u0110\u1ea1i l\u00fd - Masteri Waterfront<\/title>\n<meta name=\"robots\" content=\"index, follow, max-snippet:-1, max-image-preview:large, max-video-preview:-1\" \/>\n<link rel=\"canonical\" href=\"https:\/\/masterisehomes.com\/masteri-waterfront\/dai-ly\/\" \/>\n<meta property=\"og:locale\" content=\"vi_VN\" \/>\n<meta property=\"og:type\" content=\"article\" \/>\n<meta property=\"og:title\" content=\"\u0110\u1ea1i l\u00fd - Masteri Waterfront\" \/>\n<meta property=\"og:url\" content=\"https:\/\/masterisehomes.com\/masteri-waterfront\/dai-ly\/\" \/>\n<meta property=\"og:site_name\" content=\"Masteri Waterfront\" \/>\n<meta property=\"article:modified_time\" content=\"2024-07-31T04:54:31+00:00\" \/>\n<meta name=\"twitter:card\" content=\"summary_large_image\" \/>\n<script type=\"application\/ld+json\" class=\"yoast-schema-graph\">{\"@context\":\"https:\/\/schema.org\",\"@graph\":[{\"@type\":\"WebPage\",\"@id\":\"https:\/\/masterisehomes.com\/masteri-waterfront\/dai-ly\/\",\"url\":\"https:\/\/masterisehomes.com\/masteri-waterfront\/dai-ly\/\",\"name\":\"\u0110\u1ea1i l\u00fd - Masteri Waterfront\",\"isPartOf\":{\"@id\":\"https:\/\/masterisehomes.com\/masteri-waterfront\/#website\"},\"datePublished\":\"2023-08-21T17:06:44+00:00\",\"dateModified\":\"2024-07-31T04:54:31+00:00\",\"breadcrumb\":{\"@id\":\"https:\/\/masterisehomes.com\/masteri-waterfront\/dai-ly\/#breadcrumb\"},\"inLanguage\":\"vi-VN\",\"potentialAction\":[{\"@type\":\"ReadAction\",\"target\":[\"https:\/\/masterisehomes.com\/masteri-waterfront\/dai-ly\/\"]}]},{\"@type\":\"BreadcrumbList\",\"@id\":\"https:\/\/masterisehomes.com\/masteri-waterfront\/dai-ly\/#breadcrumb\",\"itemListElement\":[{\"@type\":\"ListItem\",\"position\":1,\"name\":\"Home\",\"item\":\"https:\/\/masterisehomes.com\/masteri-waterfront\/\"},{\"@type\":\"ListItem\",\"position\":2,\"name\":\"\u0110\u1ea1i l\u00fd\"}]},{\"@type\":\"WebSite\",\"@id\":\"https:\/\/masterisehomes.com\/masteri-waterfront\/#website\",\"url\":\"https:\/\/masterisehomes.com\/masteri-waterfront\/\",\"name\":\"Masteri Waterfront\",\"description\":\"Masteri Waterfront\",\"potentialAction\":[{\"@type\":\"SearchAction\",\"target\":{\"@type\":\"EntryPoint\",\"urlTemplate\":\"https:\/\/masterisehomes.com\/masteri-waterfront\/?s={search_term_string}\"},\"query-input\":\"required name=search_term_string\"}],\"inLanguage\":\"vi-VN\"}]}<\/script>\n<!-- \/ Yoast SEO plugin. -->","yoast_head_json":{"title":"\u0110\u1ea1i l\u00fd - Masteri Waterfront","robots":{"index":"index","follow":"follow","max-snippet":"max-snippet:-1","max-image-preview":"max-image-preview:large","max-video-preview":"max-video-preview:-1"},"canonical":"https:\/\/masterisehomes.com\/masteri-waterfront\/dai-ly\/","og_locale":"vi_VN","og_type":"article","og_title":"\u0110\u1ea1i l\u00fd - Masteri Waterfront","og_url":"https:\/\/masterisehomes.com\/masteri-waterfront\/dai-ly\/","og_site_name":"Masteri Waterfront","article_modified_time":"2024-07-31T04:54:31+00:00","twitter_card":"summary_large_image","schema":{"@context":"https:\/\/schema.org","@graph":[{"@type":"WebPage","@id":"https:\/\/masterisehomes.com\/masteri-waterfront\/dai-ly\/","url":"https:\/\/masterisehomes.com\/masteri-waterfront\/dai-ly\/","name":"\u0110\u1ea1i l\u00fd - Masteri Waterfront","isPartOf":{"@id":"https:\/\/masterisehomes.com\/masteri-waterfront\/#website"},"datePublished":"2023-08-21T17:06:44+00:00","dateModified":"2024-07-31T04:54:31+00:00","breadcrumb":{"@id":"https:\/\/masterisehomes.com\/masteri-waterfront\/dai-ly\/#breadcrumb"},"inLanguage":"vi-VN","potentialAction":[{"@type":"ReadAction","target":["https:\/\/masterisehomes.com\/masteri-waterfront\/dai-ly\/"]}]},{"@type":"BreadcrumbList","@id":"https:\/\/masterisehomes.com\/masteri-waterfront\/dai-ly\/#breadcrumb","itemListElement":[{"@type":"ListItem","position":1,"name":"Home","item":"https:\/\/masterisehomes.com\/masteri-waterfront\/"},{"@type":"ListItem","position":2,"name":"\u0110\u1ea1i l\u00fd"}]},{"@type":"WebSite","@id":"https:\/\/masterisehomes.com\/masteri-waterfront\/#website","url":"https:\/\/masterisehomes.com\/masteri-waterfront\/","name":"Masteri Waterfront","description":"Masteri Waterfront","potentialAction":[{"@type":"SearchAction","target":{"@type":"EntryPoint","urlTemplate":"https:\/\/masterisehomes.com\/masteri-waterfront\/?s={search_term_string}"},"query-input":"required name=search_term_string"}],"inLanguage":"vi-VN"}]}},"acf":{"slide_home_banner":false,"title_home_overview":"","content_home_overview":"","param_home_overview":false,"img_home_overview":false,"title_home_position":"","content_home_position":"","title_home_utility":"","text_viewall_home_utility":"","link_viewall_home_uti":"","title_home_service":"","title2_home_service":"","title_home_imprint":"","content_home_imprint":"","list_home_imprint":false,"title_home_news":"","content_home_news":"","text_viewall_home_news":"","link_viewall_home_news":"","background_banner_agency":"https:\/\/masterisehomes.com\/masteri-waterfront\/wp-content\/uploads\/2023\/08\/Rectangle-3-scaled.jpg","title_banner_agency":"\u0110\u1ea1i l\u00fd","breadcrumb_banner_agency":[{"name":"Trang ch\u1ee7","link":"https:\/\/masterisehomes.com\/masteri-waterfront\/"},{"name":"\u0110\u1ea1i l\u00fd","link":"javascript:void(0)"}],"ttile_agency_page":"\u0110\u1ea1i l\u00fd b\u00e1n h\u00e0ng","content_agency_page":"V\u1edbi kim ch\u1ec9 nam lu\u00f4n \u0111\u1eb7t kh\u00e1ch h\u00e0ng l\u00e0m tr\u1ecdng t\u00e2m, Masterise homes \u0111\u00e3 h\u1ee3p t\u00e1c v\u1edbi r\u1ea5t nhi\u1ec1u \u0111\u1ea1i l\u00fd tr\u00ean kh\u1eafp c\u1ea3 n\u01b0\u1edbc \u0111\u1ec3 h\u1ed7 tr\u1ee3 kh\u00e1ch h\u00e0ng t\u00ecm hi\u1ec3u, t\u01b0 v\u1ea5n v\u00e0 c\u00f3 nh\u1eefng th\u00f4ng tin ch\u00ednh x\u00e1c nh\u1ea5t v\u1ec1 d\u1ef1 \u00e1n c\u00f9ng nh\u1eefng ch\u00ednh s\u00e1ch \u0111\u1eb7c quy\u1ec1n ch\u1ec9 d\u00e0nh cho ch\u1ee7 nh\u00e2n x\u1ee9ng t\u1ea7m.","list_agency_page":[{"logo":"https:\/\/masterisehomes.com\/masteri-waterfront\/wp-content\/uploads\/2023\/09\/Mask-group-8.png","name":"C\u00d4NG TY CP ONE MOUNT REAL ESTATE ","phone":"","link":""},{"logo":"https:\/\/masterisehomes.com\/masteri-waterfront\/wp-content\/uploads\/2024\/07\/Elite-Capital_bo-sung-09.png","name":"C\u00d4NG TY C\u1ed4 PH\u1ea6N ELITE CAPITAL","phone":"","link":""},{"logo":"https:\/\/masterisehomes.com\/masteri-waterfront\/wp-content\/uploads\/2023\/09\/Mask-group-9.png","name":"  C\u00d4NG TY CP PH\u00c1T TRI\u1ec2N B\u1ea4T \u0110\u1ed8NG S\u1ea2N MICC","phone":"","link":""},{"logo":"https:\/\/masterisehomes.com\/masteri-waterfront\/wp-content\/uploads\/2023\/09\/Mask-group-10.png","name":"  C\u00f4ng ty TNHH B\u1ea5t \u0110\u1ed9ng S\u1ea3n NovaSky","phone":"","link":""},{"logo":"https:\/\/masterisehomes.com\/masteri-waterfront\/wp-content\/uploads\/2023\/09\/Group-7-1.png","name":"C\u00f4ng ty CP d\u1ecbch v\u1ee5 v\u00e0 \u0111\u1ea7u t\u01b0 T\u00e2n Long","phone":"0989734734","link":"https:\/\/bdstanlong.vn\/"},{"logo":"https:\/\/masterisehomes.com\/masteri-waterfront\/wp-content\/uploads\/2023\/09\/Group-9.png","name":"C\u00d4NG TY CP\u0110T & PH\u00c1T TRI\u1ec2N \u0110\u1ea4T VI\u1ec6T PRO","phone":"0985 849 246","link":""},{"logo":"https:\/\/masterisehomes.com\/masteri-waterfront\/wp-content\/uploads\/2023\/09\/Group-10.png","name":"C\u00f4ng ty CP AZHousing","phone":" 0989 433 439","link":"https:\/\/www.azhousing.vn\/"},{"logo":"https:\/\/masterisehomes.com\/masteri-waterfront\/wp-content\/uploads\/2023\/09\/Mask-group-11.png","name":"C\u00f4ng ty CP B\u1ea5t \u0110\u1ed9ng S\u1ea3n VHS","phone":"","link":""},{"logo":"https:\/\/masterisehomes.com\/masteri-waterfront\/wp-content\/uploads\/2023\/09\/Group-11.png","name":"  C\u00f4ng ty TNHH B\u1ea5t \u0110\u1ed9ng S\u1ea3n T\u00e2n H\u01b0\u01a1ng Ph\u00e1t","phone":"","link":""},{"logo":"https:\/\/masterisehomes.com\/masteri-waterfront\/wp-content\/uploads\/2024\/07\/logo-dong-do-01-20211116092400.png","name":"  C\u00d4NG TY TNHH \u0110\u00d4NG \u0110\u00d4 LAND ","phone":"","link":""},{"logo":"https:\/\/masterisehomes.com\/masteri-waterfront\/wp-content\/uploads\/2023\/09\/Hd-homes.png","name":"C\u00f4ng ty C\u1ed5 Ph\u1ea7n B\u1ea5t \u0110\u1ed9ng S\u1ea3n HD Homes","phone":"","link":"https:\/\/hdhome.com.vn\/"},{"logo":"https:\/\/masterisehomes.com\/masteri-waterfront\/wp-content\/uploads\/2023\/09\/Group-15.png","name":"  C\u00f4ng ty CPPT \u0111\u1ecba \u1ed1c \u0110\u1ea5t V\u00e0ng (T\u00e2n Th\u1eddi \u0110\u1ea1i)","phone":"","link":""},{"logo":"https:\/\/masterisehomes.com\/masteri-waterfront\/wp-content\/uploads\/2023\/09\/Group-2.png","name":"Newway Realty \u2013 \u0110\u1ea1i l\u00fd Platinum ph\u00e2n ph\u1ed1i ch\u00ednh th\u1ee9c Vinhomes Ocean Park 3 The Crown","phone":"0985 849 246","link":"https:\/\/newwayrealty.vn\/"},{"logo":"https:\/\/masterisehomes.com\/masteri-waterfront\/wp-content\/uploads\/2023\/09\/Mask-group-13.png","name":"C\u00f4ng ty CPKD & PT \u0111\u1ecba \u1ed1c Vietstarland","phone":"","link":""},{"logo":"https:\/\/masterisehomes.com\/masteri-waterfront\/wp-content\/uploads\/2023\/09\/Mask-group-3.png","name":"C\u00f4ng ty CP T\u1eadp \u0111o\u00e0n QueenLand","phone":"0985 849 246","link":"https:\/\/queenlandgroup.vn\/"},{"logo":"https:\/\/masterisehomes.com\/masteri-waterfront\/wp-content\/uploads\/2023\/09\/Mask-group-5.png","name":"C\u00f4ng ty TNHH PTTM B\u0110S NEWSTARLAND","phone":"0985 849 246","link":"https:\/\/newstarland.com\/"},{"logo":"https:\/\/masterisehomes.com\/masteri-waterfront\/wp-content\/uploads\/2023\/09\/Mask-group-14.png","name":"C\u00f4ng ty CP D\u1ecbch v\u1ee5 & \u0110\u1ecba \u1ed1c \u0110\u1ea5t Xanh Mi\u1ec1n B\u1eafc ","phone":"","link":""},{"logo":"https:\/\/masterisehomes.com\/masteri-waterfront\/wp-content\/uploads\/2023\/09\/Group-5.png","name":"C\u00f4ng ty c\u1ed5 ph\u1ea7n TMDV \u0111\u1ecba \u1ed1c QTC","phone":"0906214351","link":"http:\/\/qtcland.vn\/"},{"logo":"https:\/\/masterisehomes.com\/masteri-waterfront\/wp-content\/uploads\/2023\/09\/Group-1.png","name":"  C\u00f4ng ty CP\u0110T B\u0110S L\u1ed9c \u0110i\u1ec1n Bighomes Group","phone":"","link":""},{"logo":"https:\/\/masterisehomes.com\/masteri-waterfront\/wp-content\/uploads\/2023\/09\/Group-6.png","name":"C\u00f4ng ty CP Kinh Doanh \u0110\u1ea7u T\u01b0 B\u0110S T\u00f9ng B\u00e1ch","phone":"0985 849 246","link":""},{"logo":"https:\/\/masterisehomes.com\/masteri-waterfront\/wp-content\/uploads\/2023\/09\/Group-18.png","name":"LI\u00caN MINH \u0110\u00d4NG T\u00c2Y LAND-AN PH\u00c1T LAND","phone":"","link":""},{"logo":"https:\/\/masterisehomes.com\/masteri-waterfront\/wp-content\/uploads\/2023\/09\/Mask-group-7.png","name":"C\u00f4ng ty TNHH LDHousing Vi\u1ec7t Nam","phone":"","link":""},{"logo":"https:\/\/masterisehomes.com\/masteri-waterfront\/wp-content\/uploads\/2023\/09\/Home-plus.png","name":"C\u00f4ng ty c\u1ed5 ph\u1ea7n \u0111\u1ea7u t\u01b0 B\u0110S HOME PLUS","phone":"0985 849 246","link":"https:\/\/batdongsanhomeplus.vn\/"},{"logo":"https:\/\/masterisehomes.com\/masteri-waterfront\/wp-content\/uploads\/2024\/07\/Logo-Future-Homes-White.png","name":"FUTURE HOMES","phone":"","link":""},{"logo":"https:\/\/masterisehomes.com\/masteri-waterfront\/wp-content\/uploads\/2024\/07\/LOGO-MAYHOMES-1-03.png","name":"LI\u00caN MINH MAYHOMES - ELITE CAPITAL","phone":"","link":""},{"logo":"https:\/\/masterisehomes.com\/masteri-waterfront\/wp-content\/uploads\/2024\/07\/Logo_Ellie-Homes-06.png","name":"C\u00d4NG TY C\u1ed4 PH\u1ea6N B\u1ea4T \u0110\u1ed8NG S\u1ea2N ELLIE HOMES","phone":"","link":""},{"logo":"https:\/\/masterisehomes.com\/masteri-waterfront\/wp-content\/uploads\/2024\/07\/Logo-ATD-05.png","name":"C\u00d4NG TY C\u1ed4 PH\u1ea6N B\u1ea4T \u0110\u1ed8NG S\u1ea2N ATD HOMES","phone":"","link":""},{"logo":"https:\/\/masterisehomes.com\/masteri-waterfront\/wp-content\/uploads\/2024\/07\/PHUC-LOC-INVEST-LOGO-TRANG.png","name":"C\u00f4ng Ty C\u1ed5 Ph\u1ea7n \u0110\u1ea7u T\u01b0 v\u00e0 Kinh Doanh Ph\u00fac L\u1ed9c ","phone":"","link":""},{"logo":"https:\/\/masterisehomes.com\/masteri-waterfront\/wp-content\/uploads\/2024\/07\/Artboard-1-copy-3@2x.png","name":"C\u00f4ng Ty C\u1ed5 Ph\u1ea7n T\u1eadp \u0111o\u00e0n Eternity","phone":"","link":""},{"logo":"https:\/\/masterisehomes.com\/masteri-waterfront\/wp-content\/uploads\/2024\/07\/viber_image_2024-07-10_12-00-58-923.png","name":"C\u00d4NG TY C\u1ed4 PH\u1ea6N B\u1ea4T \u0110\u1ed8NG S\u1ea2N MGVN","phone":"","link":""}]},"_links":{"self":[{"href":"https:\/\/masterisehomes.com\/masteri-waterfront\/wp-json\/wp\/v2\/pages\/396","targetHints":{"allow":["GET"]}}],"collection":[{"href":"https:\/\/masterisehomes.com\/masteri-waterfront\/wp-json\/wp\/v2\/pages"}],"about":[{"href":"https:\/\/masterisehomes.com\/masteri-waterfront\/wp-json\/wp\/v2\/types\/page"}],"author":[{"embeddable":true,"href":"https:\/\/masterisehomes.com\/masteri-waterfront\/wp-json\/wp\/v2\/users\/1"}],"replies":[{"embeddable":true,"href":"https:\/\/masterisehomes.com\/masteri-waterfront\/wp-json\/wp\/v2\/comments?post=396"}],"version-history":[{"count":24,"href":"https:\/\/masterisehomes.com\/masteri-waterfront\/wp-json\/wp\/v2\/pages\/396\/revisions"}],"predecessor-version":[{"id":4423,"href":"https:\/\/masterisehomes.com\/masteri-waterfront\/wp-json\/wp\/v2\/pages\/396\/revisions\/4423"}],"wp:attachment":[{"href":"https:\/\/masterisehomes.com\/masteri-waterfront\/wp-json\/wp\/v2\/media?parent=396"}],"curies":[{"name":"wp","href":"https:\/\/api.w.org\/{rel}","templated":true}]}}