{"id":3226,"date":"2023-09-22T07:25:18","date_gmt":"2023-09-22T07:25:18","guid":{"rendered":"https:\/\/masteri.starfruit.com.vn\/?page_id=3226"},"modified":"2023-11-20T02:53:37","modified_gmt":"2023-11-20T02:53:37","slug":"sale-agent","status":"publish","type":"page","link":"https:\/\/masterisehomes.com\/masteri-waterfront\/sale-agent\/?lang=en","title":{"rendered":"Sale Agent"},"content":{"rendered":"","protected":false},"excerpt":{"rendered":"","protected":false},"author":1,"featured_media":0,"parent":0,"menu_order":0,"comment_status":"closed","ping_status":"closed","template":"template\/agency.php","meta":{"inline_featured_image":false,"footnotes":""},"class_list":["post-3226","page","type-page","status-publish","hentry"],"yoast_head":"<!-- This site is optimized with the Yoast SEO plugin v20.13 - https:\/\/yoast.com\/wordpress\/plugins\/seo\/ -->\n<title>Sale Agent - Masteri Waterfront<\/title>\n<meta name=\"robots\" content=\"index, follow, max-snippet:-1, max-image-preview:large, max-video-preview:-1\" \/>\n<link rel=\"canonical\" href=\"https:\/\/masterisehomes.com\/masteri-waterfront\/sale-agent\/\" \/>\n<meta property=\"og:locale\" content=\"vi_VN\" \/>\n<meta property=\"og:type\" content=\"article\" \/>\n<meta property=\"og:title\" content=\"Sale Agent - Masteri Waterfront\" \/>\n<meta property=\"og:url\" content=\"https:\/\/masterisehomes.com\/masteri-waterfront\/sale-agent\/?lang=en\" \/>\n<meta property=\"og:site_name\" content=\"Masteri Waterfront\" \/>\n<meta property=\"article:modified_time\" content=\"2023-11-20T02:53:37+00:00\" \/>\n<meta name=\"twitter:card\" content=\"summary_large_image\" \/>\n<script type=\"application\/ld+json\" class=\"yoast-schema-graph\">{\"@context\":\"https:\/\/schema.org\",\"@graph\":[{\"@type\":\"WebPage\",\"@id\":\"https:\/\/masterisehomes.com\/masteri-waterfront\/sale-agent\/?lang=en\",\"url\":\"https:\/\/masterisehomes.com\/masteri-waterfront\/sale-agent\/?lang=en\",\"name\":\"Sale Agent - Masteri Waterfront\",\"isPartOf\":{\"@id\":\"https:\/\/masterisehomes.com\/masteri-waterfront\/#website\"},\"datePublished\":\"2023-09-22T07:25:18+00:00\",\"dateModified\":\"2023-11-20T02:53:37+00:00\",\"breadcrumb\":{\"@id\":\"https:\/\/masterisehomes.com\/masteri-waterfront\/sale-agent\/?lang=en#breadcrumb\"},\"inLanguage\":\"vi-VN\",\"potentialAction\":[{\"@type\":\"ReadAction\",\"target\":[\"https:\/\/masterisehomes.com\/masteri-waterfront\/sale-agent\/?lang=en\"]}]},{\"@type\":\"BreadcrumbList\",\"@id\":\"https:\/\/masterisehomes.com\/masteri-waterfront\/sale-agent\/?lang=en#breadcrumb\",\"itemListElement\":[{\"@type\":\"ListItem\",\"position\":1,\"name\":\"Home\",\"item\":\"https:\/\/masterisehomes.com\/masteri-waterfront\/\"},{\"@type\":\"ListItem\",\"position\":2,\"name\":\"Sale Agent\"}]},{\"@type\":\"WebSite\",\"@id\":\"https:\/\/masterisehomes.com\/masteri-waterfront\/#website\",\"url\":\"https:\/\/masterisehomes.com\/masteri-waterfront\/\",\"name\":\"Masteri Waterfront\",\"description\":\"Masteri Waterfront\",\"potentialAction\":[{\"@type\":\"SearchAction\",\"target\":{\"@type\":\"EntryPoint\",\"urlTemplate\":\"https:\/\/masterisehomes.com\/masteri-waterfront\/?s={search_term_string}\"},\"query-input\":\"required name=search_term_string\"}],\"inLanguage\":\"vi-VN\"}]}<\/script>\n<!-- \/ Yoast SEO plugin. -->","yoast_head_json":{"title":"Sale Agent - Masteri Waterfront","robots":{"index":"index","follow":"follow","max-snippet":"max-snippet:-1","max-image-preview":"max-image-preview:large","max-video-preview":"max-video-preview:-1"},"canonical":"https:\/\/masterisehomes.com\/masteri-waterfront\/sale-agent\/","og_locale":"vi_VN","og_type":"article","og_title":"Sale Agent - Masteri Waterfront","og_url":"https:\/\/masterisehomes.com\/masteri-waterfront\/sale-agent\/?lang=en","og_site_name":"Masteri Waterfront","article_modified_time":"2023-11-20T02:53:37+00:00","twitter_card":"summary_large_image","schema":{"@context":"https:\/\/schema.org","@graph":[{"@type":"WebPage","@id":"https:\/\/masterisehomes.com\/masteri-waterfront\/sale-agent\/?lang=en","url":"https:\/\/masterisehomes.com\/masteri-waterfront\/sale-agent\/?lang=en","name":"Sale Agent - Masteri Waterfront","isPartOf":{"@id":"https:\/\/masterisehomes.com\/masteri-waterfront\/#website"},"datePublished":"2023-09-22T07:25:18+00:00","dateModified":"2023-11-20T02:53:37+00:00","breadcrumb":{"@id":"https:\/\/masterisehomes.com\/masteri-waterfront\/sale-agent\/?lang=en#breadcrumb"},"inLanguage":"vi-VN","potentialAction":[{"@type":"ReadAction","target":["https:\/\/masterisehomes.com\/masteri-waterfront\/sale-agent\/?lang=en"]}]},{"@type":"BreadcrumbList","@id":"https:\/\/masterisehomes.com\/masteri-waterfront\/sale-agent\/?lang=en#breadcrumb","itemListElement":[{"@type":"ListItem","position":1,"name":"Home","item":"https:\/\/masterisehomes.com\/masteri-waterfront\/"},{"@type":"ListItem","position":2,"name":"Sale Agent"}]},{"@type":"WebSite","@id":"https:\/\/masterisehomes.com\/masteri-waterfront\/#website","url":"https:\/\/masterisehomes.com\/masteri-waterfront\/","name":"Masteri Waterfront","description":"Masteri Waterfront","potentialAction":[{"@type":"SearchAction","target":{"@type":"EntryPoint","urlTemplate":"https:\/\/masterisehomes.com\/masteri-waterfront\/?s={search_term_string}"},"query-input":"required name=search_term_string"}],"inLanguage":"vi-VN"}]}},"acf":{"background_banner_agency":"https:\/\/masterisehomes.com\/masteri-waterfront\/wp-content\/uploads\/2023\/08\/Rectangle-3-scaled.jpg","title_banner_agency":"Sale Agent","breadcrumb_banner_agency":[{"name":"Home","link":"https:\/\/sites-test-2.masterisehomes.com\/masteri-waterfront\/?lang=en"},{"name":"Sale Agent","link":"javascript:void(0)"}],"ttile_agency_page":"Sales agent","content_agency_page":"With the motto of always putting customers at the center, Masterise homes has cooperated with many agents across the country to support customers in learning, consulting and having the most accurate information about the project and its policies. Exclusive books are only available to worthy owners.","list_agency_page":[{"logo":"https:\/\/masterisehomes.com\/masteri-waterfront\/wp-content\/uploads\/2023\/09\/Mask-group-8.png","name":"C\u00d4NG TY CP ONE MOUNT REAL ESTATE ","phone":"","link":""},{"logo":"https:\/\/masterisehomes.com\/masteri-waterfront\/wp-content\/uploads\/2023\/09\/Mask-group-4.png","name":"C\u00f4ng ty c\u1ed5 ph\u1ea7n TV&\u0110T LUXE HOMES","phone":"","link":""},{"logo":"https:\/\/masterisehomes.com\/masteri-waterfront\/wp-content\/uploads\/2023\/09\/Mask-group-9.png","name":"  C\u00d4NG TY CP PH\u00c1T TRI\u1ec2N B\u1ea4T \u0110\u1ed8NG S\u1ea2N MICC","phone":"","link":""},{"logo":"https:\/\/masterisehomes.com\/masteri-waterfront\/wp-content\/uploads\/2023\/09\/Mask-group-10.png","name":"  C\u00f4ng ty TNHH B\u1ea5t \u0110\u1ed9ng S\u1ea3n NovaSky","phone":"","link":""},{"logo":"https:\/\/masterisehomes.com\/masteri-waterfront\/wp-content\/uploads\/2023\/09\/Group-7-1.png","name":"C\u00f4ng ty CP d\u1ecbch v\u1ee5 v\u00e0 \u0111\u1ea7u t\u01b0 T\u00e2n Long","phone":"","link":""},{"logo":"https:\/\/masterisehomes.com\/masteri-waterfront\/wp-content\/uploads\/2023\/09\/Group-9.png","name":"C\u00d4NG TY CP\u0110T & PH\u00c1T TRI\u1ec2N \u0110\u1ea4T VI\u1ec6T PRO","phone":"","link":""},{"logo":"https:\/\/masterisehomes.com\/masteri-waterfront\/wp-content\/uploads\/2023\/09\/Group-10.png","name":"C\u00f4ng ty CP AZHousing","phone":"","link":""},{"logo":"https:\/\/masterisehomes.com\/masteri-waterfront\/wp-content\/uploads\/2023\/09\/Mask-group-11.png","name":"C\u00f4ng ty CP B\u1ea5t \u0110\u1ed9ng S\u1ea3n VHS","phone":"","link":""},{"logo":"https:\/\/masterisehomes.com\/masteri-waterfront\/wp-content\/uploads\/2023\/09\/Group-11.png","name":"  C\u00f4ng ty TNHH B\u1ea5t \u0110\u1ed9ng S\u1ea3n T\u00e2n H\u01b0\u01a1ng Ph\u00e1t","phone":"","link":""},{"logo":"https:\/\/masterisehomes.com\/masteri-waterfront\/wp-content\/uploads\/2023\/09\/Hd-homes.png","name":"C\u00f4ng ty C\u1ed5 Ph\u1ea7n B\u1ea5t \u0110\u1ed9ng S\u1ea3n HD Homes","phone":"","link":""},{"logo":"https:\/\/masterisehomes.com\/masteri-waterfront\/wp-content\/uploads\/2023\/09\/Group-15.png","name":"  C\u00f4ng ty CPPT \u0111\u1ecba \u1ed1c \u0110\u1ea5t V\u00e0ng (T\u00e2n Th\u1eddi \u0110\u1ea1i)","phone":"","link":""},{"logo":"https:\/\/masterisehomes.com\/masteri-waterfront\/wp-content\/uploads\/2023\/09\/Group-2.png","name":"Newway Realty \u2013 \u0110\u1ea1i l\u00fd Platinum ph\u00e2n ph\u1ed1i ch\u00ednh th\u1ee9c Vinhomes Ocean Park 3 The Crown","phone":"","link":""},{"logo":"https:\/\/masterisehomes.com\/masteri-waterfront\/wp-content\/uploads\/2023\/09\/Mask-group-13.png","name":"C\u00f4ng ty CPKD & PT \u0111\u1ecba \u1ed1c Vietstarland","phone":"","link":""},{"logo":"https:\/\/masterisehomes.com\/masteri-waterfront\/wp-content\/uploads\/2023\/09\/Mask-group-3.png","name":"C\u00f4ng ty CP T\u1eadp \u0111o\u00e0n QueenLand","phone":"","link":""},{"logo":"https:\/\/masterisehomes.com\/masteri-waterfront\/wp-content\/uploads\/2023\/09\/Mask-group-5.png","name":"C\u00f4ng ty TNHH PTTM B\u0110S NEWSTARLAND","phone":"","link":""},{"logo":"https:\/\/masterisehomes.com\/masteri-waterfront\/wp-content\/uploads\/2023\/09\/Mask-group-14.png","name":"C\u00f4ng ty CP D\u1ecbch v\u1ee5 & \u0110\u1ecba \u1ed1c \u0110\u1ea5t Xanh Mi\u1ec1n B\u1eafc ","phone":"","link":""},{"logo":"https:\/\/masterisehomes.com\/masteri-waterfront\/wp-content\/uploads\/2023\/09\/Group-5.png","name":"C\u00f4ng ty c\u1ed5 ph\u1ea7n TMDV \u0111\u1ecba \u1ed1c QTC","phone":"","link":""},{"logo":"https:\/\/masterisehomes.com\/masteri-waterfront\/wp-content\/uploads\/2023\/09\/Group-1.png","name":"  C\u00f4ng ty CP\u0110T B\u0110S L\u1ed9c \u0110i\u1ec1n Bighomes Group","phone":"","link":""},{"logo":"https:\/\/masterisehomes.com\/masteri-waterfront\/wp-content\/uploads\/2023\/09\/Group-17.png","name":"C\u00f4ng ty CP Kinh Doanh \u0110\u1ea7u T\u01b0 B\u0110S T\u00f9ng B\u00e1ch","phone":"","link":""},{"logo":"https:\/\/masterisehomes.com\/masteri-waterfront\/wp-content\/uploads\/2023\/09\/Group-18.png","name":"C\u00f4ng ty CP \u0110\u00f4ng T\u00e2y Land An C\u01b0 Mi\u1ec1n B\u1eafc","phone":"","link":""},{"logo":"https:\/\/masterisehomes.com\/masteri-waterfront\/wp-content\/uploads\/2023\/09\/Mask-group-7.png","name":"C\u00f4ng ty TNHH LDHousing Vi\u1ec7t Nam","phone":"","link":""},{"logo":"https:\/\/masterisehomes.com\/masteri-waterfront\/wp-content\/uploads\/2023\/09\/Home-plus.png","name":"C\u00f4ng ty c\u1ed5 ph\u1ea7n \u0111\u1ea7u t\u01b0 B\u0110S HOME PLUS","phone":"","link":""}]},"_links":{"self":[{"href":"https:\/\/masterisehomes.com\/masteri-waterfront\/wp-json\/wp\/v2\/pages\/3226","targetHints":{"allow":["GET"]}}],"collection":[{"href":"https:\/\/masterisehomes.com\/masteri-waterfront\/wp-json\/wp\/v2\/pages"}],"about":[{"href":"https:\/\/masterisehomes.com\/masteri-waterfront\/wp-json\/wp\/v2\/types\/page"}],"author":[{"embeddable":true,"href":"https:\/\/masterisehomes.com\/masteri-waterfront\/wp-json\/wp\/v2\/users\/1"}],"replies":[{"embeddable":true,"href":"https:\/\/masterisehomes.com\/masteri-waterfront\/wp-json\/wp\/v2\/comments?post=3226"}],"version-history":[{"count":6,"href":"https:\/\/masterisehomes.com\/masteri-waterfront\/wp-json\/wp\/v2\/pages\/3226\/revisions"}],"predecessor-version":[{"id":4177,"href":"https:\/\/masterisehomes.com\/masteri-waterfront\/wp-json\/wp\/v2\/pages\/3226\/revisions\/4177"}],"wp:attachment":[{"href":"https:\/\/masterisehomes.com\/masteri-waterfront\/wp-json\/wp\/v2\/media?parent=3226"}],"curies":[{"name":"wp","href":"https:\/\/api.w.org\/{rel}","templated":true}]}}