{"id":314,"date":"2023-08-16T04:50:40","date_gmt":"2023-08-16T04:50:40","guid":{"rendered":"https:\/\/masteri.starfruit.com.vn\/?page_id=314"},"modified":"2023-11-28T07:49:24","modified_gmt":"2023-11-28T07:49:24","slug":"tien-ich","status":"publish","type":"page","link":"https:\/\/masterisehomes.com\/masteri-waterfront\/tien-ich\/","title":{"rendered":"Ti\u1ec7n \u00edch"},"content":{"rendered":"","protected":false},"excerpt":{"rendered":"","protected":false},"author":1,"featured_media":0,"parent":0,"menu_order":0,"comment_status":"closed","ping_status":"closed","template":"template\/utility.php","meta":{"inline_featured_image":false,"footnotes":""},"class_list":["post-314","page","type-page","status-publish","hentry"],"yoast_head":"<!-- This site is optimized with the Yoast SEO plugin v20.13 - https:\/\/yoast.com\/wordpress\/plugins\/seo\/ -->\n<title>Ti\u1ec7n \u00edch - Masteri Waterfront<\/title>\n<meta name=\"robots\" content=\"index, follow, max-snippet:-1, max-image-preview:large, max-video-preview:-1\" \/>\n<link rel=\"canonical\" href=\"https:\/\/masterisehomes.com\/masteri-waterfront\/tien-ich\/\" \/>\n<meta property=\"og:locale\" content=\"vi_VN\" \/>\n<meta property=\"og:type\" content=\"article\" \/>\n<meta property=\"og:title\" content=\"Ti\u1ec7n \u00edch - Masteri Waterfront\" \/>\n<meta property=\"og:url\" content=\"https:\/\/masterisehomes.com\/masteri-waterfront\/tien-ich\/\" \/>\n<meta property=\"og:site_name\" content=\"Masteri Waterfront\" \/>\n<meta property=\"article:modified_time\" content=\"2023-11-28T07:49:24+00:00\" \/>\n<meta name=\"twitter:card\" content=\"summary_large_image\" \/>\n<script type=\"application\/ld+json\" class=\"yoast-schema-graph\">{\"@context\":\"https:\/\/schema.org\",\"@graph\":[{\"@type\":\"WebPage\",\"@id\":\"https:\/\/masterisehomes.com\/masteri-waterfront\/tien-ich\/\",\"url\":\"https:\/\/masterisehomes.com\/masteri-waterfront\/tien-ich\/\",\"name\":\"Ti\u1ec7n \u00edch - Masteri Waterfront\",\"isPartOf\":{\"@id\":\"https:\/\/masterisehomes.com\/masteri-waterfront\/#website\"},\"datePublished\":\"2023-08-16T04:50:40+00:00\",\"dateModified\":\"2023-11-28T07:49:24+00:00\",\"breadcrumb\":{\"@id\":\"https:\/\/masterisehomes.com\/masteri-waterfront\/tien-ich\/#breadcrumb\"},\"inLanguage\":\"vi-VN\",\"potentialAction\":[{\"@type\":\"ReadAction\",\"target\":[\"https:\/\/masterisehomes.com\/masteri-waterfront\/tien-ich\/\"]}]},{\"@type\":\"BreadcrumbList\",\"@id\":\"https:\/\/masterisehomes.com\/masteri-waterfront\/tien-ich\/#breadcrumb\",\"itemListElement\":[{\"@type\":\"ListItem\",\"position\":1,\"name\":\"Home\",\"item\":\"https:\/\/masterisehomes.com\/masteri-waterfront\/\"},{\"@type\":\"ListItem\",\"position\":2,\"name\":\"Ti\u1ec7n \u00edch\"}]},{\"@type\":\"WebSite\",\"@id\":\"https:\/\/masterisehomes.com\/masteri-waterfront\/#website\",\"url\":\"https:\/\/masterisehomes.com\/masteri-waterfront\/\",\"name\":\"Masteri Waterfront\",\"description\":\"Masteri Waterfront\",\"potentialAction\":[{\"@type\":\"SearchAction\",\"target\":{\"@type\":\"EntryPoint\",\"urlTemplate\":\"https:\/\/masterisehomes.com\/masteri-waterfront\/?s={search_term_string}\"},\"query-input\":\"required name=search_term_string\"}],\"inLanguage\":\"vi-VN\"}]}<\/script>\n<!-- \/ Yoast SEO plugin. -->","yoast_head_json":{"title":"Ti\u1ec7n \u00edch - Masteri Waterfront","robots":{"index":"index","follow":"follow","max-snippet":"max-snippet:-1","max-image-preview":"max-image-preview:large","max-video-preview":"max-video-preview:-1"},"canonical":"https:\/\/masterisehomes.com\/masteri-waterfront\/tien-ich\/","og_locale":"vi_VN","og_type":"article","og_title":"Ti\u1ec7n \u00edch - Masteri Waterfront","og_url":"https:\/\/masterisehomes.com\/masteri-waterfront\/tien-ich\/","og_site_name":"Masteri Waterfront","article_modified_time":"2023-11-28T07:49:24+00:00","twitter_card":"summary_large_image","schema":{"@context":"https:\/\/schema.org","@graph":[{"@type":"WebPage","@id":"https:\/\/masterisehomes.com\/masteri-waterfront\/tien-ich\/","url":"https:\/\/masterisehomes.com\/masteri-waterfront\/tien-ich\/","name":"Ti\u1ec7n \u00edch - Masteri Waterfront","isPartOf":{"@id":"https:\/\/masterisehomes.com\/masteri-waterfront\/#website"},"datePublished":"2023-08-16T04:50:40+00:00","dateModified":"2023-11-28T07:49:24+00:00","breadcrumb":{"@id":"https:\/\/masterisehomes.com\/masteri-waterfront\/tien-ich\/#breadcrumb"},"inLanguage":"vi-VN","potentialAction":[{"@type":"ReadAction","target":["https:\/\/masterisehomes.com\/masteri-waterfront\/tien-ich\/"]}]},{"@type":"BreadcrumbList","@id":"https:\/\/masterisehomes.com\/masteri-waterfront\/tien-ich\/#breadcrumb","itemListElement":[{"@type":"ListItem","position":1,"name":"Home","item":"https:\/\/masterisehomes.com\/masteri-waterfront\/"},{"@type":"ListItem","position":2,"name":"Ti\u1ec7n \u00edch"}]},{"@type":"WebSite","@id":"https:\/\/masterisehomes.com\/masteri-waterfront\/#website","url":"https:\/\/masterisehomes.com\/masteri-waterfront\/","name":"Masteri Waterfront","description":"Masteri Waterfront","potentialAction":[{"@type":"SearchAction","target":{"@type":"EntryPoint","urlTemplate":"https:\/\/masterisehomes.com\/masteri-waterfront\/?s={search_term_string}"},"query-input":"required name=search_term_string"}],"inLanguage":"vi-VN"}]}},"acf":{"background_banner_uti":"https:\/\/masterisehomes.com\/masteri-waterfront\/wp-content\/uploads\/2023\/10\/PC13--scaled.jpeg","title_banner_uti":"Ti\u1ec7n \u00edch","breadcrumb_banner_uti":[{"name":"Trang ch\u1ee7","link":"https:\/\/masterisehomes.com\/masteri-waterfront\/"},{"name":"Ti\u1ec7n \u00edch","link":"javascript:void(0)"}],"title_uti_connect":"Ti\u1ec7n \u00edch k\u1ebft n\u1ed1i v\u00f9ng","description_uti_connect":"V\u1edbi v\u1ecb tr\u00ed chi\u1ebfn l\u01b0\u1ee3c t\u1ea1i qu\u1eadn Gia L\u00e2m, Masteri Waterfront k\u1ebft n\u1ed1i d\u1ec5 d\u00e0ng v\u1edbi c\u00e1c khu trung t\u00e2m v\u00e0 v\u00f9ng kinh t\u1ebf tr\u1ecdng \u0111i\u1ec3m ph\u00eda B\u1eafc. H\u1ea1 t\u1ea7ng giao th\u00f4ng xung quanh d\u1ef1 \u00e1n \u0111ang ho\u00e0n thi\u1ec7n, mang l\u1ea1i ti\u1ec7n l\u1ee3i cho c\u01b0 d\u00e2n. \u0110\u00e2y kh\u00f4ng ch\u1ec9 l\u00e0 d\u1ef1 \u00e1n \u0111\u1eb3ng c\u1ea5p, m\u00e0 c\u00f2n l\u00e0 trung t\u00e2m k\u1ebft n\u1ed1i v\u00f9ng, m\u1edf ra nh\u1eefng c\u01a1 h\u1ed9i kh\u00e1m ph\u00e1 v\u00e0 ph\u00e1t tri\u1ec3n.","img_uti_connect":"https:\/\/masterisehomes.com\/masteri-waterfront\/wp-content\/uploads\/2023\/11\/TMB_OCP_up1.jpg","list_uti_connect":[{"name":"H\u1ed3 trung t\u00e2m c\u00e1t tr\u1eafng 24.5 ha"},{"name":"C\u00f4ng vi\u00ean BBQ "},{"name":"Bi\u1ec3n h\u1ed3 n\u01b0\u1edbc m\u1eb7n 6.1 ha"},{"name":"Qu\u1ea3ng tr\u01b0\u1eddng c\u00e1 voi"},{"name":"H\u1ed3 san h\u00f4 v\u00e0 c\u00f4ng vi\u00ean Gym"},{"name":"Khu \u0111\u1ed7 xe 5 t\u1ea7ng ti\u1ec7n \u00edch"},{"name":"Malibu Walk"},{"name":"Trung t\u00e2m th\u01b0\u01a1ng m\u1ea1i Vincom MegaMall"},{"name":"Techno Park Tower"},{"name":"B\u1ec7nh vi\u00ean Qu\u1ed1c t\u1ebf Vinmec"},{"name":"H\u1ec7 th\u1ed1ng tr\u01b0\u1eddng li\u00ean c\u1ea5p Vinschool"},{"name":"\u0110\u1ea1i h\u1ecdc VinUni"}],"title_uti_international":"Ti\u1ec7n \u00edch Chu\u1ea9n <br>qu\u1ed1c t\u1ebf","content_uti_international":"Masteri Waterfront, d\u1ef1 \u00e1n \u0111\u1ed9c \u0111\u00e1o, t\u1ea1o n\u00ean m\u1ed9t kh\u00f4ng gian s\u1ed1ng \u0111\u1eb3ng c\u1ea5p v\u1edbi 24 ti\u1ec7n \u00edch \u0111\u1eb7c quy\u1ec1n, bao g\u1ed3m 10 ti\u1ec7n \u00edch trong nh\u00e0 v\u00e0 14 ti\u1ec7n \u00edch ngo\u00e0i tr\u1eddi. C\u01b0 d\u00e2n t\u1eadn h\u01b0\u1edfng m\u1ed9t h\u1ec7 th\u1ed1ng ti\u1ec7n \u00edch \u0111a d\u1ea1ng v\u00e0 \u0111\u1ea7y \u0111\u1ee7, \u0111\u00e1p \u1ee9ng m\u1ecdi nhu c\u1ea7u c\u1ee7a c\u01b0 d\u00e2n, t\u1eeb th\u01b0 gi\u00e3n, gi\u1ea3i tr\u00ed cho \u0111\u1ebfn kh\u00e1m ph\u00e1, ki\u1ebfn t\u1ea1o nh\u1eefng gi\u00e1 tr\u1ecb tuy\u1ec7t v\u1eddi. Masteri Waterfront c\u0169ng \u0111\u1eb7t s\u1ef1 ri\u00eang t\u01b0 v\u00e0 an ninh gia \u0111\u00ecnh l\u00ean h\u00e0ng \u0111\u1ea7u, v\u1edbi h\u1ec7 th\u1ed1ng an ninh v\u00e0 b\u1ea3o m\u1eadt t\u1ed1t nh\u1ea5t hi\u1ec7n nay. T\u1ea5t c\u1ea3 c\u00e1c ti\u1ec7n \u00edch n\u00e0y \u0111\u01b0\u1ee3c thi\u1ebft k\u1ebf v\u00e0 x\u00e2y d\u1ef1ng theo ti\u00eau chu\u1ea9n Qu\u1ed1c t\u1ebf, mang \u0111\u1ebfn cho c\u01b0 d\u00e2n m\u1ed9t cu\u1ed9c s\u1ed1ng ti\u1ec7n nghi, ri\u00eang t\u01b0 v\u00e0 \u0111\u1eb3ng c\u1ea5p. ","list_uti_international":false,"title_uti_classify":"Ti\u1ec7n \u00edch chu\u1ea9n qu\u1ed1c t\u1ebf","list_uti_classify":[{"category":"Ti\u1ec7n \u00edch n\u1ed9i khu","list":[{"img":"https:\/\/masterisehomes.com\/masteri-waterfront\/wp-content\/uploads\/2023\/08\/176_09_malibu_shopfront_FINAL-DELIVERY_6000px-scaled.jpg","name":"Ph\u00e2n khu Malibu Walk - Khu th\u01b0\u01a1ng m\u1ea1i "},{"img":"https:\/\/masterisehomes.com\/masteri-waterfront\/wp-content\/uploads\/2023\/09\/Orchard-With-Blossom-scaled.jpg","name":"Ph\u00e2n khu Miami - Ti\u1ec7n \u00edch n\u1ed9i khu"},{"img":"https:\/\/masterisehomes.com\/masteri-waterfront\/wp-content\/uploads\/2023\/09\/N-05C_Lounge_70571_2020-06-09_1053-scaled.jpg","name":"Ph\u00e2n khu Miami - Business lounge"},{"img":"https:\/\/masterisehomes.com\/masteri-waterfront\/wp-content\/uploads\/2023\/09\/phong-tap-gym-masteri-waterfront-705x397-1.jpg","name":"Ph\u00e2n khu Miami - Ph\u00f2ng t\u1eadp Gym \u0111\u1eb3ng c\u1ea5p"},{"img":"https:\/\/masterisehomes.com\/masteri-waterfront\/wp-content\/uploads\/2023\/09\/kid-room-masteri-waterfront-705x397-1.jpg","name":"Ph\u00e2n khu Miami - Khu vui ch\u01a1i trong nh\u00e0"},{"img":"https:\/\/masterisehomes.com\/masteri-waterfront\/wp-content\/uploads\/2023\/10\/PC-16-scaled.jpeg","name":"Ph\u00e2n khu Hawaii - Ti\u1ec7n \u00edch n\u1ed9i khu"},{"img":"https:\/\/masterisehomes.com\/masteri-waterfront\/wp-content\/uploads\/2023\/10\/PC07-scaled.jpeg","name":"Ph\u00e2n khu Hawaii - Ti\u1ec7n \u00edch n\u1ed9i khu"},{"img":"https:\/\/masterisehomes.com\/masteri-waterfront\/wp-content\/uploads\/2023\/10\/PC08-scaled.jpeg","name":"Ph\u00e2n khu Hawaii - Ti\u1ec7n \u00edch n\u1ed9i khu"},{"img":"https:\/\/masterisehomes.com\/masteri-waterfront\/wp-content\/uploads\/2023\/10\/PC09-scaled.jpeg","name":"Ph\u00e2n khu Hawaii - Ti\u1ec7n \u00edch n\u1ed9i khu"},{"img":"https:\/\/masterisehomes.com\/masteri-waterfront\/wp-content\/uploads\/2023\/10\/PC10-scaled.jpeg","name":"Ph\u00e2n khu Hawaii - Ti\u1ec7n \u00edch n\u1ed9i khu"},{"img":"https:\/\/masterisehomes.com\/masteri-waterfront\/wp-content\/uploads\/2023\/10\/PC11-scaled.jpeg","name":"Ph\u00e2n khu Hawaii - Ti\u1ec7n \u00edch n\u1ed9i khu"},{"img":"https:\/\/masterisehomes.com\/masteri-waterfront\/wp-content\/uploads\/2023\/10\/PC12-scaled.jpeg","name":"Ph\u00e2n khu Hawaii - Ti\u1ec7n \u00edch n\u1ed9i khu"},{"img":"https:\/\/masterisehomes.com\/masteri-waterfront\/wp-content\/uploads\/2023\/10\/PC13-1-1-scaled.jpeg","name":"Ph\u00e2n khu Hawaii - Ti\u1ec7n \u00edch n\u1ed9i khu"},{"img":"https:\/\/masterisehomes.com\/masteri-waterfront\/wp-content\/uploads\/2023\/10\/PC14-scaled.jpeg","name":"Ph\u00e2n khu Hawaii - Ti\u1ec7n \u00edch n\u1ed9i khu"},{"img":"https:\/\/masterisehomes.com\/masteri-waterfront\/wp-content\/uploads\/2023\/10\/PC15-scaled.jpeg","name":"Ph\u00e2n khu Hawaii - Ti\u1ec7n \u00edch n\u1ed9i khu"},{"img":"https:\/\/masterisehomes.com\/masteri-waterfront\/wp-content\/uploads\/2023\/10\/PC16-scaled.jpeg","name":"Ph\u00e2n khu Hawaii - Ti\u1ec7n \u00edch n\u1ed9i khu"},{"img":"https:\/\/masterisehomes.com\/masteri-waterfront\/wp-content\/uploads\/2023\/10\/PC17-scaled.jpeg","name":"Ph\u00e2n khu Hawaii - Ti\u1ec7n \u00edch n\u1ed9i khu"},{"img":"https:\/\/masterisehomes.com\/masteri-waterfront\/wp-content\/uploads\/2023\/10\/PC18-scaled.jpeg","name":"Ph\u00e2n khu Hawaii - Ti\u1ec7n \u00edch n\u1ed9i khu"},{"img":"https:\/\/masterisehomes.com\/masteri-waterfront\/wp-content\/uploads\/2023\/10\/PC-56-scaled.jpeg","name":"Ph\u00e2n khu Hawaii - Ti\u1ec7n \u00edch n\u1ed9i khu"},{"img":"https:\/\/masterisehomes.com\/masteri-waterfront\/wp-content\/uploads\/2023\/10\/PC47-scaled.jpeg","name":"Ph\u00e2n khu Hawaii - Ti\u1ec7n \u00edch n\u1ed9i khu"},{"img":"https:\/\/masterisehomes.com\/masteri-waterfront\/wp-content\/uploads\/2023\/10\/PC49-scaled.jpeg","name":"Ph\u00e2n khu Hawaii - Ti\u1ec7n \u00edch n\u1ed9i khu"},{"img":"https:\/\/masterisehomes.com\/masteri-waterfront\/wp-content\/uploads\/2023\/10\/PC50-scaled.jpeg","name":"Ph\u00e2n khu Hawaii - Ti\u1ec7n \u00edch n\u1ed9i khu"},{"img":"https:\/\/masterisehomes.com\/masteri-waterfront\/wp-content\/uploads\/2023\/10\/PC51-1-scaled.jpeg","name":"Ph\u00e2n khu Hawaii - Ti\u1ec7n \u00edch n\u1ed9i khu"},{"img":"https:\/\/masterisehomes.com\/masteri-waterfront\/wp-content\/uploads\/2023\/10\/PC52-scaled.jpeg","name":"Ph\u00e2n khu Hawaii - Ti\u1ec7n \u00edch n\u1ed9i khu"},{"img":"https:\/\/masterisehomes.com\/masteri-waterfront\/wp-content\/uploads\/2023\/10\/pc53-scaled.jpeg","name":"Ph\u00e2n khu Hawaii - Ti\u1ec7n \u00edch n\u1ed9i khu"},{"img":"https:\/\/masterisehomes.com\/masteri-waterfront\/wp-content\/uploads\/2023\/10\/PC54-scaled.jpeg","name":"Ph\u00e2n khu Hawaii - Ti\u1ec7n \u00edch n\u1ed9i khu"},{"img":"https:\/\/masterisehomes.com\/masteri-waterfront\/wp-content\/uploads\/2023\/10\/PC55-scaled.jpeg","name":"Ph\u00e2n khu Hawaii - Ti\u1ec7n \u00edch n\u1ed9i khu"},{"img":"https:\/\/masterisehomes.com\/masteri-waterfront\/wp-content\/uploads\/2023\/10\/PC59-scaled.jpeg","name":"Ph\u00e2n khu Hawaii - Ti\u1ec7n \u00edch n\u1ed9i khu"},{"img":"https:\/\/masterisehomes.com\/masteri-waterfront\/wp-content\/uploads\/2023\/10\/PC63-scaled.jpeg","name":"Ph\u00e2n khu Hawaii - Ti\u1ec7n \u00edch n\u1ed9i khu"}]},{"category":"Ti\u1ec7n \u00edch ngo\u1ea1i khu","list":[{"img":"https:\/\/masterisehomes.com\/masteri-waterfront\/wp-content\/uploads\/2023\/09\/vnp_vin_uni_2.jpeg","name":"\u0110\u1ea1i h\u1ecdc"},{"img":"https:\/\/masterisehomes.com\/masteri-waterfront\/wp-content\/uploads\/2023\/09\/anh_4_11.jpeg","name":"Bi\u1ec3n H\u1ed3 n\u01b0\u1edbc m\u1eb7n 6,2 ha "},{"img":"https:\/\/masterisehomes.com\/masteri-waterfront\/wp-content\/uploads\/2023\/09\/vinschool-ocean-park-2.jpeg","name":"Tr\u01b0\u1eddng li\u00ean c\u1ea5p"},{"img":"https:\/\/masterisehomes.com\/masteri-waterfront\/wp-content\/uploads\/2023\/09\/Vincom-Mega-Mall-Ocean-Park_brands-1.jpeg","name":"Trung t\u00e2m th\u01b0\u01a1ng m\u1ea1i"},{"img":"https:\/\/masterisehomes.com\/masteri-waterfront\/wp-content\/uploads\/2023\/09\/Benh-vien-Da-khoa-Quoc-te-Vinmec.jpeg","name":"B\u1ec7nh vi\u1ec7n"}]}],"background_uti_view":"https:\/\/masterisehomes.com\/masteri-waterfront\/wp-content\/uploads\/2023\/08\/Frame-427320203.jpg","title_uti_view":"Masteri Waterfront","subtitle_uti_view":"S\u1ed1ng ti\u1ec7n nghi, b\u1eaft tr\u1ecdn t\u1eebng kho\u1ea3nh kh\u1eafc","content_uti_view":"Masteri Waterfront mang \u0111\u1ebfn cho b\u1ea1n m\u1ed9t cu\u1ed9c s\u1ed1ng \u0111\u1ea7y phong c\u00e1ch v\u00e0 \u0111\u1ed9c \u0111\u00e1o. V\u1edbi kh\u00f4ng gian s\u1ed1ng trong l\u00e0nh, thi\u1ebft k\u1ebf \u0111\u1ec9nh cao v\u00e0 c\u00e1c d\u1ecbch v\u1ee5 ti\u1ec7n \u00edch tr\u00ean c\u1ea3 tuy\u1ec7t v\u1eddi, \u0111\u00e2y l\u00e0 n\u01a1i b\u1ea1n c\u00f3 th\u1ec3 tr\u1ea3i nghi\u1ec7m nh\u1eefng \u0111i\u1ec1u \u0111\u1ed9c nh\u1ea5t v\u00f4 nh\u1ecb. H\u00e3y s\u1ed1ng tr\u1ecdn t\u1eebng kho\u1ea3nh kh\u1eafc t\u1ea1i Masteri Waterfront.","title_uti_system":"T\u00e2m \u0111i\u1ec3m h\u1ec7 ti\u1ec7n \u00edch 360","content_uti_system":"<p><span style=\"font-weight: 400;\">Masteri Waterfront n\u1eb1m gi\u1eefa t\u00e2m \u0111i\u1ec3m ti\u1ec7n \u00edch 2 l\u1edbp, mang \u0111\u1ebfn cho c\u01b0 d\u00e2n nh\u1eefng tr\u1ea3i nghi\u1ec7m kh\u00e1c bi\u1ec7t t\u1eeb danh m\u1ee5c ti\u1ec7n \u00edch \u0111\u1ed3 s\u1ed9 c\u1ee7a \u0111\u00f4 th\u1ecb Ocean Park cho \u0111\u1ebfn nh\u1eefng ti\u1ec7n \u00edch n\u1ed9i khu tuy\u1ec7t v\u1eddi, ch\u1ec9 d\u00e0nh ri\u00eang cho c\u01b0 d\u00e2n. <\/span><\/p>\n<p><span style=\"font-weight: 400;\">V\u1edbi s\u1ef1 k\u1ebft h\u1ee3p ho\u00e0n h\u1ea3o gi\u1eefa ti\u1ec7n \u00edch ngo\u1ea1i v\u00e0 n\u1ed9i khu, Masteri Waterfront l\u00e0 n\u01a1i c\u01b0 d\u00e2n c\u00f3 th\u1ec3 t\u1eadn h\u01b0\u1edfng cu\u1ed9c s\u1ed1ng \u0111\u1eb3ng c\u1ea5p, ti\u1ec7n nghi v\u00e0 ri\u00eang t\u01b0 m\u00e0 kh\u00f4ng c\u1ea7n ph\u1ea3i \u0111i \u0111\u00e2u xa.<\/span><\/p>\n","list_uti_system":[{"img":"https:\/\/masterisehomes.com\/masteri-waterfront\/wp-content\/uploads\/2023\/09\/Picture11-1030x579-1.jpg","name":"H\u1ed3 Ng\u1ecdc Trai 24,5ha"},{"img":"https:\/\/masterisehomes.com\/masteri-waterfront\/wp-content\/uploads\/2023\/09\/anh_4_11.jpeg","name":"Bi\u1ec3n H\u1ed3 n\u01b0\u1edbc m\u1eb7n 6,1 ha "},{"img":"https:\/\/masterisehomes.com\/masteri-waterfront\/wp-content\/uploads\/2023\/09\/tien-ich-ngoai-khu-the-zurich-vinhomes-ocean-park-1030x579-1.jpg","name":"Ti\u1ec7n \u00edch c\u00f4ng vi\u00ean h\u1ed3 San H\u00f4"},{"img":"https:\/\/masterisehomes.com\/masteri-waterfront\/wp-content\/uploads\/2023\/09\/truong-hoc-brighton-college-vietnam-1030x579-1.jpg","name":"Tr\u01b0\u1eddng Brighton College Vietnam"},{"img":"https:\/\/masterisehomes.com\/masteri-waterfront\/wp-content\/uploads\/2023\/09\/cong-vien-royal-wave-park.jpg","name":"C\u00f4ng vi\u00ean Royal Wave Park"},{"img":"https:\/\/masterisehomes.com\/masteri-waterfront\/wp-content\/uploads\/2023\/09\/tien_ich_vinhomes_ocean_park_3_the_crown_dai_an_11-1030x579-1.jpg","name":"C\u00f4ng vi\u00ean trung t\u00e2m VHOCP3"},{"img":"https:\/\/masterisehomes.com\/masteri-waterfront\/wp-content\/uploads\/2023\/08\/PC17-scaled.jpeg","name":"Khu n\u01b0\u1edbng BBQ "},{"img":"https:\/\/masterisehomes.com\/masteri-waterfront\/wp-content\/uploads\/2023\/08\/Rectangle-23-1.png","name":"H\u1ed3 L\u1edbn trung t\u00e2m 24ha"},{"img":"https:\/\/masterisehomes.com\/masteri-waterfront\/wp-content\/uploads\/2023\/09\/quang-truong-ca-voi.jpeg","name":"Qu\u1ea3ng tr\u01b0\u1eddng c\u00e1 voi"},{"img":"https:\/\/masterisehomes.com\/masteri-waterfront\/wp-content\/uploads\/2023\/09\/405229292.jpeg","name":"Khu \u0111\u1ec3 xe 5 t\u1ea7ng"},{"img":"https:\/\/masterisehomes.com\/masteri-waterfront\/wp-content\/uploads\/2023\/09\/Benh-vien-Da-khoa-Quoc-te-Vinmec.jpeg","name":"B\u1ec7nh vi\u1ec7n Vinmec"},{"img":"https:\/\/masterisehomes.com\/masteri-waterfront\/wp-content\/uploads\/2023\/09\/Vincom-Mega-Mall-Ocean-Park_brands-1.jpeg","name":"Trung t\u00e2m th\u01b0\u01a1ng m\u1ea1i"},{"img":"https:\/\/masterisehomes.com\/masteri-waterfront\/wp-content\/uploads\/2023\/09\/vinschool-ocean-park-2.jpeg","name":"Tr\u01b0\u1eddng h\u1ecdc li\u00ean c\u1ea5p"}],"background_service_uti":"https:\/\/masterisehomes.com\/masteri-waterfront\/wp-content\/uploads\/2023\/10\/PC51-scaled.jpeg","title_service_uti":"Tr\u1ea3i nghi\u1ec7m s\u1ed1ng kh\u00e1c bi\u1ec7t","content_service_uti":"S\u1ed1ng kh\u00e1c bi\u1ec7t t\u1ea1i Masteri Waterfront l\u00e0 b\u1eaft tr\u1ecdn t\u1eebng gi\u00e2y ph\u00fat th\u0103ng hoa trong cu\u1ed9c s\u1ed1ng, n\u01a1i ki\u1ebfn tr\u00fac sang tr\u1ecdng, kh\u00f4ng gian xanh m\u00e1t v\u00e0 ti\u1ec7n \u00edch chu\u1ea9n Qu\u1ed1c t\u1ebf h\u00f2a quy\u1ec7n t\u1ea1o n\u00ean tr\u1ea3i nghi\u1ec7m s\u1ed1ng \u0111\u1ed9c \u0111\u00e1o.\r\n"},"_links":{"self":[{"href":"https:\/\/masterisehomes.com\/masteri-waterfront\/wp-json\/wp\/v2\/pages\/314","targetHints":{"allow":["GET"]}}],"collection":[{"href":"https:\/\/masterisehomes.com\/masteri-waterfront\/wp-json\/wp\/v2\/pages"}],"about":[{"href":"https:\/\/masterisehomes.com\/masteri-waterfront\/wp-json\/wp\/v2\/types\/page"}],"author":[{"embeddable":true,"href":"https:\/\/masterisehomes.com\/masteri-waterfront\/wp-json\/wp\/v2\/users\/1"}],"replies":[{"embeddable":true,"href":"https:\/\/masterisehomes.com\/masteri-waterfront\/wp-json\/wp\/v2\/comments?post=314"}],"version-history":[{"count":56,"href":"https:\/\/masterisehomes.com\/masteri-waterfront\/wp-json\/wp\/v2\/pages\/314\/revisions"}],"predecessor-version":[{"id":4193,"href":"https:\/\/masterisehomes.com\/masteri-waterfront\/wp-json\/wp\/v2\/pages\/314\/revisions\/4193"}],"wp:attachment":[{"href":"https:\/\/masterisehomes.com\/masteri-waterfront\/wp-json\/wp\/v2\/media?parent=314"}],"curies":[{"name":"wp","href":"https:\/\/api.w.org\/{rel}","templated":true}]}}