{"id":272,"date":"2023-08-16T02:19:49","date_gmt":"2023-08-16T02:19:49","guid":{"rendered":"https:\/\/masteri.starfruit.com.vn\/?page_id=272"},"modified":"2024-10-16T08:06:56","modified_gmt":"2024-10-16T08:06:56","slug":"gioi-thieu","status":"publish","type":"page","link":"https:\/\/masterisehomes.com\/masteri-waterfront\/gioi-thieu\/","title":{"rendered":"Gi\u1edbi thi\u1ec7u"},"content":{"rendered":"","protected":false},"excerpt":{"rendered":"","protected":false},"author":1,"featured_media":0,"parent":0,"menu_order":0,"comment_status":"closed","ping_status":"closed","template":"template\/about.php","meta":{"inline_featured_image":false,"footnotes":""},"class_list":["post-272","page","type-page","status-publish","hentry"],"yoast_head":"<!-- This site is optimized with the Yoast SEO plugin v20.13 - https:\/\/yoast.com\/wordpress\/plugins\/seo\/ -->\n<title>Gi\u1edbi thi\u1ec7u - Masteri Waterfront<\/title>\n<meta name=\"robots\" content=\"index, follow, max-snippet:-1, max-image-preview:large, max-video-preview:-1\" \/>\n<link rel=\"canonical\" href=\"https:\/\/masterisehomes.com\/masteri-waterfront\/gioi-thieu\/\" \/>\n<meta property=\"og:locale\" content=\"vi_VN\" \/>\n<meta property=\"og:type\" content=\"article\" \/>\n<meta property=\"og:title\" content=\"Gi\u1edbi thi\u1ec7u - Masteri Waterfront\" \/>\n<meta property=\"og:url\" content=\"https:\/\/masterisehomes.com\/masteri-waterfront\/gioi-thieu\/\" \/>\n<meta property=\"og:site_name\" content=\"Masteri Waterfront\" \/>\n<meta property=\"article:modified_time\" content=\"2024-10-16T08:06:56+00:00\" \/>\n<meta name=\"twitter:card\" content=\"summary_large_image\" \/>\n<script type=\"application\/ld+json\" class=\"yoast-schema-graph\">{\"@context\":\"https:\/\/schema.org\",\"@graph\":[{\"@type\":\"WebPage\",\"@id\":\"https:\/\/masterisehomes.com\/masteri-waterfront\/gioi-thieu\/\",\"url\":\"https:\/\/masterisehomes.com\/masteri-waterfront\/gioi-thieu\/\",\"name\":\"Gi\u1edbi thi\u1ec7u - Masteri Waterfront\",\"isPartOf\":{\"@id\":\"https:\/\/masterisehomes.com\/masteri-waterfront\/#website\"},\"datePublished\":\"2023-08-16T02:19:49+00:00\",\"dateModified\":\"2024-10-16T08:06:56+00:00\",\"breadcrumb\":{\"@id\":\"https:\/\/masterisehomes.com\/masteri-waterfront\/gioi-thieu\/#breadcrumb\"},\"inLanguage\":\"vi-VN\",\"potentialAction\":[{\"@type\":\"ReadAction\",\"target\":[\"https:\/\/masterisehomes.com\/masteri-waterfront\/gioi-thieu\/\"]}]},{\"@type\":\"BreadcrumbList\",\"@id\":\"https:\/\/masterisehomes.com\/masteri-waterfront\/gioi-thieu\/#breadcrumb\",\"itemListElement\":[{\"@type\":\"ListItem\",\"position\":1,\"name\":\"Home\",\"item\":\"https:\/\/masterisehomes.com\/masteri-waterfront\/\"},{\"@type\":\"ListItem\",\"position\":2,\"name\":\"Gi\u1edbi thi\u1ec7u\"}]},{\"@type\":\"WebSite\",\"@id\":\"https:\/\/masterisehomes.com\/masteri-waterfront\/#website\",\"url\":\"https:\/\/masterisehomes.com\/masteri-waterfront\/\",\"name\":\"Masteri Waterfront\",\"description\":\"Masteri Waterfront\",\"potentialAction\":[{\"@type\":\"SearchAction\",\"target\":{\"@type\":\"EntryPoint\",\"urlTemplate\":\"https:\/\/masterisehomes.com\/masteri-waterfront\/?s={search_term_string}\"},\"query-input\":\"required name=search_term_string\"}],\"inLanguage\":\"vi-VN\"}]}<\/script>\n<!-- \/ Yoast SEO plugin. -->","yoast_head_json":{"title":"Gi\u1edbi thi\u1ec7u - Masteri Waterfront","robots":{"index":"index","follow":"follow","max-snippet":"max-snippet:-1","max-image-preview":"max-image-preview:large","max-video-preview":"max-video-preview:-1"},"canonical":"https:\/\/masterisehomes.com\/masteri-waterfront\/gioi-thieu\/","og_locale":"vi_VN","og_type":"article","og_title":"Gi\u1edbi thi\u1ec7u - Masteri Waterfront","og_url":"https:\/\/masterisehomes.com\/masteri-waterfront\/gioi-thieu\/","og_site_name":"Masteri Waterfront","article_modified_time":"2024-10-16T08:06:56+00:00","twitter_card":"summary_large_image","schema":{"@context":"https:\/\/schema.org","@graph":[{"@type":"WebPage","@id":"https:\/\/masterisehomes.com\/masteri-waterfront\/gioi-thieu\/","url":"https:\/\/masterisehomes.com\/masteri-waterfront\/gioi-thieu\/","name":"Gi\u1edbi thi\u1ec7u - Masteri Waterfront","isPartOf":{"@id":"https:\/\/masterisehomes.com\/masteri-waterfront\/#website"},"datePublished":"2023-08-16T02:19:49+00:00","dateModified":"2024-10-16T08:06:56+00:00","breadcrumb":{"@id":"https:\/\/masterisehomes.com\/masteri-waterfront\/gioi-thieu\/#breadcrumb"},"inLanguage":"vi-VN","potentialAction":[{"@type":"ReadAction","target":["https:\/\/masterisehomes.com\/masteri-waterfront\/gioi-thieu\/"]}]},{"@type":"BreadcrumbList","@id":"https:\/\/masterisehomes.com\/masteri-waterfront\/gioi-thieu\/#breadcrumb","itemListElement":[{"@type":"ListItem","position":1,"name":"Home","item":"https:\/\/masterisehomes.com\/masteri-waterfront\/"},{"@type":"ListItem","position":2,"name":"Gi\u1edbi thi\u1ec7u"}]},{"@type":"WebSite","@id":"https:\/\/masterisehomes.com\/masteri-waterfront\/#website","url":"https:\/\/masterisehomes.com\/masteri-waterfront\/","name":"Masteri Waterfront","description":"Masteri Waterfront","potentialAction":[{"@type":"SearchAction","target":{"@type":"EntryPoint","urlTemplate":"https:\/\/masterisehomes.com\/masteri-waterfront\/?s={search_term_string}"},"query-input":"required name=search_term_string"}],"inLanguage":"vi-VN"}]}},"acf":{"background_banner_about":"https:\/\/masterisehomes.com\/masteri-waterfront\/wp-content\/uploads\/2023\/10\/PC05-scaled-e1698137373549.jpeg","title_banner_about":"Gi\u1edbi thi\u1ec7u","breadcrumb_banner_about":[{"name":"Trang ch\u1ee7","link":"https:\/\/masterisehomes.com\/masteri-waterfront\/"},{"name":"Gi\u1edbi thi\u1ec7u","link":"javascript:void(0)"}],"title_about_number":"Masteri  Waterfront","description_about_number":"<p>Masteri Waterfront ch\u00ednh l\u00e0 t\u00e2m \u0111i\u1ec3m s\u1ed1ng th\u1eddi th\u01b0\u1ee3ng m\u1edbi, n\u01a1i h\u1ed9i t\u1ee5 c\u1ee7a nh\u1eefng tinh hoa duy m\u1ef9 nh\u1ea5t, \u0111\u01b0\u1ee3c thi\u1ebft k\u1ebf v\u1edbi phong c\u00e1ch sang tr\u1ecdng, hi\u1ec7n \u0111\u1ea1i v\u00e0 tinh t\u1ebf trong t\u1eebng \u0111\u01b0\u1eddng n\u00e9t v\u1edbi h\u1ec7 th\u1ed1ng ti\u1ec7n \u00edch \u0111\u1eb3ng c\u1ea5p t\u1ea1o n\u00ean d\u1ea5u \u1ea5n v\u1ecb th\u1ebf c\u1ee7a m\u1ed9t khu \u0111\u00f4 th\u1ecb chu\u1ea9n Qu\u1ed1c t\u1ebf.<\/p>\n<p>Masteri Waterfront \u0111\u01b0\u1ee3c ph\u00e1t tri\u1ec3n b\u1edfi Masterise Homes \u2013 th\u00e0nh vi\u00ean t\u1eadp \u0111o\u00e0n Masterise Group, nh\u00e0 ph\u00e1t tri\u1ec3n b\u1ea5t \u0111\u1ed9ng s\u1ea3n Qu\u1ed1c t\u1ebf ti\u00ean phong \u00e1p d\u1ee5ng c\u00e1c chu\u1ea9n m\u1ef1c to\u00e0n c\u1ea7u v\u00e0o vi\u1ec7c ph\u00e1t tri\u1ec3n, v\u1eadn h\u00e0nh v\u00e0 qu\u1ea3n l\u00fd c\u00e1c s\u1ea3n ph\u1ea9m, d\u1ecbch v\u1ee5 b\u1ea5t \u0111\u1ed9ng s\u1ea3n t\u1ea1i Vi\u1ec7t Nam v\u00e0 th\u1ebf gi\u1edbi.<\/p>\n","param_about_number":[{"number":"03","text":"Ph\u00e2n khu"},{"number":"3.837","text":"T\u1ed5ng s\u1ed1 c\u0103n h\u1ed9 (c\u0103n)"},{"number":"37.525","text":"T\u1ed5ng di\u1ec7n t\u00edch (m2)"},{"number":"27","text":"M\u1eadt \u0111\u1ed9 x\u00e2y d\u1ef1ng (%)"}],"title_about_position":"thu\u1eadn ti\u1ec7n<br> k\u1ebft n\u1ed1i ","content_about_position":"Masteri Waterfront t\u1ecda l\u1ea1c t\u1ea1i v\u1ecb tr\u00ed chi\u1ebfn l\u01b0\u1ee3c \u1edf n\u00fat giao v\u00e0ng c\u1ee7a qu\u1eadn Gia L\u00e2m v\u1edbi 4 tuy\u1ebfn \u0111\u01b0\u1eddng huy\u1ebft m\u1ea1ch c\u00f9ng h\u1ea1 t\u1ea7ng giao th\u00f4ng \u0111ang \u0111\u01b0\u1ee3c \u0111\u1ea7u t\u01b0 ph\u00e1t tri\u1ec3n m\u1ea1nh m\u1ebd, k\u1ebft n\u1ed1i d\u1ec5 d\u00e0ng v\u1edbi c\u00e1c khu trung t\u00e2m h\u00e0nh ch\u00ednh, v\u0103n h\u00f3a c\u1ee7a Th\u1ee7 \u0111\u00f4 v\u00e0 v\u00f9ng kinh t\u1ebf tr\u1ecdng \u0111i\u1ec3m ph\u00eda B\u1eafc. Nh\u1edd v\u1eady Masteri Waterfront tr\u1edf th\u00e0nh d\u1ea5u \u1ea5n n\u1ed5i b\u1eadt ph\u00eda \u0111\u00f4ng th\u1ee7 \u0111\u00f4.","background_about_view":"https:\/\/masterisehomes.com\/masteri-waterfront\/wp-content\/uploads\/2023\/08\/Frame-427320203.jpg","subtitle_about_view":"Kh\u00e1c bi\u1ec7t t\u1eeb","title_about_view":"V\u1ecb tr\u00ed \u0111\u1ed9c t\u00f4n","content_about_view":"S\u1edf h\u1eefu v\u1ecb tr\u00ed \u201cKim C\u01b0\u01a1ng\u201d ngay trong trung t\u00e2m \u0111\u1ea1i \u0111\u00f4 th\u1ecb Ocean Park, d\u1ef1 \u00e1n c\u00f3 t\u1ea7m nh\u00ecn tuy\u1ec7t \u0111\u1eb9p h\u01b0\u1edbng ra h\u1ed3 trung t\u00e2m tr\u1ea3i c\u00e1t tr\u1eafng 24,5 ha c\u00f9ng bi\u1ec3n h\u1ed3 n\u01b0\u1edbc m\u1eb7n 6,1ha. Masteri Waterfront l\u00e0 m\u1ed9t l\u1ef1a ch\u1ecdn l\u00fd t\u01b0\u1edfng cho nh\u1eefng ai \u0111ang t\u00ecm ki\u1ebfm m\u1ed9t n\u01a1i an c\u01b0 l\u00fd t\u01b0\u1edfng, m\u1ed9t n\u01a1i t\u1eadn h\u01b0\u1edfng cu\u1ed9c s\u1ed1ng ti\u1ec7n nghi, \u0111\u1eb3ng c\u1ea5p.","title_about_total":"T\u1ed5ng m\u1eb7t b\u1eb1ng","content_about_total":"V\u1edbi quy m\u00f4 d\u1ef1 \u00e1n l\u00e0 3 ph\u00e2n khu, Masteri Waterfront \u0111\u01b0\u1ee3c quy ho\u1ea1ch th\u00e0nh kh\u00f4ng gian s\u1ed1ng th\u1eddi th\u01b0\u1ee3ng kh\u00e1c bi\u1ec7t, \u0111\u00e1p \u1ee9ng m\u1ecdi nhu c\u1ea7u c\u1ee7a c\u01b0 d\u00e2n, gi\u00fap ch\u00fang ta s\u1ed1ng tr\u1ecdn t\u1eebng kho\u1ea3nh kh\u1eafc v\u00e0 ch\u1ea1m t\u1edbi s\u1ef1 th\u0103ng hoa trong cu\u1ed9c s\u1ed1ng.","image_about_total":"https:\/\/masterisehomes.com\/masteri-waterfront\/wp-content\/uploads\/2024\/10\/Frame-427320397-min-1.jpg","title_about_design":"C\u1ea3m h\u1ee9ng thi\u1ebft k\u1ebf","description_about_design":"S\u1ef1 k\u1ebft h\u1ee3p h\u00e0i h\u00f2a gi\u1eefa nhi\u1ec1u ngu\u1ed3n c\u1ea3m h\u1ee9ng, \u0111\u01b0\u1ee3c trau chu\u1ed1t t\u1ec9 m\u1ec9 t\u1eebng chi ti\u1ebft \u0111\u00e3 t\u1ea1o n\u00ean m\u1ed9t khu \u0111\u00f4 th\u1ecb b\u1eadc nh\u1ea5t mang \u0111\u1ebfn cho c\u01b0 d\u00e2n m\u1ed9t cu\u1ed9c s\u1ed1ng hi\u1ec7n \u0111\u1ea1i, ti\u1ec7n nghi, \u0111\u1eb3ng c\u1ea5p v\u00e0 \u0111\u1eadm ch\u1ea5t ngh\u1ec7 thu\u1eadt.","param_about_design":[{"title":"Thi\u1ebft k\u1ebf ki\u1ebfn tr\u00fac","content":"T\u1eeb \u0111\u01a1n v\u1ecb t\u01b0 v\u1ea5n n\u1ed5i ti\u1ebfng Tange Associates (Nh\u1eadt B\u1ea3n), l\u1ea5y c\u1ea3m h\u1ee9ng t\u1eeb nh\u1eefng con s\u00f3ng \u0111\u1ea1i d\u01b0\u01a1ng, th\u1ec3 hi\u1ec7n qua c\u00e1c thanh ngang ch\u1ea1y d\u1ecdc to\u00e0n b\u1ed9 facade to\u00e0 nh\u00e0. Thi\u00ea\u0301t k\u00ea\u0301 ki\u00ea\u0301n tru\u0301c v\u01a1\u0301i h\u1eb9\u0302 c\u01b0\u0309a ki\u0301nh Low-E cha\u0323m tr\u00e2\u0300n (full-height glass) kh\u00f4ng ch\u1ec9 \u0111em \u0111\u1ebfn n\u00e9t \u0111\u1eb9p th\u1ea9m m\u1ef9 m\u00e0 c\u00f2n gi\u00fap ti\u1ebft ki\u1ec7m n\u0103ng l\u01b0\u1ee3ng, m\u01a1\u0309 r\u1ecd\u0302ng t\u00f4\u0301i \u0111a t\u00e2\u0300m nhi\u0300n, t\u1ed1i \u01b0u \u00e1nh s\u00e1ng v\u00e0 \u0111\u00f3n gi\u00f3 t\u1ef1 nhi\u00ean \u0111\u1ebfn t\u1eebng kh\u00f4ng gian s\u1ed1ng. ","img":"https:\/\/masterisehomes.com\/masteri-waterfront\/wp-content\/uploads\/2023\/10\/mth_mst_Waterfront_view-02_a04-scaled.jpg"},{"title":"Thi\u1ebft k\u1ebf n\u1ed9i th\u1ea5t","content":"T\u1eeb t\u1eadp \u0111o\u00e0n thi\u1ebft k\u1ebf s\u1ed1 1 th\u1ebf gi\u1edbi Studio HBA (M\u1ef9), mang h\u01a1i th\u1edf hi\u1ec7n \u0111\u1ea1i kh\u00e9o l\u00e9o k\u1ebft h\u1ee3p v\u1edbi gam m\u00e0u nh\u1eb9 nh\u00e0ng: gam m\u00e0u c\u00e1t c\u1ee7a bi\u1ec3n c\u1ea3, m\u00e0u xanh lam c\u1ee7a nh\u1eefng con s\u00f3ng v\u00e0 m\u00e0u xanh l\u00e1 c\u1ee7a nh\u1eefng t\u00e1n c\u00e2y t\u01b0\u01a1i m\u00e1t.","img":"https:\/\/masterisehomes.com\/masteri-waterfront\/wp-content\/uploads\/2023\/10\/N-05B_T30-Lounge_70571_2020-06-10_862-scaled.jpg"},{"title":"Thi\u1ebft k\u1ebf c\u1ea3nh quan","content":"\u1ea4n t\u01b0\u1ee3ng b\u1edfi \u0111\u01a1n v\u1ecb t\u01b0 v\u1ea5n thi\u1ebft k\u1ebf c\u1ea3nh quan v\u00e0 quy ho\u1ea1ch h\u00e0ng \u0111\u1ea7u th\u1ebf gi\u1edbi Belt Collins International (M\u1ef9), l\u1ea5y c\u1ea3m h\u1ee9ng t\u1eeb nh\u1eefng b\u1ee9c tranh n\u1ed5i ti\u1ebfng nh\u1ea5t c\u1ee7a danh ho\u1ea1 Van Gogh t\u1eadp trung v\u00e0o s\u1ef1 t\u01b0\u01a1ng ph\u1ea3n v\u00e0 chuy\u1ec3n \u0111\u1ed9ng c\u1ee7a m\u00e0u s\u1eafc v\u00e0 \u00e1nh s\u00e1ng mang t\u1edbi c\u1ea3m quan c\u00e2n b\u1eb1ng gi\u1eefa v\u1eadt ch\u1ea5t v\u00e0 tinh th\u1ea7n.","img":"https:\/\/masterisehomes.com\/masteri-waterfront\/wp-content\/uploads\/2023\/10\/PC52-scaled.jpeg"}],"title_about_subdi":"Ph\u00e2n Khu","description_about_subdi":"Masteri Waterfront \u0111\u01b0\u1ee3c chia th\u00e0nh 3 ph\u00e2n khu ch\u00ednh: Miami, Hawaii v\u00e0 Malibu Walk. M\u1ed7i khu \u0111\u1ec1u mang \u0111\u1ebfn nh\u1eefng d\u1ea5u \u1ea5n \u0111\u1eb7c s\u1eafc ri\u00eang, g\u00f3p ph\u1ea7n t\u1ea1o n\u00ean m\u1ed9t t\u1ed5ng th\u1ec3 h\u00e0i h\u00f2a v\u00e0 tinh t\u1ebf. ","title_about_partner":"\u0110\u1ed1i t\u00e1c","content_about_partner":"Masteri Waterfront \u0111\u01b0\u1ee3c ph\u00e1t tri\u1ec3n b\u1edfi \u0111\u1ed9i ng\u0169 Qu\u1ed1c t\u1ebf c\u1ee7a Masterise Homes c\u00f9ng c\u00e1c \u0111\u1ed1i t\u00e1c h\u00e0ng \u0111\u1ea7u th\u1ebf gi\u1edbi. <Br>\u0110\u00e2y s\u1ebd l\u00e0 khu \u0111\u00f4 th\u1ecb chu\u1ea9n Qu\u1ed1c t\u1ebf, kh\u1eb3ng \u0111\u1ecbnh d\u1ea5u \u1ea5n c\u00e1 nh\u00e2n c\u1ee7a nh\u1eefng ch\u1ee7 nh\u00e2n t\u01b0\u01a1ng lai v\u1edbi \u0111\u1eb3ng c\u1ea5p s\u1ed1ng tinh t\u1ebf, x\u1ee9ng t\u1ea7m.","listlogo_about_partner":[{"logo":"https:\/\/masterisehomes.com\/masteri-waterfront\/wp-content\/uploads\/2023\/10\/tange_logo.png","link":""},{"logo":"https:\/\/masterisehomes.com\/masteri-waterfront\/wp-content\/uploads\/2023\/09\/Mask-Group-15.png","link":""},{"logo":"https:\/\/masterisehomes.com\/masteri-waterfront\/wp-content\/uploads\/2023\/10\/1112213.png","link":""}],"background_about_partner":"https:\/\/masterisehomes.com\/masteri-waterfront\/wp-content\/uploads\/2023\/08\/Rectangle-23-1.png","image_about_total_subdi":[{"img":"https:\/\/masterisehomes.com\/masteri-waterfront\/wp-content\/uploads\/2024\/10\/Miami-4-min.png","name":"Ph\u00e2n khu Miami","link":"https:\/\/masterisehomes.com\/masteri-waterfront\/subdivision\/miami\/"},{"img":"https:\/\/masterisehomes.com\/masteri-waterfront\/wp-content\/uploads\/2024\/10\/Malibu-3-min.png","name":"Ph\u00e2n khu<br> Malibu Walk","link":""},{"img":"https:\/\/masterisehomes.com\/masteri-waterfront\/wp-content\/uploads\/2024\/10\/Group-1016-3-min.png","name":"Ph\u00e2n khu<br> Hawaii","link":"https:\/\/masterisehomes.com\/masteri-waterfront\/subdivision\/hawaii\/"},{"img":"https:\/\/masterisehomes.com\/masteri-waterfront\/wp-content\/uploads\/2024\/10\/Botanic-2-min.png","name":"Botanic Garden","link":""}],"note_about_total":"Click t\u1eebng ph\u00e2n khu \u0111\u1ec3 xem chi ti\u1ebft","imgproj_about_position":"https:\/\/masterisehomes.com\/masteri-waterfront\/wp-content\/uploads\/2023\/11\/vitri_1.png","param_about_position":false,"description_about_number_compact":"<p>Kho\u00e1c l\u00ean m\u00ecnh v\u1ebb \u0111\u1eb9p l\u1ea5p l\u00e1nh, ki\u00eau sa, kh\u00f4ng k\u00e9m ph\u1ea7n sang tr\u1ecdng, Masteri Waterfront t\u1ea1o n\u00ean s\u1ef1 kh\u00e1c bi\u1ec7t v\u1ec1 \u0111\u1eb3ng c\u1ea5p, kh\u01a1i d\u1eady c\u1ea3m h\u1ee9ng s\u1ed1ng \u0111\u1eadm ch\u1ea5t ngh\u1ec7 thu\u1eadt m\u1ed7i ng\u00e0y. V\u1edbi t\u1ea7m nh\u00ecn b\u00ean h\u1ed3, h\u01b0\u1edbng bi\u1ec3n tuy\u1ec7t m\u1ef9 c\u00f9ng b\u1ed9 s\u01b0u t\u1eadp nh\u1eefng khu v\u01b0\u1eddn tuy\u1ec7t t\u00e1c ngay tr\u01b0\u1edbc th\u1ec1m nh\u00e0, Masteri Waterfront l\u00e0 n\u01a1i gi\u00fap ch\u1ee7 s\u1edf h\u1eefu c\u00e2n b\u1eb1ng cu\u1ed9c s\u1ed1ng, t\u1eadn h\u01b0\u1edfng thi\u00ean nhi\u00ean v\u00e0 t\u00e1i t\u1ea1o n\u0103ng l\u01b0\u1ee3ng.<\/p>\n"},"_links":{"self":[{"href":"https:\/\/masterisehomes.com\/masteri-waterfront\/wp-json\/wp\/v2\/pages\/272","targetHints":{"allow":["GET"]}}],"collection":[{"href":"https:\/\/masterisehomes.com\/masteri-waterfront\/wp-json\/wp\/v2\/pages"}],"about":[{"href":"https:\/\/masterisehomes.com\/masteri-waterfront\/wp-json\/wp\/v2\/types\/page"}],"author":[{"embeddable":true,"href":"https:\/\/masterisehomes.com\/masteri-waterfront\/wp-json\/wp\/v2\/users\/1"}],"replies":[{"embeddable":true,"href":"https:\/\/masterisehomes.com\/masteri-waterfront\/wp-json\/wp\/v2\/comments?post=272"}],"version-history":[{"count":93,"href":"https:\/\/masterisehomes.com\/masteri-waterfront\/wp-json\/wp\/v2\/pages\/272\/revisions"}],"predecessor-version":[{"id":4611,"href":"https:\/\/masterisehomes.com\/masteri-waterfront\/wp-json\/wp\/v2\/pages\/272\/revisions\/4611"}],"wp:attachment":[{"href":"https:\/\/masterisehomes.com\/masteri-waterfront\/wp-json\/wp\/v2\/media?parent=272"}],"curies":[{"name":"wp","href":"https:\/\/api.w.org\/{rel}","templated":true}]}}