{"id":2036,"date":"2023-09-07T04:57:39","date_gmt":"2023-09-07T04:57:39","guid":{"rendered":"https:\/\/masteri.starfruit.com.vn\/?page_id=2036"},"modified":"2023-09-07T05:04:47","modified_gmt":"2023-09-07T05:04:47","slug":"terms-conditions","status":"publish","type":"page","link":"https:\/\/masterisehomes.com\/masteri-waterfront\/terms-conditions\/","title":{"rendered":"Terms &amp; Conditions"},"content":{"rendered":"\n<h3 class=\"wp-block-heading\"><em>N\u01a0I MANG \u0110\u1ebeN<br>KH\u00d4NG GIAN S\u1ed0NG<br>\u0110\u1eb6C QUY\u1ec0N \u0110\u1ea6Y KH\u00c1C BI\u1ec6T<\/em><\/h3>\n\n\n\n<p>Phong c\u00e1ch thi\u1ebft k\u1ebf c\u0103n h\u1ed9 cao c\u1ea5p Masteri Waterfront<br>mang \u0111\u1eadm d\u1ea5u \u1ea5n ri\u00eang, c\u1ed9ng h\u01b0\u1edfng c\u00f9ng kh\u00f4ng gian s\u1ed1ng \u0111\u1ea7y c\u1ea3m h\u1ee9ng v\u00e0 d\u1ecbch v\u1ee5 qu\u1ea3n l\u00fd chu\u1ea9n qu\u1ed1c t\u1ebf. C\u00e1c t\u00f2a th\u00e1p Masteri Waterfront \u0111\u1ec1u k\u1ebft n\u1ed1i tr\u1ef1c ti\u1ebfp t\u1edbi \u0111\u1ea1i l\u1ed9 Malibu Walk v\u1edbi \u0111\u1ea7y \u0111\u1ee7 c\u00e1c ti\u1ec7n nghi m\u1edf ra tr\u01b0\u1edbc m\u1eaft, mang \u0111\u1ebfn b\u1ea1n<br>tr\u1ea3i nghi\u1ec7m \u201cngh\u1ec9 d\u01b0\u1ee1ng t\u1ea1i gia\u201d \u0111\u1eb3ng c\u1ea5p nh\u1ea5t m\u00e0 kh\u00f4ng c\u1ea7n \u0111i \u0111\u00e2u xa.<\/p>\n","protected":false},"excerpt":{"rendered":"N\u01a0I MANG \u0110\u1ebeNKH\u00d4NG GIAN S\u1ed0NG\u0110\u1eb6C QUY\u1ec0N \u0110\u1ea6Y KH\u00c1C BI\u1ec6T Phong c\u00e1ch thi\u1ebft k\u1ebf c\u0103n h\u1ed9 cao c\u1ea5p Masteri Waterfrontmang \u0111\u1eadm d\u1ea5u \u1ea5n ri\u00eang, c\u1ed9ng h\u01b0\u1edfng c\u00f9ng kh\u00f4ng gian s\u1ed1ng \u0111\u1ea7y c\u1ea3m h\u1ee9ng v\u00e0 d\u1ecbch v\u1ee5 qu\u1ea3n l\u00fd chu\u1ea9n qu\u1ed1c t\u1ebf. C\u00e1c t\u00f2a th\u00e1p Masteri Waterfront \u0111\u1ec1u k\u1ebft n\u1ed1i tr\u1ef1c ti\u1ebfp t\u1edbi \u0111\u1ea1i l\u1ed9 Malibu Walk&#8230; <a class=\"view-article\" href=\"https:\/\/masterisehomes.com\/masteri-waterfront\/terms-conditions\/\">View Article<\/a>","protected":false},"author":1,"featured_media":1683,"parent":0,"menu_order":0,"comment_status":"closed","ping_status":"closed","template":"template\/page-default.php","meta":{"inline_featured_image":false,"footnotes":""},"class_list":["post-2036","page","type-page","status-publish","has-post-thumbnail","hentry"],"yoast_head":"<!-- This site is optimized with the Yoast SEO plugin v20.13 - https:\/\/yoast.com\/wordpress\/plugins\/seo\/ -->\n<title>Terms &amp; Conditions - Masteri Waterfront<\/title>\n<meta name=\"robots\" content=\"index, follow, max-snippet:-1, max-image-preview:large, max-video-preview:-1\" \/>\n<link rel=\"canonical\" href=\"https:\/\/masterisehomes.com\/masteri-waterfront\/terms-conditions\/\" \/>\n<meta property=\"og:locale\" content=\"vi_VN\" \/>\n<meta property=\"og:type\" content=\"article\" \/>\n<meta property=\"og:title\" content=\"Terms &amp; Conditions - Masteri Waterfront\" \/>\n<meta property=\"og:description\" content=\"N\u01a0I MANG \u0110\u1ebeNKH\u00d4NG GIAN S\u1ed0NG\u0110\u1eb6C QUY\u1ec0N \u0110\u1ea6Y KH\u00c1C BI\u1ec6T Phong c\u00e1ch thi\u1ebft k\u1ebf c\u0103n h\u1ed9 cao c\u1ea5p Masteri Waterfrontmang \u0111\u1eadm d\u1ea5u \u1ea5n ri\u00eang, c\u1ed9ng h\u01b0\u1edfng c\u00f9ng kh\u00f4ng gian s\u1ed1ng \u0111\u1ea7y c\u1ea3m h\u1ee9ng v\u00e0 d\u1ecbch v\u1ee5 qu\u1ea3n l\u00fd chu\u1ea9n qu\u1ed1c t\u1ebf. C\u00e1c t\u00f2a th\u00e1p Masteri Waterfront \u0111\u1ec1u k\u1ebft n\u1ed1i tr\u1ef1c ti\u1ebfp t\u1edbi \u0111\u1ea1i l\u1ed9 Malibu Walk... View Article\" \/>\n<meta property=\"og:url\" content=\"https:\/\/masterisehomes.com\/masteri-waterfront\/terms-conditions\/\" \/>\n<meta property=\"og:site_name\" content=\"Masteri Waterfront\" \/>\n<meta property=\"article:modified_time\" content=\"2023-09-07T05:04:47+00:00\" \/>\n<meta property=\"og:image\" content=\"https:\/\/masterisehomes.com\/masteri-waterfront\/wp-content\/uploads\/2023\/08\/option2-VIEW2-1-scaled.jpg\" \/>\n\t<meta property=\"og:image:width\" content=\"2560\" \/>\n\t<meta property=\"og:image:height\" content=\"2277\" \/>\n\t<meta property=\"og:image:type\" content=\"image\/jpeg\" \/>\n<meta name=\"twitter:card\" content=\"summary_large_image\" \/>\n<meta name=\"twitter:label1\" content=\"Est. reading time\" \/>\n\t<meta name=\"twitter:data1\" content=\"1 minute\" \/>\n<script type=\"application\/ld+json\" class=\"yoast-schema-graph\">{\"@context\":\"https:\/\/schema.org\",\"@graph\":[{\"@type\":\"WebPage\",\"@id\":\"https:\/\/masterisehomes.com\/masteri-waterfront\/terms-conditions\/\",\"url\":\"https:\/\/masterisehomes.com\/masteri-waterfront\/terms-conditions\/\",\"name\":\"Terms &amp; Conditions - Masteri Waterfront\",\"isPartOf\":{\"@id\":\"https:\/\/masterisehomes.com\/masteri-waterfront\/#website\"},\"datePublished\":\"2023-09-07T04:57:39+00:00\",\"dateModified\":\"2023-09-07T05:04:47+00:00\",\"breadcrumb\":{\"@id\":\"https:\/\/masterisehomes.com\/masteri-waterfront\/terms-conditions\/#breadcrumb\"},\"inLanguage\":\"vi-VN\",\"potentialAction\":[{\"@type\":\"ReadAction\",\"target\":[\"https:\/\/masterisehomes.com\/masteri-waterfront\/terms-conditions\/\"]}]},{\"@type\":\"BreadcrumbList\",\"@id\":\"https:\/\/masterisehomes.com\/masteri-waterfront\/terms-conditions\/#breadcrumb\",\"itemListElement\":[{\"@type\":\"ListItem\",\"position\":1,\"name\":\"Home\",\"item\":\"https:\/\/masterisehomes.com\/masteri-waterfront\/\"},{\"@type\":\"ListItem\",\"position\":2,\"name\":\"Terms &amp; Conditions\"}]},{\"@type\":\"WebSite\",\"@id\":\"https:\/\/masterisehomes.com\/masteri-waterfront\/#website\",\"url\":\"https:\/\/masterisehomes.com\/masteri-waterfront\/\",\"name\":\"Masteri Waterfront\",\"description\":\"Masteri Waterfront\",\"potentialAction\":[{\"@type\":\"SearchAction\",\"target\":{\"@type\":\"EntryPoint\",\"urlTemplate\":\"https:\/\/masterisehomes.com\/masteri-waterfront\/?s={search_term_string}\"},\"query-input\":\"required name=search_term_string\"}],\"inLanguage\":\"vi-VN\"}]}<\/script>\n<!-- \/ Yoast SEO plugin. -->","yoast_head_json":{"title":"Terms &amp; Conditions - Masteri Waterfront","robots":{"index":"index","follow":"follow","max-snippet":"max-snippet:-1","max-image-preview":"max-image-preview:large","max-video-preview":"max-video-preview:-1"},"canonical":"https:\/\/masterisehomes.com\/masteri-waterfront\/terms-conditions\/","og_locale":"vi_VN","og_type":"article","og_title":"Terms &amp; Conditions - Masteri Waterfront","og_description":"N\u01a0I MANG \u0110\u1ebeNKH\u00d4NG GIAN S\u1ed0NG\u0110\u1eb6C QUY\u1ec0N \u0110\u1ea6Y KH\u00c1C BI\u1ec6T Phong c\u00e1ch thi\u1ebft k\u1ebf c\u0103n h\u1ed9 cao c\u1ea5p Masteri Waterfrontmang \u0111\u1eadm d\u1ea5u \u1ea5n ri\u00eang, c\u1ed9ng h\u01b0\u1edfng c\u00f9ng kh\u00f4ng gian s\u1ed1ng \u0111\u1ea7y c\u1ea3m h\u1ee9ng v\u00e0 d\u1ecbch v\u1ee5 qu\u1ea3n l\u00fd chu\u1ea9n qu\u1ed1c t\u1ebf. C\u00e1c t\u00f2a th\u00e1p Masteri Waterfront \u0111\u1ec1u k\u1ebft n\u1ed1i tr\u1ef1c ti\u1ebfp t\u1edbi \u0111\u1ea1i l\u1ed9 Malibu Walk... View Article","og_url":"https:\/\/masterisehomes.com\/masteri-waterfront\/terms-conditions\/","og_site_name":"Masteri Waterfront","article_modified_time":"2023-09-07T05:04:47+00:00","og_image":[{"width":2560,"height":2277,"url":"https:\/\/masterisehomes.com\/masteri-waterfront\/wp-content\/uploads\/2023\/08\/option2-VIEW2-1-scaled.jpg","type":"image\/jpeg"}],"twitter_card":"summary_large_image","twitter_misc":{"Est. reading time":"1 minute"},"schema":{"@context":"https:\/\/schema.org","@graph":[{"@type":"WebPage","@id":"https:\/\/masterisehomes.com\/masteri-waterfront\/terms-conditions\/","url":"https:\/\/masterisehomes.com\/masteri-waterfront\/terms-conditions\/","name":"Terms &amp; Conditions - Masteri Waterfront","isPartOf":{"@id":"https:\/\/masterisehomes.com\/masteri-waterfront\/#website"},"datePublished":"2023-09-07T04:57:39+00:00","dateModified":"2023-09-07T05:04:47+00:00","breadcrumb":{"@id":"https:\/\/masterisehomes.com\/masteri-waterfront\/terms-conditions\/#breadcrumb"},"inLanguage":"vi-VN","potentialAction":[{"@type":"ReadAction","target":["https:\/\/masterisehomes.com\/masteri-waterfront\/terms-conditions\/"]}]},{"@type":"BreadcrumbList","@id":"https:\/\/masterisehomes.com\/masteri-waterfront\/terms-conditions\/#breadcrumb","itemListElement":[{"@type":"ListItem","position":1,"name":"Home","item":"https:\/\/masterisehomes.com\/masteri-waterfront\/"},{"@type":"ListItem","position":2,"name":"Terms &amp; Conditions"}]},{"@type":"WebSite","@id":"https:\/\/masterisehomes.com\/masteri-waterfront\/#website","url":"https:\/\/masterisehomes.com\/masteri-waterfront\/","name":"Masteri Waterfront","description":"Masteri Waterfront","potentialAction":[{"@type":"SearchAction","target":{"@type":"EntryPoint","urlTemplate":"https:\/\/masterisehomes.com\/masteri-waterfront\/?s={search_term_string}"},"query-input":"required name=search_term_string"}],"inLanguage":"vi-VN"}]}},"acf":[],"_links":{"self":[{"href":"https:\/\/masterisehomes.com\/masteri-waterfront\/wp-json\/wp\/v2\/pages\/2036","targetHints":{"allow":["GET"]}}],"collection":[{"href":"https:\/\/masterisehomes.com\/masteri-waterfront\/wp-json\/wp\/v2\/pages"}],"about":[{"href":"https:\/\/masterisehomes.com\/masteri-waterfront\/wp-json\/wp\/v2\/types\/page"}],"author":[{"embeddable":true,"href":"https:\/\/masterisehomes.com\/masteri-waterfront\/wp-json\/wp\/v2\/users\/1"}],"replies":[{"embeddable":true,"href":"https:\/\/masterisehomes.com\/masteri-waterfront\/wp-json\/wp\/v2\/comments?post=2036"}],"version-history":[{"count":2,"href":"https:\/\/masterisehomes.com\/masteri-waterfront\/wp-json\/wp\/v2\/pages\/2036\/revisions"}],"predecessor-version":[{"id":2039,"href":"https:\/\/masterisehomes.com\/masteri-waterfront\/wp-json\/wp\/v2\/pages\/2036\/revisions\/2039"}],"wp:featuredmedia":[{"embeddable":true,"href":"https:\/\/masterisehomes.com\/masteri-waterfront\/wp-json\/wp\/v2\/media\/1683"}],"wp:attachment":[{"href":"https:\/\/masterisehomes.com\/masteri-waterfront\/wp-json\/wp\/v2\/media?parent=2036"}],"curies":[{"name":"wp","href":"https:\/\/api.w.org\/{rel}","templated":true}]}}