{"id":15,"date":"2025-03-06T03:59:20","date_gmt":"2025-03-06T03:59:20","guid":{"rendered":"https:\/\/trinity.starfruit.com.vn\/?page_id=15"},"modified":"2025-03-20T22:24:38","modified_gmt":"2025-03-20T15:24:38","slug":"trang-chu","status":"publish","type":"page","link":"https:\/\/masterisehomes.com\/masteri-trinity-square\/","title":{"rendered":"Trang ch\u1ee7"},"content":{"rendered":"","protected":false},"excerpt":{"rendered":"","protected":false},"author":4,"featured_media":46,"parent":0,"menu_order":0,"comment_status":"closed","ping_status":"closed","template":"template\/home.php","meta":{"inline_featured_image":false,"footnotes":""},"class_list":["post-15","page","type-page","status-publish","has-post-thumbnail","hentry"],"yoast_head":"<!-- This site is optimized with the Yoast SEO plugin v24.6 - https:\/\/yoast.com\/wordpress\/plugins\/seo\/ -->\n<title>MASTERI TRINITY SQUARE<\/title>\n<meta name=\"description\" content=\"T\u1ecda l\u1ea1c t\u1ea1i v\u1ecb tr\u00ed trung t\u00e2m trong khu th\u01b0\u01a1ng m\u1ea1i s\u1ea7m u\u1ea5t c\u1ee7a \u0111\u1ea1i \u0111\u00f4 th\u1ecb Ocean Park 2 ph\u00eda \u0110\u00f4ng Th\u1ee7 \u0111\u00f4 &amp; ti\u1ebfp n\u1ed1i th\u00e0nh c\u00f4ng c\u1ee7a Masteri Collection t\u1ea1i Vi\u1ec7t Nam, khu ph\u1ee9c h\u1ee3p cao t\u1ea7ng Masteri Trinity Square l\u00e0 d\u1ef1 \u00e1n \u0111\u1ea7u ti\u00ean k\u1ebft tinh tr\u1ecdn v\u1eb9n b\u1ed9 ba gi\u00e1 tr\u1ecb chu\u1ea9n m\u1ef1c \u201cS\u1ed1ng phong c\u00e1ch Masteri\u201d.\" \/>\n<meta name=\"robots\" content=\"index, follow, max-snippet:-1, max-image-preview:large, max-video-preview:-1\" \/>\n<link rel=\"canonical\" href=\"https:\/\/masterisehomes.com\/masteri-trinity-square\/\" \/>\n<meta property=\"og:locale\" content=\"vi_VN\" \/>\n<meta property=\"og:type\" content=\"article\" \/>\n<meta property=\"og:title\" content=\"MASTERI TRINITY SQUARE\" \/>\n<meta property=\"og:description\" content=\"T\u1ecda l\u1ea1c t\u1ea1i v\u1ecb tr\u00ed trung t\u00e2m trong khu th\u01b0\u01a1ng m\u1ea1i s\u1ea7m u\u1ea5t c\u1ee7a \u0111\u1ea1i \u0111\u00f4 th\u1ecb Ocean Park 2 ph\u00eda \u0110\u00f4ng Th\u1ee7 \u0111\u00f4 &amp; ti\u1ebfp n\u1ed1i th\u00e0nh c\u00f4ng c\u1ee7a Masteri Collection t\u1ea1i Vi\u1ec7t Nam, khu ph\u1ee9c h\u1ee3p cao t\u1ea7ng Masteri Trinity Square l\u00e0 d\u1ef1 \u00e1n \u0111\u1ea7u ti\u00ean k\u1ebft tinh tr\u1ecdn v\u1eb9n b\u1ed9 ba gi\u00e1 tr\u1ecb chu\u1ea9n m\u1ef1c \u201cS\u1ed1ng phong c\u00e1ch Masteri\u201d.\" \/>\n<meta property=\"og:url\" content=\"https:\/\/masterisehomes.com\/masteri-trinity-square\/\" \/>\n<meta property=\"og:site_name\" content=\"Masteri Trinity Square\" \/>\n<meta property=\"article:modified_time\" content=\"2025-03-20T15:24:38+00:00\" \/>\n<meta property=\"og:image\" content=\"https:\/\/masterisehomes.com\/masteri-trinity-square\/wp-content\/uploads\/2025\/03\/Home.jpg\" \/>\n\t<meta property=\"og:image:width\" content=\"1266\" \/>\n\t<meta property=\"og:image:height\" content=\"704\" \/>\n\t<meta property=\"og:image:type\" content=\"image\/jpeg\" \/>\n<meta name=\"twitter:card\" content=\"summary_large_image\" \/>\n<meta name=\"twitter:title\" content=\"MASTERI TRINITY SQUARE\" \/>\n<meta name=\"twitter:description\" content=\"T\u1ecda l\u1ea1c t\u1ea1i v\u1ecb tr\u00ed trung t\u00e2m trong khu th\u01b0\u01a1ng m\u1ea1i s\u1ea7m u\u1ea5t c\u1ee7a \u0111\u1ea1i \u0111\u00f4 th\u1ecb Ocean Park 2 ph\u00eda \u0110\u00f4ng Th\u1ee7 \u0111\u00f4 &amp; ti\u1ebfp n\u1ed1i th\u00e0nh c\u00f4ng c\u1ee7a Masteri Collection t\u1ea1i Vi\u1ec7t Nam, khu ph\u1ee9c h\u1ee3p cao t\u1ea7ng Masteri Trinity Square l\u00e0 d\u1ef1 \u00e1n \u0111\u1ea7u ti\u00ean k\u1ebft tinh tr\u1ecdn v\u1eb9n b\u1ed9 ba gi\u00e1 tr\u1ecb chu\u1ea9n m\u1ef1c \u201cS\u1ed1ng phong c\u00e1ch Masteri\u201d.\" \/>\n<meta name=\"twitter:image\" content=\"https:\/\/masterisehomes.com\/masteri-trinity-square\/wp-content\/uploads\/2025\/03\/Home.jpg\" \/>\n<meta name=\"twitter:label1\" content=\"Est. reading time\" \/>\n\t<meta name=\"twitter:data1\" content=\"1 minute\" \/>\n<script type=\"application\/ld+json\" class=\"yoast-schema-graph\">{\"@context\":\"https:\/\/schema.org\",\"@graph\":[{\"@type\":\"WebPage\",\"@id\":\"https:\/\/masterisehomes.com\/masteri-trinity-square\/\",\"url\":\"https:\/\/masterisehomes.com\/masteri-trinity-square\/\",\"name\":\"MASTERI TRINITY SQUARE\",\"isPartOf\":{\"@id\":\"https:\/\/masterisehomes.com\/masteri-trinity-square\/#website\"},\"primaryImageOfPage\":{\"@id\":\"https:\/\/masterisehomes.com\/masteri-trinity-square\/#primaryimage\"},\"image\":{\"@id\":\"https:\/\/masterisehomes.com\/masteri-trinity-square\/#primaryimage\"},\"thumbnailUrl\":\"https:\/\/masterisehomes.com\/masteri-trinity-square\/wp-content\/uploads\/2025\/03\/Home.jpg\",\"datePublished\":\"2025-03-06T03:59:20+00:00\",\"dateModified\":\"2025-03-20T15:24:38+00:00\",\"description\":\"T\u1ecda l\u1ea1c t\u1ea1i v\u1ecb tr\u00ed trung t\u00e2m trong khu th\u01b0\u01a1ng m\u1ea1i s\u1ea7m u\u1ea5t c\u1ee7a \u0111\u1ea1i \u0111\u00f4 th\u1ecb Ocean Park 2 ph\u00eda \u0110\u00f4ng Th\u1ee7 \u0111\u00f4 & ti\u1ebfp n\u1ed1i th\u00e0nh c\u00f4ng c\u1ee7a Masteri Collection t\u1ea1i Vi\u1ec7t Nam, khu ph\u1ee9c h\u1ee3p cao t\u1ea7ng Masteri Trinity Square l\u00e0 d\u1ef1 \u00e1n \u0111\u1ea7u ti\u00ean k\u1ebft tinh tr\u1ecdn v\u1eb9n b\u1ed9 ba gi\u00e1 tr\u1ecb chu\u1ea9n m\u1ef1c \u201cS\u1ed1ng phong c\u00e1ch Masteri\u201d.\",\"breadcrumb\":{\"@id\":\"https:\/\/masterisehomes.com\/masteri-trinity-square\/#breadcrumb\"},\"inLanguage\":\"vi-VN\",\"potentialAction\":[{\"@type\":\"ReadAction\",\"target\":[\"https:\/\/masterisehomes.com\/masteri-trinity-square\/\"]}]},{\"@type\":\"ImageObject\",\"inLanguage\":\"vi-VN\",\"@id\":\"https:\/\/masterisehomes.com\/masteri-trinity-square\/#primaryimage\",\"url\":\"https:\/\/masterisehomes.com\/masteri-trinity-square\/wp-content\/uploads\/2025\/03\/Home.jpg\",\"contentUrl\":\"https:\/\/masterisehomes.com\/masteri-trinity-square\/wp-content\/uploads\/2025\/03\/Home.jpg\",\"width\":1266,\"height\":704},{\"@type\":\"BreadcrumbList\",\"@id\":\"https:\/\/masterisehomes.com\/masteri-trinity-square\/#breadcrumb\",\"itemListElement\":[{\"@type\":\"ListItem\",\"position\":1,\"name\":\"Home\",\"item\":\"https:\/\/masterisehomes.com\/masteri-trinity-square\/\"},{\"@type\":\"ListItem\",\"position\":2,\"name\":\"Trang ch\u1ee7\"}]},{\"@type\":\"WebSite\",\"@id\":\"https:\/\/masterisehomes.com\/masteri-trinity-square\/#website\",\"url\":\"https:\/\/masterisehomes.com\/masteri-trinity-square\/\",\"name\":\"Masteri Trinity Square\",\"description\":\"Masteri Trinity Square\",\"potentialAction\":[{\"@type\":\"SearchAction\",\"target\":{\"@type\":\"EntryPoint\",\"urlTemplate\":\"https:\/\/masterisehomes.com\/masteri-trinity-square\/?s={search_term_string}\"},\"query-input\":{\"@type\":\"PropertyValueSpecification\",\"valueRequired\":true,\"valueName\":\"search_term_string\"}}],\"inLanguage\":\"vi-VN\"}]}<\/script>\n<!-- \/ Yoast SEO plugin. -->","yoast_head_json":{"title":"MASTERI TRINITY SQUARE","description":"T\u1ecda l\u1ea1c t\u1ea1i v\u1ecb tr\u00ed trung t\u00e2m trong khu th\u01b0\u01a1ng m\u1ea1i s\u1ea7m u\u1ea5t c\u1ee7a \u0111\u1ea1i \u0111\u00f4 th\u1ecb Ocean Park 2 ph\u00eda \u0110\u00f4ng Th\u1ee7 \u0111\u00f4 & ti\u1ebfp n\u1ed1i th\u00e0nh c\u00f4ng c\u1ee7a Masteri Collection t\u1ea1i Vi\u1ec7t Nam, khu ph\u1ee9c h\u1ee3p cao t\u1ea7ng Masteri Trinity Square l\u00e0 d\u1ef1 \u00e1n \u0111\u1ea7u ti\u00ean k\u1ebft tinh tr\u1ecdn v\u1eb9n b\u1ed9 ba gi\u00e1 tr\u1ecb chu\u1ea9n m\u1ef1c \u201cS\u1ed1ng phong c\u00e1ch Masteri\u201d.","robots":{"index":"index","follow":"follow","max-snippet":"max-snippet:-1","max-image-preview":"max-image-preview:large","max-video-preview":"max-video-preview:-1"},"canonical":"https:\/\/masterisehomes.com\/masteri-trinity-square\/","og_locale":"vi_VN","og_type":"article","og_title":"MASTERI TRINITY SQUARE","og_description":"T\u1ecda l\u1ea1c t\u1ea1i v\u1ecb tr\u00ed trung t\u00e2m trong khu th\u01b0\u01a1ng m\u1ea1i s\u1ea7m u\u1ea5t c\u1ee7a \u0111\u1ea1i \u0111\u00f4 th\u1ecb Ocean Park 2 ph\u00eda \u0110\u00f4ng Th\u1ee7 \u0111\u00f4 & ti\u1ebfp n\u1ed1i th\u00e0nh c\u00f4ng c\u1ee7a Masteri Collection t\u1ea1i Vi\u1ec7t Nam, khu ph\u1ee9c h\u1ee3p cao t\u1ea7ng Masteri Trinity Square l\u00e0 d\u1ef1 \u00e1n \u0111\u1ea7u ti\u00ean k\u1ebft tinh tr\u1ecdn v\u1eb9n b\u1ed9 ba gi\u00e1 tr\u1ecb chu\u1ea9n m\u1ef1c \u201cS\u1ed1ng phong c\u00e1ch Masteri\u201d.","og_url":"https:\/\/masterisehomes.com\/masteri-trinity-square\/","og_site_name":"Masteri Trinity Square","article_modified_time":"2025-03-20T15:24:38+00:00","og_image":[{"width":1266,"height":704,"url":"https:\/\/masterisehomes.com\/masteri-trinity-square\/wp-content\/uploads\/2025\/03\/Home.jpg","type":"image\/jpeg"}],"twitter_card":"summary_large_image","twitter_title":"MASTERI TRINITY SQUARE","twitter_description":"T\u1ecda l\u1ea1c t\u1ea1i v\u1ecb tr\u00ed trung t\u00e2m trong khu th\u01b0\u01a1ng m\u1ea1i s\u1ea7m u\u1ea5t c\u1ee7a \u0111\u1ea1i \u0111\u00f4 th\u1ecb Ocean Park 2 ph\u00eda \u0110\u00f4ng Th\u1ee7 \u0111\u00f4 & ti\u1ebfp n\u1ed1i th\u00e0nh c\u00f4ng c\u1ee7a Masteri Collection t\u1ea1i Vi\u1ec7t Nam, khu ph\u1ee9c h\u1ee3p cao t\u1ea7ng Masteri Trinity Square l\u00e0 d\u1ef1 \u00e1n \u0111\u1ea7u ti\u00ean k\u1ebft tinh tr\u1ecdn v\u1eb9n b\u1ed9 ba gi\u00e1 tr\u1ecb chu\u1ea9n m\u1ef1c \u201cS\u1ed1ng phong c\u00e1ch Masteri\u201d.","twitter_image":"https:\/\/masterisehomes.com\/masteri-trinity-square\/wp-content\/uploads\/2025\/03\/Home.jpg","twitter_misc":{"Est. reading time":"1 minute"},"schema":{"@context":"https:\/\/schema.org","@graph":[{"@type":"WebPage","@id":"https:\/\/masterisehomes.com\/masteri-trinity-square\/","url":"https:\/\/masterisehomes.com\/masteri-trinity-square\/","name":"MASTERI TRINITY SQUARE","isPartOf":{"@id":"https:\/\/masterisehomes.com\/masteri-trinity-square\/#website"},"primaryImageOfPage":{"@id":"https:\/\/masterisehomes.com\/masteri-trinity-square\/#primaryimage"},"image":{"@id":"https:\/\/masterisehomes.com\/masteri-trinity-square\/#primaryimage"},"thumbnailUrl":"https:\/\/masterisehomes.com\/masteri-trinity-square\/wp-content\/uploads\/2025\/03\/Home.jpg","datePublished":"2025-03-06T03:59:20+00:00","dateModified":"2025-03-20T15:24:38+00:00","description":"T\u1ecda l\u1ea1c t\u1ea1i v\u1ecb tr\u00ed trung t\u00e2m trong khu th\u01b0\u01a1ng m\u1ea1i s\u1ea7m u\u1ea5t c\u1ee7a \u0111\u1ea1i \u0111\u00f4 th\u1ecb Ocean Park 2 ph\u00eda \u0110\u00f4ng Th\u1ee7 \u0111\u00f4 & ti\u1ebfp n\u1ed1i th\u00e0nh c\u00f4ng c\u1ee7a Masteri Collection t\u1ea1i Vi\u1ec7t Nam, khu ph\u1ee9c h\u1ee3p cao t\u1ea7ng Masteri Trinity Square l\u00e0 d\u1ef1 \u00e1n \u0111\u1ea7u ti\u00ean k\u1ebft tinh tr\u1ecdn v\u1eb9n b\u1ed9 ba gi\u00e1 tr\u1ecb chu\u1ea9n m\u1ef1c \u201cS\u1ed1ng phong c\u00e1ch Masteri\u201d.","breadcrumb":{"@id":"https:\/\/masterisehomes.com\/masteri-trinity-square\/#breadcrumb"},"inLanguage":"vi-VN","potentialAction":[{"@type":"ReadAction","target":["https:\/\/masterisehomes.com\/masteri-trinity-square\/"]}]},{"@type":"ImageObject","inLanguage":"vi-VN","@id":"https:\/\/masterisehomes.com\/masteri-trinity-square\/#primaryimage","url":"https:\/\/masterisehomes.com\/masteri-trinity-square\/wp-content\/uploads\/2025\/03\/Home.jpg","contentUrl":"https:\/\/masterisehomes.com\/masteri-trinity-square\/wp-content\/uploads\/2025\/03\/Home.jpg","width":1266,"height":704},{"@type":"BreadcrumbList","@id":"https:\/\/masterisehomes.com\/masteri-trinity-square\/#breadcrumb","itemListElement":[{"@type":"ListItem","position":1,"name":"Home","item":"https:\/\/masterisehomes.com\/masteri-trinity-square\/"},{"@type":"ListItem","position":2,"name":"Trang ch\u1ee7"}]},{"@type":"WebSite","@id":"https:\/\/masterisehomes.com\/masteri-trinity-square\/#website","url":"https:\/\/masterisehomes.com\/masteri-trinity-square\/","name":"Masteri Trinity Square","description":"Masteri Trinity Square","potentialAction":[{"@type":"SearchAction","target":{"@type":"EntryPoint","urlTemplate":"https:\/\/masterisehomes.com\/masteri-trinity-square\/?s={search_term_string}"},"query-input":{"@type":"PropertyValueSpecification","valueRequired":true,"valueName":"search_term_string"}}],"inLanguage":"vi-VN"}]}},"_links":{"self":[{"href":"https:\/\/masterisehomes.com\/masteri-trinity-square\/wp-json\/wp\/v2\/pages\/15","targetHints":{"allow":["GET"]}}],"collection":[{"href":"https:\/\/masterisehomes.com\/masteri-trinity-square\/wp-json\/wp\/v2\/pages"}],"about":[{"href":"https:\/\/masterisehomes.com\/masteri-trinity-square\/wp-json\/wp\/v2\/types\/page"}],"author":[{"embeddable":true,"href":"https:\/\/masterisehomes.com\/masteri-trinity-square\/wp-json\/wp\/v2\/users\/4"}],"replies":[{"embeddable":true,"href":"https:\/\/masterisehomes.com\/masteri-trinity-square\/wp-json\/wp\/v2\/comments?post=15"}],"version-history":[{"count":76,"href":"https:\/\/masterisehomes.com\/masteri-trinity-square\/wp-json\/wp\/v2\/pages\/15\/revisions"}],"predecessor-version":[{"id":458,"href":"https:\/\/masterisehomes.com\/masteri-trinity-square\/wp-json\/wp\/v2\/pages\/15\/revisions\/458"}],"wp:featuredmedia":[{"embeddable":true,"href":"https:\/\/masterisehomes.com\/masteri-trinity-square\/wp-json\/wp\/v2\/media\/46"}],"wp:attachment":[{"href":"https:\/\/masterisehomes.com\/masteri-trinity-square\/wp-json\/wp\/v2\/media?parent=15"}],"curies":[{"name":"wp","href":"https:\/\/api.w.org\/{rel}","templated":true}]}}