{"id":1376,"date":"2025-06-19T03:21:56","date_gmt":"2025-06-19T03:21:56","guid":{"rendered":"https:\/\/masterisehomes.com\/masteri-lakeside\/?page_id=1376"},"modified":"2025-06-19T04:28:48","modified_gmt":"2025-06-19T04:28:48","slug":"tour-360","status":"publish","type":"page","link":"https:\/\/masterisehomes.com\/masteri-lakeside\/tour-360\/","title":{"rendered":"Tour-360"},"content":{"rendered":"","protected":false},"excerpt":{"rendered":"","protected":false},"author":3,"featured_media":992,"parent":0,"menu_order":0,"comment_status":"closed","ping_status":"closed","template":"template\/tour360.php","meta":{"inline_featured_image":false,"footnotes":""},"class_list":["post-1376","page","type-page","status-publish","has-post-thumbnail","hentry"],"yoast_head":"<!-- This site is optimized with the Yoast SEO plugin v24.1 - https:\/\/yoast.com\/wordpress\/plugins\/seo\/ -->\n<title>Tour-360 - Masteri LakeSide<\/title>\n<meta name=\"description\" content=\"Bi\u1ec3u t\u01b0\u1ee3ng ho\u00e0n h\u1ea3o c\u1ee7a s\u1ef1 k\u1ebft n\u1ed1i kh\u00f4ng gi\u1edbi h\u1ea1n, n\u01a1i phong c\u00e1ch s\u1ed1ng \u0111\u1eb3ng c\u1ea5p \u0111\u01b0\u1ee3c h\u00f2a quy\u1ec7n v\u1edbi thi\u00ean nhi\u00ean v\u00e0 ti\u1ec7n \u00edch hi\u1ec7n \u0111\u1ea1iL\u00e0 d\u1ef1 \u00e1n n\u1ed1i ti\u1ebfp s\u1ef1 th\u00e0nh c\u00f4ng c\u1ee7a d\u1ef1 \u00e1n WaterFront v\u00e0 l\u00e0 m\u1ed9t c\u1ed9t m\u1ed1c ho\u00e0n thi\u1ec7n ho\u00e0n h\u1ea3o cho b\u1ed9 s\u01b0u t\u1eadp Masteri Collection t\u1ea1i Ocean Park 1\" \/>\n<meta name=\"robots\" content=\"index, follow, max-snippet:-1, max-image-preview:large, max-video-preview:-1\" \/>\n<link rel=\"canonical\" href=\"https:\/\/masterisehomes.com\/masteri-lakeside\/tour-360\/\" \/>\n<meta property=\"og:locale\" content=\"vi_VN\" \/>\n<meta property=\"og:type\" content=\"article\" \/>\n<meta property=\"og:title\" content=\"Masterise Lakeside\" \/>\n<meta property=\"og:description\" content=\"Bi\u1ec3u t\u01b0\u1ee3ng ho\u00e0n h\u1ea3o c\u1ee7a s\u1ef1 k\u1ebft n\u1ed1i kh\u00f4ng gi\u1edbi h\u1ea1n, n\u01a1i phong c\u00e1ch s\u1ed1ng \u0111\u1eb3ng c\u1ea5p \u0111\u01b0\u1ee3c h\u00f2a quy\u1ec7n v\u1edbi thi\u00ean nhi\u00ean v\u00e0 ti\u1ec7n \u00edch hi\u1ec7n \u0111\u1ea1iL\u00e0 d\u1ef1 \u00e1n n\u1ed1i ti\u1ebfp s\u1ef1 th\u00e0nh c\u00f4ng c\u1ee7a d\u1ef1 \u00e1n WaterFront v\u00e0 l\u00e0 m\u1ed9t c\u1ed9t m\u1ed1c ho\u00e0n thi\u1ec7n ho\u00e0n h\u1ea3o cho b\u1ed9 s\u01b0u t\u1eadp Masteri Collection t\u1ea1i Ocean Park 1\" \/>\n<meta property=\"og:url\" content=\"https:\/\/masterisehomes.com\/masteri-lakeside\/tour-360\/\" \/>\n<meta property=\"og:site_name\" content=\"Masteri LakeSide\" \/>\n<meta property=\"article:modified_time\" content=\"2025-06-19T04:28:48+00:00\" \/>\n<meta property=\"og:image\" content=\"https:\/\/masterisehomes.com\/masteri-lakeside\/wp-content\/uploads\/2025\/01\/homeIntroduction-1-scaled.jpg\" \/>\n\t<meta property=\"og:image:width\" content=\"2179\" \/>\n\t<meta property=\"og:image:height\" content=\"1080\" \/>\n\t<meta property=\"og:image:type\" content=\"image\/jpeg\" \/>\n<meta name=\"twitter:card\" content=\"summary_large_image\" \/>\n<meta name=\"twitter:label1\" content=\"Est. reading time\" \/>\n\t<meta name=\"twitter:data1\" content=\"1 minute\" \/>\n<script type=\"application\/ld+json\" class=\"yoast-schema-graph\">{\"@context\":\"https:\/\/schema.org\",\"@graph\":[{\"@type\":\"WebPage\",\"@id\":\"https:\/\/masterisehomes.com\/masteri-lakeside\/tour-360\/\",\"url\":\"https:\/\/masterisehomes.com\/masteri-lakeside\/tour-360\/\",\"name\":\"Tour-360 - Masteri LakeSide\",\"isPartOf\":{\"@id\":\"https:\/\/masterisehomes.com\/masteri-lakeside\/#website\"},\"primaryImageOfPage\":{\"@id\":\"https:\/\/masterisehomes.com\/masteri-lakeside\/tour-360\/#primaryimage\"},\"image\":{\"@id\":\"https:\/\/masterisehomes.com\/masteri-lakeside\/tour-360\/#primaryimage\"},\"thumbnailUrl\":\"https:\/\/masterisehomes.com\/masteri-lakeside\/wp-content\/uploads\/2025\/01\/Frame-1321314813.jpg\",\"datePublished\":\"2025-06-19T03:21:56+00:00\",\"dateModified\":\"2025-06-19T04:28:48+00:00\",\"description\":\"Bi\u1ec3u t\u01b0\u1ee3ng ho\u00e0n h\u1ea3o c\u1ee7a s\u1ef1 k\u1ebft n\u1ed1i kh\u00f4ng gi\u1edbi h\u1ea1n, n\u01a1i phong c\u00e1ch s\u1ed1ng \u0111\u1eb3ng c\u1ea5p \u0111\u01b0\u1ee3c h\u00f2a quy\u1ec7n v\u1edbi thi\u00ean nhi\u00ean v\u00e0 ti\u1ec7n \u00edch hi\u1ec7n \u0111\u1ea1iL\u00e0 d\u1ef1 \u00e1n n\u1ed1i ti\u1ebfp s\u1ef1 th\u00e0nh c\u00f4ng c\u1ee7a d\u1ef1 \u00e1n WaterFront v\u00e0 l\u00e0 m\u1ed9t c\u1ed9t m\u1ed1c ho\u00e0n thi\u1ec7n ho\u00e0n h\u1ea3o cho b\u1ed9 s\u01b0u t\u1eadp Masteri Collection t\u1ea1i Ocean Park 1\",\"breadcrumb\":{\"@id\":\"https:\/\/masterisehomes.com\/masteri-lakeside\/tour-360\/#breadcrumb\"},\"inLanguage\":\"vi-VN\",\"potentialAction\":[{\"@type\":\"ReadAction\",\"target\":[\"https:\/\/masterisehomes.com\/masteri-lakeside\/tour-360\/\"]}]},{\"@type\":\"ImageObject\",\"inLanguage\":\"vi-VN\",\"@id\":\"https:\/\/masterisehomes.com\/masteri-lakeside\/tour-360\/#primaryimage\",\"url\":\"https:\/\/masterisehomes.com\/masteri-lakeside\/wp-content\/uploads\/2025\/01\/Frame-1321314813.jpg\",\"contentUrl\":\"https:\/\/masterisehomes.com\/masteri-lakeside\/wp-content\/uploads\/2025\/01\/Frame-1321314813.jpg\",\"width\":1263,\"height\":1554},{\"@type\":\"BreadcrumbList\",\"@id\":\"https:\/\/masterisehomes.com\/masteri-lakeside\/tour-360\/#breadcrumb\",\"itemListElement\":[{\"@type\":\"ListItem\",\"position\":1,\"name\":\"Home\",\"item\":\"https:\/\/masterisehomes.com\/masteri-lakeside\/\"},{\"@type\":\"ListItem\",\"position\":2,\"name\":\"Tour-360\"}]},{\"@type\":\"WebSite\",\"@id\":\"https:\/\/masterisehomes.com\/masteri-lakeside\/#website\",\"url\":\"https:\/\/masterisehomes.com\/masteri-lakeside\/\",\"name\":\"Masteri LakeSide\",\"description\":\"Masteri LakeSide\",\"potentialAction\":[{\"@type\":\"SearchAction\",\"target\":{\"@type\":\"EntryPoint\",\"urlTemplate\":\"https:\/\/masterisehomes.com\/masteri-lakeside\/?s={search_term_string}\"},\"query-input\":{\"@type\":\"PropertyValueSpecification\",\"valueRequired\":true,\"valueName\":\"search_term_string\"}}],\"inLanguage\":\"vi-VN\"}]}<\/script>\n<!-- \/ Yoast SEO plugin. -->","yoast_head_json":{"title":"Tour-360 - Masteri LakeSide","description":"Bi\u1ec3u t\u01b0\u1ee3ng ho\u00e0n h\u1ea3o c\u1ee7a s\u1ef1 k\u1ebft n\u1ed1i kh\u00f4ng gi\u1edbi h\u1ea1n, n\u01a1i phong c\u00e1ch s\u1ed1ng \u0111\u1eb3ng c\u1ea5p \u0111\u01b0\u1ee3c h\u00f2a quy\u1ec7n v\u1edbi thi\u00ean nhi\u00ean v\u00e0 ti\u1ec7n \u00edch hi\u1ec7n \u0111\u1ea1iL\u00e0 d\u1ef1 \u00e1n n\u1ed1i ti\u1ebfp s\u1ef1 th\u00e0nh c\u00f4ng c\u1ee7a d\u1ef1 \u00e1n WaterFront v\u00e0 l\u00e0 m\u1ed9t c\u1ed9t m\u1ed1c ho\u00e0n thi\u1ec7n ho\u00e0n h\u1ea3o cho b\u1ed9 s\u01b0u t\u1eadp Masteri Collection t\u1ea1i Ocean Park 1","robots":{"index":"index","follow":"follow","max-snippet":"max-snippet:-1","max-image-preview":"max-image-preview:large","max-video-preview":"max-video-preview:-1"},"canonical":"https:\/\/masterisehomes.com\/masteri-lakeside\/tour-360\/","og_locale":"vi_VN","og_type":"article","og_title":"Masterise Lakeside","og_description":"Bi\u1ec3u t\u01b0\u1ee3ng ho\u00e0n h\u1ea3o c\u1ee7a s\u1ef1 k\u1ebft n\u1ed1i kh\u00f4ng gi\u1edbi h\u1ea1n, n\u01a1i phong c\u00e1ch s\u1ed1ng \u0111\u1eb3ng c\u1ea5p \u0111\u01b0\u1ee3c h\u00f2a quy\u1ec7n v\u1edbi thi\u00ean nhi\u00ean v\u00e0 ti\u1ec7n \u00edch hi\u1ec7n \u0111\u1ea1iL\u00e0 d\u1ef1 \u00e1n n\u1ed1i ti\u1ebfp s\u1ef1 th\u00e0nh c\u00f4ng c\u1ee7a d\u1ef1 \u00e1n WaterFront v\u00e0 l\u00e0 m\u1ed9t c\u1ed9t m\u1ed1c ho\u00e0n thi\u1ec7n ho\u00e0n h\u1ea3o cho b\u1ed9 s\u01b0u t\u1eadp Masteri Collection t\u1ea1i Ocean Park 1","og_url":"https:\/\/masterisehomes.com\/masteri-lakeside\/tour-360\/","og_site_name":"Masteri LakeSide","article_modified_time":"2025-06-19T04:28:48+00:00","og_image":[{"width":2179,"height":1080,"url":"https:\/\/masterisehomes.com\/masteri-lakeside\/wp-content\/uploads\/2025\/01\/homeIntroduction-1-scaled.jpg","type":"image\/jpeg"}],"twitter_card":"summary_large_image","twitter_misc":{"Est. reading time":"1 minute"},"schema":{"@context":"https:\/\/schema.org","@graph":[{"@type":"WebPage","@id":"https:\/\/masterisehomes.com\/masteri-lakeside\/tour-360\/","url":"https:\/\/masterisehomes.com\/masteri-lakeside\/tour-360\/","name":"Tour-360 - Masteri LakeSide","isPartOf":{"@id":"https:\/\/masterisehomes.com\/masteri-lakeside\/#website"},"primaryImageOfPage":{"@id":"https:\/\/masterisehomes.com\/masteri-lakeside\/tour-360\/#primaryimage"},"image":{"@id":"https:\/\/masterisehomes.com\/masteri-lakeside\/tour-360\/#primaryimage"},"thumbnailUrl":"https:\/\/masterisehomes.com\/masteri-lakeside\/wp-content\/uploads\/2025\/01\/Frame-1321314813.jpg","datePublished":"2025-06-19T03:21:56+00:00","dateModified":"2025-06-19T04:28:48+00:00","description":"Bi\u1ec3u t\u01b0\u1ee3ng ho\u00e0n h\u1ea3o c\u1ee7a s\u1ef1 k\u1ebft n\u1ed1i kh\u00f4ng gi\u1edbi h\u1ea1n, n\u01a1i phong c\u00e1ch s\u1ed1ng \u0111\u1eb3ng c\u1ea5p \u0111\u01b0\u1ee3c h\u00f2a quy\u1ec7n v\u1edbi thi\u00ean nhi\u00ean v\u00e0 ti\u1ec7n \u00edch hi\u1ec7n \u0111\u1ea1iL\u00e0 d\u1ef1 \u00e1n n\u1ed1i ti\u1ebfp s\u1ef1 th\u00e0nh c\u00f4ng c\u1ee7a d\u1ef1 \u00e1n WaterFront v\u00e0 l\u00e0 m\u1ed9t c\u1ed9t m\u1ed1c ho\u00e0n thi\u1ec7n ho\u00e0n h\u1ea3o cho b\u1ed9 s\u01b0u t\u1eadp Masteri Collection t\u1ea1i Ocean Park 1","breadcrumb":{"@id":"https:\/\/masterisehomes.com\/masteri-lakeside\/tour-360\/#breadcrumb"},"inLanguage":"vi-VN","potentialAction":[{"@type":"ReadAction","target":["https:\/\/masterisehomes.com\/masteri-lakeside\/tour-360\/"]}]},{"@type":"ImageObject","inLanguage":"vi-VN","@id":"https:\/\/masterisehomes.com\/masteri-lakeside\/tour-360\/#primaryimage","url":"https:\/\/masterisehomes.com\/masteri-lakeside\/wp-content\/uploads\/2025\/01\/Frame-1321314813.jpg","contentUrl":"https:\/\/masterisehomes.com\/masteri-lakeside\/wp-content\/uploads\/2025\/01\/Frame-1321314813.jpg","width":1263,"height":1554},{"@type":"BreadcrumbList","@id":"https:\/\/masterisehomes.com\/masteri-lakeside\/tour-360\/#breadcrumb","itemListElement":[{"@type":"ListItem","position":1,"name":"Home","item":"https:\/\/masterisehomes.com\/masteri-lakeside\/"},{"@type":"ListItem","position":2,"name":"Tour-360"}]},{"@type":"WebSite","@id":"https:\/\/masterisehomes.com\/masteri-lakeside\/#website","url":"https:\/\/masterisehomes.com\/masteri-lakeside\/","name":"Masteri LakeSide","description":"Masteri LakeSide","potentialAction":[{"@type":"SearchAction","target":{"@type":"EntryPoint","urlTemplate":"https:\/\/masterisehomes.com\/masteri-lakeside\/?s={search_term_string}"},"query-input":{"@type":"PropertyValueSpecification","valueRequired":true,"valueName":"search_term_string"}}],"inLanguage":"vi-VN"}]}},"acf":{"iframe_url":"https:\/\/panoee-studio-public.vercel.app\/6788f583814ed687cea302df"},"_links":{"self":[{"href":"https:\/\/masterisehomes.com\/masteri-lakeside\/wp-json\/wp\/v2\/pages\/1376","targetHints":{"allow":["GET"]}}],"collection":[{"href":"https:\/\/masterisehomes.com\/masteri-lakeside\/wp-json\/wp\/v2\/pages"}],"about":[{"href":"https:\/\/masterisehomes.com\/masteri-lakeside\/wp-json\/wp\/v2\/types\/page"}],"author":[{"embeddable":true,"href":"https:\/\/masterisehomes.com\/masteri-lakeside\/wp-json\/wp\/v2\/users\/3"}],"replies":[{"embeddable":true,"href":"https:\/\/masterisehomes.com\/masteri-lakeside\/wp-json\/wp\/v2\/comments?post=1376"}],"version-history":[{"count":4,"href":"https:\/\/masterisehomes.com\/masteri-lakeside\/wp-json\/wp\/v2\/pages\/1376\/revisions"}],"predecessor-version":[{"id":1382,"href":"https:\/\/masterisehomes.com\/masteri-lakeside\/wp-json\/wp\/v2\/pages\/1376\/revisions\/1382"}],"wp:featuredmedia":[{"embeddable":true,"href":"https:\/\/masterisehomes.com\/masteri-lakeside\/wp-json\/wp\/v2\/media\/992"}],"wp:attachment":[{"href":"https:\/\/masterisehomes.com\/masteri-lakeside\/wp-json\/wp\/v2\/media?parent=1376"}],"curies":[{"name":"wp","href":"https:\/\/api.w.org\/{rel}","templated":true}]}}