{"id":6093,"date":"2023-12-26T01:50:58","date_gmt":"2023-12-26T01:50:58","guid":{"rendered":"https:\/\/lumiere.starfruit.com.vn\/homepage\/"},"modified":"2023-12-26T01:50:58","modified_gmt":"2023-12-26T01:50:58","slug":"homepage","status":"publish","type":"page","link":"https:\/\/masterisehomes.com\/lumiere-evergreen\/homepage\/?lang=en","title":{"rendered":"HomePage"},"content":{"rendered":"","protected":false},"excerpt":{"rendered":"","protected":false},"author":1,"featured_media":4672,"parent":0,"menu_order":0,"comment_status":"closed","ping_status":"closed","template":"template\/homepage.php","meta":{"inline_featured_image":false,"footnotes":""},"class_list":["post-6093","page","type-page","status-publish","has-post-thumbnail","hentry"],"yoast_head":"<!-- This site is optimized with the Yoast SEO plugin v20.13 - https:\/\/yoast.com\/wordpress\/plugins\/seo\/ -->\n<title>HomePage - Lumiere<\/title>\n<meta name=\"robots\" content=\"index, follow, max-snippet:-1, max-image-preview:large, max-video-preview:-1\" \/>\n<link rel=\"canonical\" href=\"https:\/\/masterisehomes.com\/lumiere-evergreen\/\" \/>\n<meta property=\"og:locale\" content=\"vi_VN\" \/>\n<meta property=\"og:type\" content=\"article\" \/>\n<meta property=\"og:title\" content=\"HomePage - Lumiere\" \/>\n<meta property=\"og:url\" content=\"https:\/\/masterisehomes.com\/lumiere-evergreen\/?lang=en\" \/>\n<meta property=\"og:site_name\" content=\"Lumiere\" \/>\n<meta name=\"twitter:card\" content=\"summary_large_image\" \/>\n<script type=\"application\/ld+json\" class=\"yoast-schema-graph\">{\"@context\":\"https:\/\/schema.org\",\"@graph\":[{\"@type\":\"WebPage\",\"@id\":\"https:\/\/masterisehomes.com\/lumiere-evergreen\/?lang=en\",\"url\":\"https:\/\/masterisehomes.com\/lumiere-evergreen\/?lang=en\",\"name\":\"HomePage - Lumiere\",\"isPartOf\":{\"@id\":\"https:\/\/masterisehomes.com\/lumiere-evergreen\/#website\"},\"datePublished\":\"2023-12-26T01:50:58+00:00\",\"dateModified\":\"2023-12-26T01:50:58+00:00\",\"breadcrumb\":{\"@id\":\"https:\/\/masterisehomes.com\/lumiere-evergreen\/?lang=en#breadcrumb\"},\"inLanguage\":\"vi-VN\",\"potentialAction\":[{\"@type\":\"ReadAction\",\"target\":[\"https:\/\/masterisehomes.com\/lumiere-evergreen\/?lang=en\"]}]},{\"@type\":\"BreadcrumbList\",\"@id\":\"https:\/\/masterisehomes.com\/lumiere-evergreen\/?lang=en#breadcrumb\",\"itemListElement\":[{\"@type\":\"ListItem\",\"position\":1,\"name\":\"Home\",\"item\":\"https:\/\/masterisehomes.com\/lumiere-evergreen\/\"},{\"@type\":\"ListItem\",\"position\":2,\"name\":\"HomePage\"}]},{\"@type\":\"WebSite\",\"@id\":\"https:\/\/masterisehomes.com\/lumiere-evergreen\/#website\",\"url\":\"https:\/\/masterisehomes.com\/lumiere-evergreen\/\",\"name\":\"Lumiere\",\"description\":\"Lumiere\",\"potentialAction\":[{\"@type\":\"SearchAction\",\"target\":{\"@type\":\"EntryPoint\",\"urlTemplate\":\"https:\/\/masterisehomes.com\/lumiere-evergreen\/?s={search_term_string}\"},\"query-input\":\"required name=search_term_string\"}],\"inLanguage\":\"vi-VN\"}]}<\/script>\n<!-- \/ Yoast SEO plugin. -->","yoast_head_json":{"title":"HomePage - Lumiere","robots":{"index":"index","follow":"follow","max-snippet":"max-snippet:-1","max-image-preview":"max-image-preview:large","max-video-preview":"max-video-preview:-1"},"canonical":"https:\/\/masterisehomes.com\/lumiere-evergreen\/","og_locale":"vi_VN","og_type":"article","og_title":"HomePage - Lumiere","og_url":"https:\/\/masterisehomes.com\/lumiere-evergreen\/?lang=en","og_site_name":"Lumiere","twitter_card":"summary_large_image","schema":{"@context":"https:\/\/schema.org","@graph":[{"@type":"WebPage","@id":"https:\/\/masterisehomes.com\/lumiere-evergreen\/?lang=en","url":"https:\/\/masterisehomes.com\/lumiere-evergreen\/?lang=en","name":"HomePage - Lumiere","isPartOf":{"@id":"https:\/\/masterisehomes.com\/lumiere-evergreen\/#website"},"datePublished":"2023-12-26T01:50:58+00:00","dateModified":"2023-12-26T01:50:58+00:00","breadcrumb":{"@id":"https:\/\/masterisehomes.com\/lumiere-evergreen\/?lang=en#breadcrumb"},"inLanguage":"vi-VN","potentialAction":[{"@type":"ReadAction","target":["https:\/\/masterisehomes.com\/lumiere-evergreen\/?lang=en"]}]},{"@type":"BreadcrumbList","@id":"https:\/\/masterisehomes.com\/lumiere-evergreen\/?lang=en#breadcrumb","itemListElement":[{"@type":"ListItem","position":1,"name":"Home","item":"https:\/\/masterisehomes.com\/lumiere-evergreen\/"},{"@type":"ListItem","position":2,"name":"HomePage"}]},{"@type":"WebSite","@id":"https:\/\/masterisehomes.com\/lumiere-evergreen\/#website","url":"https:\/\/masterisehomes.com\/lumiere-evergreen\/","name":"Lumiere","description":"Lumiere","potentialAction":[{"@type":"SearchAction","target":{"@type":"EntryPoint","urlTemplate":"https:\/\/masterisehomes.com\/lumiere-evergreen\/?s={search_term_string}"},"query-input":"required name=search_term_string"}],"inLanguage":"vi-VN"}]}},"acf":{"image_about_homepg":"https:\/\/masterisehomes.com\/lumiere-evergreen\/wp-content\/uploads\/2023\/12\/lumiere-evergreen_ex6_final_2023-11-18_15K-2-scaled.jpg","subtitle_about_homepg":"ABOUT PROJECT","title_about_homepg":"LUMI\u00c8RE EVERGREEN","content_about_homepg":"Inspired by the three eternal elements of life: light, air, and water, LUMI\u00c8RE Evergreen opens up a new lifestyle, where living is an endless experience that touches the soul, creating a new international community in the west of Hanoi.","content_intro_homepg":"Inheriting the values of the prestigious LUMI\u00c8RE brand, LUMI\u00c8RE Evergreen premieres a new chapter of urban living in the vibrant heart of Smart City. Here, experience an international tapestry of life, weaving enduring values and timeless elegance with a symphony of cutting-edge amenities, each orchestrated by leading brands.","textread_intro_homepg":"EXPLORE NOW","linkread_intro_homepg":"https:\/\/lumiere.starfruit.com.vn\/tien-ich\/?lang=en","background_intro_homepg":"https:\/\/masterisehomes.com\/lumiere-evergreen\/wp-content\/uploads\/2023\/12\/L1T1H5C-copy.jpg","image_intro_homepg":"https:\/\/masterisehomes.com\/lumiere-evergreen\/wp-content\/uploads\/2023\/12\/lumiere-evergreen_ex32_final_2023-11-07-copy.jpg","title_design_homepg":"DESIGN","title2_design_homepg":"INSPIRATION","background_design_homepg":"https:\/\/masterisehomes.com\/lumiere-evergreen\/wp-content\/uploads\/2023\/12\/Frame-189.png","content_design_homepg":"LUMI\u00c8RE opens up a new philosophy of living, where residents can enjoy the tranquil beauty of international architecture and services. Transcending the ordinary, LUMI\u00c8RE offers a completely new living experience where the beauty of architecture inspires every day.","image_design_hhomepg":"https:\/\/masterisehomes.com\/lumiere-evergreen\/wp-content\/uploads\/2023\/12\/lumiere-evergreen_ex19_final_2023-08-24-copy.jpg","title_position_homepg":"PROJECT LOCATION","subtitle_position_homepg":"<div class=\"span txt1\" data-aos=\"fade-right\">ONE STEP<\/div>\r\n<div class=\"span txt2\" data-aos=\"fade-left\">TO A WORLD <\/div>\r\n<div class=\"span txt3\" data-aos=\"fade-right\">OF CONVENIENCE<\/div>","content_position_homepg":"LUMI\u00c8RE Evergreen is located in the heart of Smart City, offering residents convenient access to the city center and a wide range of innovative amenities.","img_position_homepg":"https:\/\/masterisehomes.com\/lumiere-evergreen\/wp-content\/uploads\/2023\/12\/lumiere-evergreen_ex15_final_2023-10-13.jpg","connect_position_homepg":[{"tab":"INNER SMART CITY","img":"https:\/\/masterisehomes.com\/lumiere-evergreen\/wp-content\/uploads\/2023\/12\/2023-2-scaled.jpg","logo":"https:\/\/masterisehomes.com\/lumiere-evergreen\/wp-content\/uploads\/2023\/12\/Group-38175.png","popup":"https:\/\/masterisehomes.com\/lumiere-evergreen\/wp-content\/uploads\/2023\/12\/2023-scaled.jpg"},{"tab":"REGIONAL CONNECTIVITY","img":"https:\/\/masterisehomes.com\/lumiere-evergreen\/wp-content\/uploads\/2023\/12\/Map-for-WEBSITE-2-scaled.jpg","logo":"https:\/\/masterisehomes.com\/lumiere-evergreen\/wp-content\/uploads\/2023\/12\/Group-38176.png","popup":"https:\/\/masterisehomes.com\/lumiere-evergreen\/wp-content\/uploads\/2023\/12\/Map-for-WEBSITE-scaled.jpg"}],"subtitle_agency_homepg":"INTERNATIONAL REAL ESTATE DEVELOPER","title_agency_homepg":"MASTERISE HOMES","background_agency_homepg":"https:\/\/masterisehomes.com\/lumiere-evergreen\/wp-content\/uploads\/2023\/12\/The-Global-City-1536x1025-1-1-1.jpg","title_develop_homepg":"<div class=\"span txt1\" data-aos=\"fade-right\">INTERNATIONAL<\/div>\r\n<div class=\"span txt2\" data-aos=\"fade-left\">REAL ESTATE <\/div>\r\n<div class=\"span txt3\" data-aos=\"fade-right\">DEVELOPER<\/div>","img_develop_homepg":"https:\/\/masterisehomes.com\/lumiere-evergreen\/wp-content\/uploads\/2023\/11\/KV_image_teasing5-6.jpg","logo_develop_homepg":"https:\/\/masterisehomes.com\/lumiere-evergreen\/wp-content\/uploads\/2023\/11\/Logo-Masterise-Homes-1.png","content_develop_homepg":"Masterise Homes \u2013 a member of Masterise Group, is a pioneer in bringing world-class excellence to the development, operations, and management of luxury real estate products and services, in the Vietnamese market and beyond.\r\n<br>\r\n<br>\r\nWith a one-of-a-kind portfolio comprising the largest Branded Residences in South East Asia, Masterise Homes demonstrates world-class capabilities via a strategic partnership with Marriott International, the largest hotel brand in the world with iconic brands of Marriott, JW Marriott and Ritz-Carlton.","imgproj_develop_homepg":false,"noteimg_develop_homepg":"","title_teams_homepg":"\u0110\u1ed8I NG\u0168 PH\u00c1T TRI\u1ec2N D\u1ef0 \u00c1N","content_teams_homepg":"D\u1ef1 \u00e1n \u0111\u01b0\u1ee3c h\u1ee3p t\u00e1c v\u00e0 ph\u00e1t tri\u1ec3n b\u1edfi c\u00e1c \u0111\u01a1n v\u1ecb h\u00e0ng \u0111\u1ea7u th\u1ebf gi\u1edbi, mang \u0111\u1ebfn ch\u1ea5t l\u01b0\u1ee3ng \u0111\u1ea1t ti\u00eau chu\u1ea9n qu\u1ed1c t\u1ebf x\u1ee9ng t\u1ea7m cho c\u01b0 d\u00e2n t\u1ea1i LUMI\u00c8RE Evergreen","listteams_homepg":[{"name":"","logo":false,"link":""},{"name":"","logo":false,"link":""},{"name":"","logo":false,"link":""},{"name":"","logo":false,"link":""},{"name":"","logo":false,"link":""}],"slide_homepage_banner":[{"img":"https:\/\/masterisehomes.com\/lumiere-evergreen\/wp-content\/uploads\/2023\/12\/lumiere-evergreen_ex5_final_2023-08-24-copy.jpg","title":"CHOOSE <br>LIVING <br>FOR MORE","subtitle":"LUMI\u00c8RE <span>EVERGREEN<\/span>","content":"Experience living to the fullest with aesthetic, exquisite architecture that touches perfection at LUMI\u00c8RE Evergreen. A living space with sustainable and timeless values, where life is more than choices."},{"img":"https:\/\/masterisehomes.com\/lumiere-evergreen\/wp-content\/uploads\/2023\/12\/lumiere-evergreen_ex61_final_2023-11-18-1-scaled.jpg","title":"CHOOSE <br>LIVING <br>FOR MORE","subtitle":"LUMI\u00c8RE <span>EVERGREEN<\/span>","content":"Experience living to the fullest with aesthetic, exquisite architecture that touches perfection at LUMI\u00c8RE Evergreen. A living space with sustainable and timeless values, where life is more than choices."},{"img":"https:\/\/masterisehomes.com\/lumiere-evergreen\/wp-content\/uploads\/2023\/12\/lumiere-evergreen_ex9_final_2023-11-18.jpg","title":"CHOOSE <br>LIVING <br>FOR MORE","subtitle":"LUMI\u00c8RE <span>EVERGREEN<\/span>","content":"Experience living to the fullest with aesthetic, exquisite architecture that touches perfection at LUMI\u00c8RE Evergreen. A living space with sustainable and timeless values, where life is more than choices."}],"contentdes_design_homepg":[{"name":"Light","content":"Inspired by the vibrant \"Light\" material, every corner of the building is a presence of overflowing light in a living space full of unique artistic style, evoking the opening of a new journey with endless opportunities waiting to be discovered."},{"name":"Air","content":"Like a gasp of fresh air, the architecture of this building unveils a revolutionary approach to living. Walls dissolve, space expands, and a unique identity infuses every corner. An elegant and luxurious space brings to the residents the complete value of enjoying life and exploring the limits of themselves."},{"name":"Water","content":"Inspired by water's enduring and infinite vitality, LUMI\u00c8RE creates a pioneering design language that is a harmonious connection between a unique living space and a system of extraordinary amenities. It is a symphony about a new living experience, bringing residents a life of enjoyment with complete and sustainable values."}]},"_links":{"self":[{"href":"https:\/\/masterisehomes.com\/lumiere-evergreen\/wp-json\/wp\/v2\/pages\/6093","targetHints":{"allow":["GET"]}}],"collection":[{"href":"https:\/\/masterisehomes.com\/lumiere-evergreen\/wp-json\/wp\/v2\/pages"}],"about":[{"href":"https:\/\/masterisehomes.com\/lumiere-evergreen\/wp-json\/wp\/v2\/types\/page"}],"author":[{"embeddable":true,"href":"https:\/\/masterisehomes.com\/lumiere-evergreen\/wp-json\/wp\/v2\/users\/1"}],"replies":[{"embeddable":true,"href":"https:\/\/masterisehomes.com\/lumiere-evergreen\/wp-json\/wp\/v2\/comments?post=6093"}],"version-history":[{"count":8,"href":"https:\/\/masterisehomes.com\/lumiere-evergreen\/wp-json\/wp\/v2\/pages\/6093\/revisions"}],"predecessor-version":[{"id":6198,"href":"https:\/\/masterisehomes.com\/lumiere-evergreen\/wp-json\/wp\/v2\/pages\/6093\/revisions\/6198"}],"wp:featuredmedia":[{"embeddable":true,"href":"https:\/\/masterisehomes.com\/lumiere-evergreen\/wp-json\/wp\/v2\/media\/4672"}],"wp:attachment":[{"href":"https:\/\/masterisehomes.com\/lumiere-evergreen\/wp-json\/wp\/v2\/media?parent=6093"}],"curies":[{"name":"wp","href":"https:\/\/api.w.org\/{rel}","templated":true}]}}