{"id":5442,"date":"2023-12-23T03:20:01","date_gmt":"2023-12-23T03:20:01","guid":{"rendered":"https:\/\/lumiere.starfruit.com.vn\/?page_id=5442"},"modified":"2023-12-23T03:20:01","modified_gmt":"2023-12-23T03:20:01","slug":"dai-ly","status":"publish","type":"page","link":"https:\/\/masterisehomes.com\/lumiere-evergreen\/dai-ly\/","title":{"rendered":"\u0110\u1ea1i l\u00fd"},"content":{"rendered":"","protected":false},"excerpt":{"rendered":"","protected":false},"author":1,"featured_media":0,"parent":0,"menu_order":0,"comment_status":"closed","ping_status":"closed","template":"template\/agency.php","meta":{"inline_featured_image":false,"footnotes":""},"class_list":["post-5442","page","type-page","status-publish","hentry"],"yoast_head":"<!-- This site is optimized with the Yoast SEO plugin v20.13 - https:\/\/yoast.com\/wordpress\/plugins\/seo\/ -->\n<title>\u0110\u1ea1i l\u00fd - Lumiere<\/title>\n<meta name=\"robots\" content=\"index, follow, max-snippet:-1, max-image-preview:large, max-video-preview:-1\" \/>\n<link rel=\"canonical\" href=\"https:\/\/masterisehomes.com\/lumiere-evergreen\/dai-ly\/\" \/>\n<meta property=\"og:locale\" content=\"vi_VN\" \/>\n<meta property=\"og:type\" content=\"article\" \/>\n<meta property=\"og:title\" content=\"\u0110\u1ea1i l\u00fd - Lumiere\" \/>\n<meta property=\"og:url\" content=\"https:\/\/masterisehomes.com\/lumiere-evergreen\/dai-ly\/\" \/>\n<meta property=\"og:site_name\" content=\"Lumiere\" \/>\n<meta name=\"twitter:card\" content=\"summary_large_image\" \/>\n<script type=\"application\/ld+json\" class=\"yoast-schema-graph\">{\"@context\":\"https:\/\/schema.org\",\"@graph\":[{\"@type\":\"WebPage\",\"@id\":\"https:\/\/masterisehomes.com\/lumiere-evergreen\/dai-ly\/\",\"url\":\"https:\/\/masterisehomes.com\/lumiere-evergreen\/dai-ly\/\",\"name\":\"\u0110\u1ea1i l\u00fd - Lumiere\",\"isPartOf\":{\"@id\":\"https:\/\/masterisehomes.com\/lumiere-evergreen\/#website\"},\"datePublished\":\"2023-12-23T03:20:01+00:00\",\"dateModified\":\"2023-12-23T03:20:01+00:00\",\"breadcrumb\":{\"@id\":\"https:\/\/masterisehomes.com\/lumiere-evergreen\/dai-ly\/#breadcrumb\"},\"inLanguage\":\"vi-VN\",\"potentialAction\":[{\"@type\":\"ReadAction\",\"target\":[\"https:\/\/masterisehomes.com\/lumiere-evergreen\/dai-ly\/\"]}]},{\"@type\":\"BreadcrumbList\",\"@id\":\"https:\/\/masterisehomes.com\/lumiere-evergreen\/dai-ly\/#breadcrumb\",\"itemListElement\":[{\"@type\":\"ListItem\",\"position\":1,\"name\":\"Home\",\"item\":\"https:\/\/masterisehomes.com\/lumiere-evergreen\/\"},{\"@type\":\"ListItem\",\"position\":2,\"name\":\"\u0110\u1ea1i l\u00fd\"}]},{\"@type\":\"WebSite\",\"@id\":\"https:\/\/masterisehomes.com\/lumiere-evergreen\/#website\",\"url\":\"https:\/\/masterisehomes.com\/lumiere-evergreen\/\",\"name\":\"Lumiere\",\"description\":\"Lumiere\",\"potentialAction\":[{\"@type\":\"SearchAction\",\"target\":{\"@type\":\"EntryPoint\",\"urlTemplate\":\"https:\/\/masterisehomes.com\/lumiere-evergreen\/?s={search_term_string}\"},\"query-input\":\"required name=search_term_string\"}],\"inLanguage\":\"vi-VN\"}]}<\/script>\n<!-- \/ Yoast SEO plugin. -->","yoast_head_json":{"title":"\u0110\u1ea1i l\u00fd - Lumiere","robots":{"index":"index","follow":"follow","max-snippet":"max-snippet:-1","max-image-preview":"max-image-preview:large","max-video-preview":"max-video-preview:-1"},"canonical":"https:\/\/masterisehomes.com\/lumiere-evergreen\/dai-ly\/","og_locale":"vi_VN","og_type":"article","og_title":"\u0110\u1ea1i l\u00fd - Lumiere","og_url":"https:\/\/masterisehomes.com\/lumiere-evergreen\/dai-ly\/","og_site_name":"Lumiere","twitter_card":"summary_large_image","schema":{"@context":"https:\/\/schema.org","@graph":[{"@type":"WebPage","@id":"https:\/\/masterisehomes.com\/lumiere-evergreen\/dai-ly\/","url":"https:\/\/masterisehomes.com\/lumiere-evergreen\/dai-ly\/","name":"\u0110\u1ea1i l\u00fd - Lumiere","isPartOf":{"@id":"https:\/\/masterisehomes.com\/lumiere-evergreen\/#website"},"datePublished":"2023-12-23T03:20:01+00:00","dateModified":"2023-12-23T03:20:01+00:00","breadcrumb":{"@id":"https:\/\/masterisehomes.com\/lumiere-evergreen\/dai-ly\/#breadcrumb"},"inLanguage":"vi-VN","potentialAction":[{"@type":"ReadAction","target":["https:\/\/masterisehomes.com\/lumiere-evergreen\/dai-ly\/"]}]},{"@type":"BreadcrumbList","@id":"https:\/\/masterisehomes.com\/lumiere-evergreen\/dai-ly\/#breadcrumb","itemListElement":[{"@type":"ListItem","position":1,"name":"Home","item":"https:\/\/masterisehomes.com\/lumiere-evergreen\/"},{"@type":"ListItem","position":2,"name":"\u0110\u1ea1i l\u00fd"}]},{"@type":"WebSite","@id":"https:\/\/masterisehomes.com\/lumiere-evergreen\/#website","url":"https:\/\/masterisehomes.com\/lumiere-evergreen\/","name":"Lumiere","description":"Lumiere","potentialAction":[{"@type":"SearchAction","target":{"@type":"EntryPoint","urlTemplate":"https:\/\/masterisehomes.com\/lumiere-evergreen\/?s={search_term_string}"},"query-input":"required name=search_term_string"}],"inLanguage":"vi-VN"}]}},"acf":{"title_agencypg":"DANH S\u00c1CH <span>\u0110\u1ea0I L\u00dd<\/span>","listagency_page":[{"logo":"https:\/\/masterisehomes.com\/lumiere-evergreen\/wp-content\/uploads\/2023\/12\/Logo-1-tach-nen.png","link":"","name":"C\u00d4NG TY C\u1ed4 PH\u1ea6N ONE MOUNT REAL ESTATE ","phone":"ONEHOUSING"},{"logo":"https:\/\/masterisehomes.com\/lumiere-evergreen\/wp-content\/uploads\/2023\/12\/LOGO-MAYHOMES-1-01-1.png","link":"","name":"C\u00d4NG TY C\u1ed4 PH\u1ea6N KINH DOANH B\u1ea4T \u0110\u1ed8NG S\u1ea2N MAYHOMES","phone":"MAYHOMES"},{"logo":"https:\/\/masterisehomes.com\/lumiere-evergreen\/wp-content\/uploads\/2023\/12\/MICCGROUP_FINAL-TA-01.png","link":"","name":"C\u00d4NG TY C\u1ed4 PH\u1ea6N PH\u00c1T TRI\u1ec2N B\u1ea4T \u0110\u1ed8NG S\u1ea2N MICC","phone":"MICC GROUP"},{"logo":"https:\/\/masterisehomes.com\/lumiere-evergreen\/wp-content\/uploads\/2023\/12\/Logo-NOVASKY-doc-mau@2x.png","link":"","name":"C\u00f4ng ty TNHH B\u1ea5t \u0110\u1ed9ng S\u1ea3n NovaSky","phone":"NOVASKY"},{"logo":"https:\/\/masterisehomes.com\/lumiere-evergreen\/wp-content\/uploads\/2023\/12\/Logo-cong-ty-01-1.png","link":"","name":"C\u00f4ng ty c\u1ed5 ph\u1ea7n d\u1ecbch v\u1ee5 v\u00e0 \u0111\u1ea7u t\u01b0 T\u00e2n Long","phone":"T\u00c2N LONG"},{"logo":"https:\/\/masterisehomes.com\/lumiere-evergreen\/wp-content\/uploads\/2023\/12\/Dat-Viet-Pro-1-1.png","link":"","name":"C\u00d4NG TY C\u1ed4 PH\u1ea6N \u0110\u1ea6U T\u01af V\u00c0 PH\u00c1T TRI\u1ec2N \u0110\u1ea4T VI\u1ec6T PRO","phone":"\u0110\u1ea4T VI\u1ec6T PRO"},{"logo":"https:\/\/masterisehomes.com\/lumiere-evergreen\/wp-content\/uploads\/2023\/12\/logo-doi-tac.png","link":"","name":"C\u00f4ng ty C\u1ed5 ph\u1ea7n AZHousing","phone":"AZHOUSING"},{"logo":"https:\/\/masterisehomes.com\/lumiere-evergreen\/wp-content\/uploads\/2023\/12\/Group-1.png","link":"","name":"C\u00f4ng ty C\u1ed5 Ph\u1ea7n B\u1ea5t \u0110\u1ed9ng S\u1ea3n VHS","phone":"VHS"},{"logo":"https:\/\/masterisehomes.com\/lumiere-evergreen\/wp-content\/uploads\/2023\/12\/Group-4.png","link":"","name":"C\u00f4ng ty TNHH B\u1ea5t \u0110\u1ed9ng S\u1ea3n T\u00e2n H\u01b0\u01a1ng Ph\u00e1t","phone":"T\u00c2N H\u01af\u01a0NG PH\u00c1T"},{"logo":"https:\/\/masterisehomes.com\/lumiere-evergreen\/wp-content\/uploads\/2023\/12\/Group-2.png","link":"","name":"C\u00d4NG TY TNHH \u0110\u00d4NG \u0110\u00d4 LAND VI\u1ec6T NAM","phone":"\u0110\u00d4NG \u0110\u00d4 LAND"},{"logo":"https:\/\/masterisehomes.com\/lumiere-evergreen\/wp-content\/uploads\/2023\/12\/LOGO-TRANG-KHONG-NEN-1.png","link":"","name":"C\u00f4ng ty C\u1ed5 Ph\u1ea7n B\u1ea5t \u0110\u1ed9ng S\u1ea3n HD Homes","phone":"HD HOMES"},{"logo":"https:\/\/masterisehomes.com\/lumiere-evergreen\/wp-content\/uploads\/2023\/12\/Group-3.png","link":"","name":"C\u00f4ng ty C\u1ed5 ph\u1ea7n ph\u00e1t tri\u1ec3n \u0111\u1ecba \u1ed1c \u0110\u1ea5t V\u00e0ng (T\u00e2n Th\u1eddi \u0110\u1ea1i)","phone":"LM T\u00c2N TH\u1edcI \u0110\u1ea0I - MDLAND"},{"logo":"https:\/\/masterisehomes.com\/lumiere-evergreen\/wp-content\/uploads\/2023\/12\/Ban-sao-Logo-Newway-Realty-e1702285205917.png","link":"","name":"C\u00f4ng ty c\u1ed5 ph\u1ea7n t\u01b0 v\u1ea5n v\u00e0 \u0111\u1ea7u t\u01b0 b\u1ea5t \u0111\u1ed9ng s\u1ea3n Newway","phone":"NEWWAY REALTY"},{"logo":"https:\/\/masterisehomes.com\/lumiere-evergreen\/wp-content\/uploads\/2023\/12\/Mask-group.png","link":"","name":"C\u00f4ng ty C\u1ed5 ph\u1ea7n kinh doanh v\u00e0 ph\u00e1t tri\u1ec3n \u0111\u1ecba \u1ed1c Vietstarland","phone":"VIETSTARLAND"},{"logo":"https:\/\/masterisehomes.com\/lumiere-evergreen\/wp-content\/uploads\/2023\/12\/0-02-06-6607f3e036d5ed84b2d4b84499b67a1590b919b597c29ca89633eb66382c5d9c_f58f7a51ce6c6790-1.png","link":"","name":"C\u00f4ng ty C\u1ed5 ph\u1ea7n t\u1eadp \u0111o\u00e0n QueenLand","phone":"QUEENLAND"},{"logo":"https:\/\/masterisehomes.com\/lumiere-evergreen\/wp-content\/uploads\/2023\/12\/Group-5.png","link":"","name":"C\u00f4ng ty TNHH ph\u00e1t tri\u1ec3n th\u01b0\u01a1ng m\u1ea1i B\u0110S Newstarland","phone":"NEWSTARLAND"},{"logo":"https:\/\/masterisehomes.com\/lumiere-evergreen\/wp-content\/uploads\/2023\/12\/Group.png","link":"","name":"C\u00d4NG TY C\u1ed4 PH\u1ea6N B\u1ea4T \u0110\u1ed8NG S\u1ea2N INDOCHINE","phone":"INDOCHINE"},{"logo":"https:\/\/masterisehomes.com\/lumiere-evergreen\/wp-content\/uploads\/2023\/12\/logo-2-1.png","link":"","name":"C\u00f4ng ty c\u00f4\u0309 ph\u00e2\u0300n th\u01b0\u01a1ng ma\u0323i di\u0323ch vu\u0323 \u0111i\u0323a \u00f4\u0301c QTC","phone":"QTCLAND"},{"logo":"https:\/\/masterisehomes.com\/lumiere-evergreen\/wp-content\/uploads\/2023\/12\/logo-BHG-02.png","link":"","name":"C\u00f4ng ty c\u1ed5 ph\u1ea7n \u0111\u1ea7u t\u01b0 B\u0110S L\u1ed9c \u0110i\u1ec1n Bighomes Group","phone":"BIGHOMES"},{"logo":"https:\/\/masterisehomes.com\/lumiere-evergreen\/wp-content\/uploads\/2023\/12\/Logo-DTL-mien-Bac-1-1.png","link":"","name":"C\u00d4NG TY C\u1ed4 PH\u1ea6N \u0110\u00d4NG T\u00c2Y H\u00c0 N\u1ed8I","phone":"\u0110\u00d4NG T\u00c2Y LAND "},{"logo":"https:\/\/masterisehomes.com\/lumiere-evergreen\/wp-content\/uploads\/2023\/12\/logo-01-1.png","link":"","name":"C\u00f4ng ty TNHH LDHousing Vi\u1ec7t Nam","phone":"LD HOUSING"},{"logo":"https:\/\/masterisehomes.com\/lumiere-evergreen\/wp-content\/uploads\/2023\/12\/Group-6.png","link":"","name":"C\u00f4ng ty c\u00f4\u0309 ph\u1ea7n \u0111\u1ea7u t\u01b0 b\u1ea5t \u0111\u1ed9ng s\u1ea3n Home Plus","phone":"HOMEPLUS"},{"logo":"https:\/\/masterisehomes.com\/lumiere-evergreen\/wp-content\/uploads\/2023\/12\/Group-7.png","link":"","name":"C\u00d4NG TY C\u1ed4 PH\u1ea6N B\u0110S AN PH\u00c1T","phone":"AN PH\u00c1T LAND"},{"logo":"https:\/\/masterisehomes.com\/lumiere-evergreen\/wp-content\/uploads\/2023\/12\/Logo-MDLand-mau.png","link":"","name":"C\u00d4NG TY C\u1ed4 PH\u1ea6N PH\u00c1T TRI\u1ec2N B\u1ea4T \u0110\u1ed8NG S\u1ea2N MDLAND VI\u1ec6T NAM","phone":"MD LAND"}]},"_links":{"self":[{"href":"https:\/\/masterisehomes.com\/lumiere-evergreen\/wp-json\/wp\/v2\/pages\/5442","targetHints":{"allow":["GET"]}}],"collection":[{"href":"https:\/\/masterisehomes.com\/lumiere-evergreen\/wp-json\/wp\/v2\/pages"}],"about":[{"href":"https:\/\/masterisehomes.com\/lumiere-evergreen\/wp-json\/wp\/v2\/types\/page"}],"author":[{"embeddable":true,"href":"https:\/\/masterisehomes.com\/lumiere-evergreen\/wp-json\/wp\/v2\/users\/1"}],"replies":[{"embeddable":true,"href":"https:\/\/masterisehomes.com\/lumiere-evergreen\/wp-json\/wp\/v2\/comments?post=5442"}],"version-history":[{"count":19,"href":"https:\/\/masterisehomes.com\/lumiere-evergreen\/wp-json\/wp\/v2\/pages\/5442\/revisions"}],"predecessor-version":[{"id":6150,"href":"https:\/\/masterisehomes.com\/lumiere-evergreen\/wp-json\/wp\/v2\/pages\/5442\/revisions\/6150"}],"wp:attachment":[{"href":"https:\/\/masterisehomes.com\/lumiere-evergreen\/wp-json\/wp\/v2\/media?parent=5442"}],"curies":[{"name":"wp","href":"https:\/\/api.w.org\/{rel}","templated":true}]}}