{"id":4562,"date":"2023-12-23T03:20:04","date_gmt":"2023-12-23T03:20:04","guid":{"rendered":"https:\/\/lumiere.starfruit.com.vn\/?page_id=4562"},"modified":"2023-12-23T03:20:04","modified_gmt":"2023-12-23T03:20:04","slug":"tien-ich","status":"publish","type":"page","link":"https:\/\/masterisehomes.com\/lumiere-evergreen\/tien-ich\/","title":{"rendered":"Ti\u1ec7n \u00edch"},"content":{"rendered":"","protected":false},"excerpt":{"rendered":"","protected":false},"author":1,"featured_media":0,"parent":0,"menu_order":0,"comment_status":"closed","ping_status":"closed","template":"template\/utilities.php","meta":{"inline_featured_image":false,"footnotes":""},"class_list":["post-4562","page","type-page","status-publish","hentry"],"yoast_head":"<!-- This site is optimized with the Yoast SEO plugin v20.13 - https:\/\/yoast.com\/wordpress\/plugins\/seo\/ -->\n<title>Ti\u1ec7n \u00edch - Lumiere<\/title>\n<meta name=\"robots\" content=\"index, follow, max-snippet:-1, max-image-preview:large, max-video-preview:-1\" \/>\n<link rel=\"canonical\" href=\"https:\/\/masterisehomes.com\/lumiere-evergreen\/tien-ich\/\" \/>\n<meta property=\"og:locale\" content=\"vi_VN\" \/>\n<meta property=\"og:type\" content=\"article\" \/>\n<meta property=\"og:title\" content=\"Ti\u1ec7n \u00edch - Lumiere\" \/>\n<meta property=\"og:url\" content=\"https:\/\/masterisehomes.com\/lumiere-evergreen\/tien-ich\/\" \/>\n<meta property=\"og:site_name\" content=\"Lumiere\" \/>\n<meta name=\"twitter:card\" content=\"summary_large_image\" \/>\n<script type=\"application\/ld+json\" class=\"yoast-schema-graph\">{\"@context\":\"https:\/\/schema.org\",\"@graph\":[{\"@type\":\"WebPage\",\"@id\":\"https:\/\/masterisehomes.com\/lumiere-evergreen\/tien-ich\/\",\"url\":\"https:\/\/masterisehomes.com\/lumiere-evergreen\/tien-ich\/\",\"name\":\"Ti\u1ec7n \u00edch - Lumiere\",\"isPartOf\":{\"@id\":\"https:\/\/masterisehomes.com\/lumiere-evergreen\/#website\"},\"datePublished\":\"2023-12-23T03:20:04+00:00\",\"dateModified\":\"2023-12-23T03:20:04+00:00\",\"breadcrumb\":{\"@id\":\"https:\/\/masterisehomes.com\/lumiere-evergreen\/tien-ich\/#breadcrumb\"},\"inLanguage\":\"vi-VN\",\"potentialAction\":[{\"@type\":\"ReadAction\",\"target\":[\"https:\/\/masterisehomes.com\/lumiere-evergreen\/tien-ich\/\"]}]},{\"@type\":\"BreadcrumbList\",\"@id\":\"https:\/\/masterisehomes.com\/lumiere-evergreen\/tien-ich\/#breadcrumb\",\"itemListElement\":[{\"@type\":\"ListItem\",\"position\":1,\"name\":\"Home\",\"item\":\"https:\/\/masterisehomes.com\/lumiere-evergreen\/\"},{\"@type\":\"ListItem\",\"position\":2,\"name\":\"Ti\u1ec7n \u00edch\"}]},{\"@type\":\"WebSite\",\"@id\":\"https:\/\/masterisehomes.com\/lumiere-evergreen\/#website\",\"url\":\"https:\/\/masterisehomes.com\/lumiere-evergreen\/\",\"name\":\"Lumiere\",\"description\":\"Lumiere\",\"potentialAction\":[{\"@type\":\"SearchAction\",\"target\":{\"@type\":\"EntryPoint\",\"urlTemplate\":\"https:\/\/masterisehomes.com\/lumiere-evergreen\/?s={search_term_string}\"},\"query-input\":\"required name=search_term_string\"}],\"inLanguage\":\"vi-VN\"}]}<\/script>\n<!-- \/ Yoast SEO plugin. -->","yoast_head_json":{"title":"Ti\u1ec7n \u00edch - Lumiere","robots":{"index":"index","follow":"follow","max-snippet":"max-snippet:-1","max-image-preview":"max-image-preview:large","max-video-preview":"max-video-preview:-1"},"canonical":"https:\/\/masterisehomes.com\/lumiere-evergreen\/tien-ich\/","og_locale":"vi_VN","og_type":"article","og_title":"Ti\u1ec7n \u00edch - Lumiere","og_url":"https:\/\/masterisehomes.com\/lumiere-evergreen\/tien-ich\/","og_site_name":"Lumiere","twitter_card":"summary_large_image","schema":{"@context":"https:\/\/schema.org","@graph":[{"@type":"WebPage","@id":"https:\/\/masterisehomes.com\/lumiere-evergreen\/tien-ich\/","url":"https:\/\/masterisehomes.com\/lumiere-evergreen\/tien-ich\/","name":"Ti\u1ec7n \u00edch - Lumiere","isPartOf":{"@id":"https:\/\/masterisehomes.com\/lumiere-evergreen\/#website"},"datePublished":"2023-12-23T03:20:04+00:00","dateModified":"2023-12-23T03:20:04+00:00","breadcrumb":{"@id":"https:\/\/masterisehomes.com\/lumiere-evergreen\/tien-ich\/#breadcrumb"},"inLanguage":"vi-VN","potentialAction":[{"@type":"ReadAction","target":["https:\/\/masterisehomes.com\/lumiere-evergreen\/tien-ich\/"]}]},{"@type":"BreadcrumbList","@id":"https:\/\/masterisehomes.com\/lumiere-evergreen\/tien-ich\/#breadcrumb","itemListElement":[{"@type":"ListItem","position":1,"name":"Home","item":"https:\/\/masterisehomes.com\/lumiere-evergreen\/"},{"@type":"ListItem","position":2,"name":"Ti\u1ec7n \u00edch"}]},{"@type":"WebSite","@id":"https:\/\/masterisehomes.com\/lumiere-evergreen\/#website","url":"https:\/\/masterisehomes.com\/lumiere-evergreen\/","name":"Lumiere","description":"Lumiere","potentialAction":[{"@type":"SearchAction","target":{"@type":"EntryPoint","urlTemplate":"https:\/\/masterisehomes.com\/lumiere-evergreen\/?s={search_term_string}"},"query-input":"required name=search_term_string"}],"inLanguage":"vi-VN"}]}},"acf":{"image_banner_utipg":"https:\/\/masterisehomes.com\/lumiere-evergreen\/wp-content\/uploads\/2023\/12\/lumiere-evergreen_ex61_final_2023-11-18.jpg","segtitle_banner_utipg":"TI\u1ec6N \u00cdCH","subtitle_banner_utipg":"LUMI\u00c8RE <span>Evergreen<\/span>","content_banner_utipg":"N\u01a0I KI\u1ebeN T\u1ea0O L\u1ed0I S\u1ed0NG MANG \u0110\u1eb2NG C\u1ea4P V\u01af\u01a0N T\u1ea6M QU\u1ed0C T\u1ebe V\u1edaI NH\u1eeeNG GI\u00c1 TR\u1eca TR\u01af\u1edcNG T\u1ed2N V\u01af\u1ee2T TH\u1edcI GIAN","img_about_utipg":"https:\/\/masterisehomes.com\/lumiere-evergreen\/wp-content\/uploads\/2023\/12\/Frame-427320915-scaled.jpg","segtitle_about_utipg":"<div class=\"luxy-el\" data-horizontal=\"1\" data-speed-x=\"-2\">\u0110\u1eb6C QUY\u1ec0N T\u1ea0I <\/div><div class=\"luxy-el\" data-horizontal=\"1\" data-speed-x=\"2\">LUMI\u00c8RE EVERGREEN<\/div>","content_about_utipg":"LUMI\u00c8RE Evergreen \u0111\u01b0\u1ee3c x\u00e2y d\u1ef1ng \u1edf v\u1ecb tr\u00ed \u0111\u1eafc \u0111\u1ecba ngay trung t\u00e2m \u0111\u1ea1i \u0111\u00f4 th\u1ecb Smart City, v\u1edbi t\u1ea7m nh\u00ecn bao qu\u00e1t ra h\u1ed3 trung t\u00e2m r\u1ed9ng 4,8ha v\u00e0 c\u00f4ng vi\u00ean trung t\u00e2m Central Park. Kh\u00f4ng ch\u1ec9 d\u1ec5 d\u00e0ng di chuy\u1ec3n t\u1edbi c\u00e1c v\u00f9ng k\u1ebft n\u1ed1i tr\u1ecdng \u0111i\u1ec3m, c\u01b0 d\u00e2n c\u00f2n \u0111\u01b0\u1ee3c t\u1eadn h\u01b0\u1edfng h\u1ec7 ti\u1ec7n \u00edch \u0111a t\u1ea7ng c\u1ee7a \u0111\u1ea1i \u0111\u00f4 th\u1ecb v\u00e0 c\u1ee7a ri\u00eang d\u1ef1 \u00e1n. ","listuti_about_utipg":[{"cate":"Ti\u1ec7n \u00edch trong nh\u00e0","list_gallery":[{"name":"Qu\u1ea7y l\u1ec5 t\u00e2n","img":"https:\/\/masterisehomes.com\/lumiere-evergreen\/wp-content\/uploads\/2023\/11\/LA3-GF-Reception-scaled.jpg"},{"name":"S\u1ea3nh \u0111\u00f3n ti\u1ebfp","img":"https:\/\/masterisehomes.com\/lumiere-evergreen\/wp-content\/uploads\/2023\/11\/LA3-L1-Lobby-Lounge-scaled.jpg"},{"name":"S\u1ea3nh ch\u1edd thang m\u00e1y","img":"https:\/\/masterisehomes.com\/lumiere-evergreen\/wp-content\/uploads\/2023\/11\/LA3_GF-Lift-Lobby-scaled.jpg"},{"name":"S\u1ea3nh c\u0103n h\u1ed9","img":"https:\/\/masterisehomes.com\/lumiere-evergreen\/wp-content\/uploads\/2023\/11\/LA3_Typical-Corrdior-scaled.jpg"},{"name":"Ph\u00f2ng Gym ti\u00eau chu\u1ea9n qu\u1ed1c t\u1ebf","img":"https:\/\/masterisehomes.com\/lumiere-evergreen\/wp-content\/uploads\/2023\/11\/LA3-L1-Gym-scaled.jpg"},{"name":"Business Lounge","img":"https:\/\/masterisehomes.com\/lumiere-evergreen\/wp-content\/uploads\/2023\/11\/LA3-L1-Business-Center-scaled.jpg"},{"name":"Th\u01b0 vi\u1ec7n","img":"https:\/\/masterisehomes.com\/lumiere-evergreen\/wp-content\/uploads\/2023\/11\/LA3-L1-Library-scaled.jpg"},{"name":"Kid room- T\u1ea7ng 1","img":"https:\/\/masterisehomes.com\/lumiere-evergreen\/wp-content\/uploads\/2023\/11\/LA3_GF-Kid_s-club-scaled.jpg"},{"name":"Kid room- T\u1ea7ng 20","img":"https:\/\/masterisehomes.com\/lumiere-evergreen\/wp-content\/uploads\/2023\/11\/LA3_L20-Kid_s-club_temp-scaled.jpg"}]},{"cate":"Ti\u1ec7n \u00edch ngo\u00e0i tr\u1eddi","list_gallery":[{"name":"C\u00f4ng vi\u00ean n\u1ed9i khu","img":"https:\/\/masterisehomes.com\/lumiere-evergreen\/wp-content\/uploads\/2023\/11\/lumiere-evergreen_ex57_final_2023-10-30-scaled.jpg"},{"name":"C\u00f4ng vi\u00ean th\u1ec3 thao","img":"https:\/\/masterisehomes.com\/lumiere-evergreen\/wp-content\/uploads\/2023\/12\/lumiere-evergreen_ex56_final_2023-10-30.jpg"},{"name":"Khu vui ch\u01a1i n\u01b0\u1edbc","img":"https:\/\/masterisehomes.com\/lumiere-evergreen\/wp-content\/uploads\/2023\/11\/lumiere-evergreen_ex67_final_2023-10-30-scaled.jpg"},{"name":"S\u00e2n ch\u01a1i \u00e2m nh\u1ea1c","img":"https:\/\/masterisehomes.com\/lumiere-evergreen\/wp-content\/uploads\/2023\/12\/lumiere-evergreen_ex53_final_2023-10-30.jpg"},{"name":"V\u01b0\u1eddn \u00e1nh s\u00e1ng","img":"https:\/\/masterisehomes.com\/lumiere-evergreen\/wp-content\/uploads\/2023\/11\/lumiere-evergreen_ex60_final_2023-10-30-scaled.jpg"},{"name":"Su\u1ed1i thi\u1ec1n","img":"https:\/\/masterisehomes.com\/lumiere-evergreen\/wp-content\/uploads\/2023\/11\/lumiere-evergreen_ex55_final_2023-10-30-scaled.jpg"},{"name":"Khu BBQ","img":"https:\/\/masterisehomes.com\/lumiere-evergreen\/wp-content\/uploads\/2023\/11\/lumiere-evergreen_ex58_final_2023-11-18-scaled.jpg"},{"name":"S\u00e2n thi\u1ec1n thi\u00ean nhi\u00ean","img":"https:\/\/masterisehomes.com\/lumiere-evergreen\/wp-content\/uploads\/2023\/11\/lumiere-evergreen_ex65_final_2023-11-18-scaled.jpg"},{"name":"Khu vui ch\u01a1i th\u00e1m hi\u1ec3m ","img":"https:\/\/masterisehomes.com\/lumiere-evergreen\/wp-content\/uploads\/2023\/11\/lumiere-evergreen_ex68_it2_2023-09-25.jpg"},{"name":"H\u1ed3 c\u1ea3nh quan","img":"https:\/\/masterisehomes.com\/lumiere-evergreen\/wp-content\/uploads\/2023\/11\/lumiere-evergreen_ex52_it2_2023-09-22-scaled.jpg"},{"name":"Khu BBQ ngo\u00e0i tr\u1eddi","img":"https:\/\/masterisehomes.com\/lumiere-evergreen\/wp-content\/uploads\/2023\/11\/lumiere-evergreen_ex54_it2_2023-09-22-scaled.jpg"},{"name":"\u0110\u01b0\u1eddng d\u1ea1o ng\u00e2n h\u00e0","img":"https:\/\/masterisehomes.com\/lumiere-evergreen\/wp-content\/uploads\/2023\/12\/lumiere-evergreen_ex64_final_2023-11-18.jpg"},{"name":"Khu \u0111\u00e1nh b\u00f3ng b\u00e0n","img":"https:\/\/masterisehomes.com\/lumiere-evergreen\/wp-content\/uploads\/2023\/12\/lumiere-evergreen_ex59_final_2023-11-19.jpg"},{"name":"V\u01b0\u1eddn t\u01b0\u1eddng vi","img":"https:\/\/masterisehomes.com\/lumiere-evergreen\/wp-content\/uploads\/2023\/12\/lumiere-evergreen_ex61_final_2023-11-18-1-scaled.jpg"}]}],"segtitle_internal_area":"<div class=\"luxy-el\" data-horizontal=\"1\" data-speed-x=\"-1\">TI\u1ec6N \u00cdCH N\u1ed8I KHU <\/div><div class=\"luxy-el\" data-horizontal=\"1\" data-speed-x=\"1\"> SMART CITY<\/div>","listuti_internal_area":[{"tab":"Th\u01b0 Gi\u00e3n","list_uti_child":[{"img":"https:\/\/masterisehomes.com\/lumiere-evergreen\/wp-content\/uploads\/2023\/12\/cong-vien-trung-tam-vinhomes-smart-city.jpeg","name":"C\u00f4ng vi\u00ean Trung t\u00e2m","content":""},{"img":"https:\/\/masterisehomes.com\/lumiere-evergreen\/wp-content\/uploads\/2023\/12\/anh-thuc-te-cong-vien-trung-tam-5.jpeg","name":"H\u1ed3 c\u00f4ng vi\u00ean trung t\u00e2m","content":""},{"img":"https:\/\/masterisehomes.com\/lumiere-evergreen\/wp-content\/uploads\/2023\/11\/CONG-VIEN-ANH-SANG-36HA-VINHOMES-GRAND-PARK-QUAN9-11.jpeg","name":"C\u00f4ng vi\u00ean BBQ","content":""},{"img":"https:\/\/masterisehomes.com\/lumiere-evergreen\/wp-content\/uploads\/2023\/12\/2-khai-truong-vuon-nhat-1024x576-1.jpeg","name":"V\u01b0\u1eddn phong c\u00e1ch nh\u1eadt b\u1ea3n","content":""}]},{"tab":"Gi\u1ea3i tr\u00ed","list_uti_child":[{"img":"https:\/\/masterisehomes.com\/lumiere-evergreen\/wp-content\/uploads\/2023\/12\/ctcp-vinhomes-cong-bo-khai-truong-vuon-nhat-vinhomes-smart-city-3.jpeg","name":"C\u00f4ng vi\u00ean \u0111\u00e8n l\u1ed3ng","content":""},{"img":"https:\/\/masterisehomes.com\/lumiere-evergreen\/wp-content\/uploads\/2023\/11\/Screen-Shot-2023-11-30-at-15.08.10.png","name":"C\u00f4ng vi\u00ean Golf \u0111\u1ecba h\u00ecnh mini","content":""},{"img":"https:\/\/masterisehomes.com\/lumiere-evergreen\/wp-content\/uploads\/2023\/11\/cong-vien-co-vua-vinhomes-smart-city.jpeg","name":"C\u00f4ng vi\u00ean c\u1edd vua","content":""},{"img":"https:\/\/masterisehomes.com\/lumiere-evergreen\/wp-content\/uploads\/2023\/11\/bpALOchtnXWOBTTcNaQYGfgSzOpyMn.jpeg","name":"Ch\u00e8o thuy\u1ec1n Kayak","content":""},{"img":"https:\/\/masterisehomes.com\/lumiere-evergreen\/wp-content\/uploads\/2023\/12\/tien-ich-ngoai-troi-1030x551-1.jpeg","name":"C\u00f4ng vi\u00ean khi\u00eau v\u0169","content":""},{"img":"https:\/\/masterisehomes.com\/lumiere-evergreen\/wp-content\/uploads\/2023\/12\/hinh-anh-vincom-mega-mall-smart-city-co-gi-choi-review-tu-a-z-so-3-scaled.jpeg","name":"Trung t\u00e2m th\u01b0\u01a1ng m\u1ea1i","content":""}]}],"title_connect_area":"LI\u00caN K\u1ebeT V\u00d9NG","list_connect_area":[{"name":"LUMI\u00c8RE Evergreen","number":"0","minutes":""},{"name":"To\u00e0n b\u1ed9 ti\u1ec7n \u00edch  <br>khu Smart City","number":"1","minutes":"Ph\u00fat"},{"name":"Aeon Mall H\u00e0 \u0110\u00f4ng<br> \u0110\u1ea1i l\u1ed9 Th\u0103ng Long <br>B\u1ea3o t\u00e0ng L\u1ecbch s\u1eed Qu\u00e2n s\u1ef1 Vi\u1ec7t Nam<br>C\u00e1c tuy\u1ebfn \u0111\u01b0\u1eddng ch\u00ednh \u0111\u1ebfn trung t\u00e2m H\u00e0 N\u1ed9i","number":"2","minutes":"Ph\u00fat"},{"name":"B\u1ed9 Ngo\u1ea1i Giao, Trung t\u00e2m h\u1ed9i Ngh\u1ecb Qu\u1ed1c Gia, SV\u0110 M\u1ef9 \u0110\u00ecnh","number":"5","minutes":"Ph\u00fat"},{"name":"TTTM Big C Th\u0103ng Long<br> B\u1ebfn xe M\u1ef9 \u0110\u00ecnh<br>THPT chuy\u00ean Amsterdam<br> Kaengnam Landmark 72","number":"7","minutes":"Ph\u00fat"},{"name":"BV Qu\u00e2n Y 103, <br>BV Nhi Trung \u01af\u01a1ng","number":"10","minutes":"Ph\u00fat"},{"name":"Trung t\u00e2m H\u00e0 N\u1ed9i - H\u1ed3 Ho\u00e0n Ki\u1ebfm, H\u1ed3 T\u00e2y","number":"20","minutes":"Ph\u00fat"},{"name":"S\u00e2n bay qu\u1ed1c t\u1ebf N\u1ed9i B\u00e0i","number":"40","minutes":"Ph\u00fat"}],"slide_connect_area":[{"name":"Ti\u1ec7n \u00edch Smart City","img":"https:\/\/masterisehomes.com\/lumiere-evergreen\/wp-content\/uploads\/2023\/11\/chung-cu-vinhomes-smart-city-tay-mo-07-1024x546-1.jpeg","content":"Ti\u1ec7n \u00edch Smart City g\u00f3p ph\u1ea7n t\u1ea1o n\u00ean h\u1ec7 sinh th\u00e1i c\u1ea3nh quan \u0111\u1eb7c s\u1eafc g\u1ed3m b\u1ed9 3 c\u00f4ng vi\u00ean li\u00ean ho\u00e0n ch\u1ee7 \u0111\u1ec1  Smart City r\u1ed9ng 16,3 ha bao g\u1ed3m Central Park, Sportia Park v\u00e0 Zen Park. "},{"name":"Aeon Mall H\u00e0 \u0110\u00f4ng","img":"https:\/\/masterisehomes.com\/lumiere-evergreen\/wp-content\/uploads\/2023\/11\/aeon-mall-viet-nam-binh-tan.jpeg","content":" AEON MALL H\u00e0 \u0110\u00f4ng v\u1edbi di\u1ec7n t\u00edch g\u1ea7n 10 hecta, s\u1ee9c ch\u1ee9a l\u00ean t\u1edbi 2,100 xe \u00f4 t\u00f4 v\u00e0 h\u01a1n 9,000 xe m\u00e1y l\u00e0 m\u1ed9t trong nh\u1eefng trung t\u00e2m th\u01b0\u01a1ng m\u1ea1i l\u1edbn nh\u1ea5t c\u1ea3 n\u01b0\u1edbc."},{"name":"B\u1ea3o t\u00e0ng L\u1ecbch s\u1eed Qu\u00e2n s\u1ef1 Vi\u1ec7t Nam","img":"https:\/\/masterisehomes.com\/lumiere-evergreen\/wp-content\/uploads\/2023\/12\/bao-tang-lich-su-quan-su-viet-nam-0_1681309680.jpeg","content":"B\u1ea3o t\u00e0ng L\u1ecbch s\u1eed Qu\u00e2n s\u1ef1 Vi\u1ec7t Nam l\u00e0 n\u01a1i tr\u01b0ng b\u00e0y nh\u1eefng hi\u1ec7n v\u1eadt, h\u00ecnh \u1ea3nh ph\u1ea3n \u00e1nh cu\u1ed9c kh\u00e1ng chi\u1ebfn ch\u1ed1ng Ph\u00e1p v\u00e0 ch\u1ed1ng M\u1ef9 tr\u01b0\u1eddng k\u1ef3 gian kh\u1ed5 c\u1ee7a qu\u00e2n v\u00e0 d\u00e2n ta cho \u0111\u1ebfn t\u1eadn khi gi\u1ea3i ph\u00f3ng."},{"name":"B\u1ed9 Ngo\u1ea1i Giao","img":"https:\/\/masterisehomes.com\/lumiere-evergreen\/wp-content\/uploads\/2023\/12\/dieu-chinh-quy-hoach-tru-so-lam-viec-cac-bo-nganh-tang-quy-mo-khu-vuc-me-tri1484945618.jpeg","content":"Tr\u1ee5 s\u1edf m\u1edbi c\u1ee7a B\u1ed9 l\u00e0 m\u1ed9t t\u1ed5 h\u1ee3p c\u00f4ng tr\u00ecnh ki\u1ebfn tr\u00fac g\u1ed3m 1 kh\u1ed1i \u0111\u1ebf v\u00e0 3 kh\u1ed1i nh\u00e0 v\u1edbi c\u00e1c h\u1ec7 th\u1ed1ng giao th\u00f4ng g\u1ed3m \u0111\u01b0\u1eddng xe ch\u1ea1y, \u0111\u01b0\u1eddng d\u1ea1o, h\u00e8 \u0111\u01b0\u1eddng, b\u00e3i \u0111\u1ec3 xe ngo\u00e0i tr\u1eddi c\u1ee7a kh\u00e1ch, v\u01b0\u1eddn hoa, c\u00e2y xanh, c\u00e1c khu th\u1ec3 thao v\u00e0 c\u00e1c c\u00f4ng tr\u00ecnh k\u1ef9 thu\u1eadt h\u1ea1 t\u1ea7ng ngo\u00e0i nh\u00e0"},{"name":"Trung t\u00e2m h\u1ed9i Ngh\u1ecb Qu\u1ed1c Gia","img":"https:\/\/masterisehomes.com\/lumiere-evergreen\/wp-content\/uploads\/2023\/12\/tthnqg1.jpeg","content":"Trung t\u00e2m h\u1ed9i Ngh\u1ecb Qu\u1ed1c Gia \u0111\u01b0\u1ee3c \u0111\u00e1nh gi\u00e1 l\u00e0 m\u1ed9t trong ba trung t\u00e2m H\u1ed9i ngh\u1ecb l\u1edbn nh\u1ea5t khu v\u1ef1c \u0110\u00f4ng Nam \u00c1 hi\u1ec7n nay. L\u00e0 trung t\u00e2m \u0111\u1ea7u ti\u00ean v\u00e0 duy nh\u1ea5t c\u1ee7a Vi\u1ec7t Nam \u0111\u01b0\u1ee3c x\u00e2y d\u1ef1ng d\u1ef1a tr\u00ean c\u00f4ng ngh\u1ec7 ti\u00ean ti\u1ebfn v\u00e0 hi\u1ec7n \u0111\u1ea1i v\u1edbi ti\u00eau chu\u1ea9n qu\u1ed1c t\u1ebf."},{"name":"S\u00e2n v\u1eadn \u0111\u1ed9ng M\u1ef9 \u0110\u00ecnh","img":"https:\/\/masterisehomes.com\/lumiere-evergreen\/wp-content\/uploads\/2023\/11\/svd_MD_1x_zing.jpeg","content":"S\u00e2n v\u1eadn \u0111\u1ed9ng Qu\u1ed1c gia M\u1ef9 \u0110\u00ecnh l\u00e0 m\u1ed9t s\u00e2n v\u1eadn \u0111\u1ed9ng \u0111a n\u0103ng c\u00f3 s\u1ee9c ch\u1ee9a 40.192 ch\u1ed7 ng\u1ed3i v\u00e0 l\u00e0 trung t\u00e2m c\u1ee7a Khu li\u00ean h\u1ee3p th\u1ec3 thao qu\u1ed1c gia Vi\u1ec7t Nam."},{"name":"TTTM Big C Th\u0103ng Long","img":"https:\/\/masterisehomes.com\/lumiere-evergreen\/wp-content\/uploads\/2023\/12\/big-c-thang-long-1.jpeg","content":"Big C l\u00e0 m\u1ed9t h\u1ec7 th\u1ed1ng si\u00eau th\u1ecb l\u1edbn \u0111\u01b0\u1ee3c th\u00e0nh l\u1eadp t\u1eeb n\u0103m 1994 t\u1ea1i Th\u00e1i Lan, v\u00e0 hi\u1ec7n nay \u0111\u00e3 c\u00f3 m\u1eb7t t\u1ea1i nhi\u1ec1u qu\u1ed1c gia kh\u00e1c nhau tr\u00ean th\u1ebf gi\u1edbi. H\u1ec7 th\u1ed1ng c\u1eeda h\u00e0ng Big C \u0111\u00e3 tr\u1edf th\u00e0nh m\u1ed9t trong nh\u1eefng t\u00ean tu\u1ed5i \u0111\u00e1ng tin c\u1eady v\u00e0 n\u1ed5i ti\u1ebfng trong l\u0129nh v\u1ef1c b\u00e1n l\u1ebb."},{"name":"B\u1ebfn xe M\u1ef9 \u0110\u00ecnh","img":"https:\/\/masterisehomes.com\/lumiere-evergreen\/wp-content\/uploads\/2023\/12\/dji0472-1674038293156815667731.webp","content":"B\u1ebfn Xe M\u1ef9 \u0110\u00ecnh \u0111\u01b0\u1ee3c \u0111\u01b0a v\u00e0o khai th\u00e1c s\u1eed d\u1ee5ng v\u00e0o n\u0103m 2004, x\u00e2y d\u1ef1ng v\u1edbi quy m\u00f4 b\u1ebfn xe lo\u1ea1i 1, c\u00f4ng su\u1ea5t ch\u1ee9a 500-600 xe\/ng\u00e0y. B\u1ebfn c\u00f3 nhi\u1ec1u h\u1ea1ng m\u1ee5c \u0111\u01b0\u1ee3c l\u1eafp \u0111\u1eb7t trang thi\u1ebft b\u1ecb hi\u1ec7n \u0111\u1ea1i nh\u01b0 nh\u00e0 ch\u1edd, qu\u1ea7y b\u00e1n v\u00e9,\u2026kh\u1ea3 n\u0103ng \u0111\u00e1p \u1ee9ng h\u01a1n 10.000 h\u00e0nh kh\u00e1ch\/ng\u00e0y \u0111\u00eam."},{"name":"THPT chuy\u00ean Amsterdam","img":"https:\/\/masterisehomes.com\/lumiere-evergreen\/wp-content\/uploads\/2023\/12\/hanoie28093amsterdamhighschool01-16618604170611519954773.jpeg","content":"Tr\u01b0\u1eddng Trung h\u1ecdc ph\u1ed5 th\u00f4ng chuy\u00ean H\u00e0 N\u1ed9i \u2013 Amsterdam l\u00e0 m\u1ed9t tr\u01b0\u1eddng trung h\u1ecdc ph\u1ed5 th\u00f4ng c\u00f4ng l\u1eadp c\u1ee7a th\u00e0nh ph\u1ed1 H\u00e0 N\u1ed9i \u0111\u01b0\u1ee3c th\u00e0nh l\u1eadp v\u00e0o n\u0103m 1985. Ng\u00e0y nay, tr\u01b0\u1eddng l\u00e0 m\u1ed9t trong s\u1ed1 c\u00e1c tr\u01b0\u1eddng trung h\u1ecdc ph\u1ed5 th\u00f4ng v\u00e0 trung h\u1ecdc c\u01a1 s\u1edf n\u1ed5i ti\u1ebfng nh\u1ea5t th\u00e0nh ph\u1ed1 H\u00e0 N\u1ed9i."},{"name":"Kaengnam Landmark 72","img":"https:\/\/masterisehomes.com\/lumiere-evergreen\/wp-content\/uploads\/2023\/12\/VNO-Keangnam-Hanoi-Landmark-72.jpeg","content":"Keangnam Hanoi Landmark Tower n\u1eb1m tr\u00ean tr\u1ee5c \u0111\u01b0\u1eddng Ph\u1ea1m H\u00f9ng \u2013 n\u01a1i t\u1eadp trung nhi\u1ec1u c\u01a1 quan ch\u00ednh tr\u1ecb, trung t\u00e2m v\u0103n h\u00f3a c\u1ee7a th\u00e0nh ph\u1ed1 H\u00e0 N\u1ed9i. C\u00f4ng tr\u00ecnh c\u00f3 chi\u1ec1u cao l\u00ean \u0111\u1ebfn 350 m2 v\u00e0 t\u1eebng \u0111\u01b0\u1ee3c xem l\u00e0 t\u00f2a nh\u00e0 cao nh\u1ea5t Vi\u1ec7t Nam."},{"name":"B\u1ec7nh vi\u1ec7n Qu\u00e2n Y 103","img":"https:\/\/masterisehomes.com\/lumiere-evergreen\/wp-content\/uploads\/2023\/12\/Hinh-anh-bv-1.png","content":"B\u1ec7nh vi\u1ec7n Qu\u00e2n y 103 th\u00e0nh l\u1eadp v\u00e0o ng\u00e0y 20\/12\/1950. B\u00ea\u0323nh vi\u00ea\u0323n \u0111\u01b0\u01a1\u0323c x\u00ea\u0301p ha\u0323ng la\u0300 b\u1ec7nh vi\u1ec7n \u0111a khoa h\u1ea1ng I, tr\u1ee5 s\u1edf ta\u0323i s\u1ed1 261, \u0111\u01b0\u1eddng Ph\u00f9ng H\u01b0ng \u2013 H\u00e0 \u0110\u00f4ng \u2013 H\u00e0 N\u1ed9i, c\u00f3 m\u1ed9t s\u1ed1 chuy\u00ean khoa cu\u0309a b\u00ea\u0323nh vi\u00ea\u0323n la\u0300 tuy\u1ebfn cu\u1ed1i c\u1ee7a Qu\u00e2n \u0111\u1ed9i. Hi\u00ea\u0323n nay, b\u00ea\u0323nh vi\u00ea\u0323n th\u01b0\u0323c hi\u00ea\u0323n 3 nhi\u00ea\u0323m vu\u0323 chi\u0301nh la\u0300 \u0111i\u00ea\u0300u tri\u0323, \u0111a\u0300o ta\u0323o va\u0300 nghi\u00ean c\u01b0\u0301u khoa ho\u0323c."},{"name":"B\u1ec7nh vi\u1ec7n Nhi Trung \u01af\u01a1ng","img":"https:\/\/masterisehomes.com\/lumiere-evergreen\/wp-content\/uploads\/2023\/12\/benh-vien-nhi-trung-uong-1.jpeg","content":"B\u1ec7nh vi\u1ec7n Nhi Trung \u01af\u01a1ng H\u00e0 N\u1ed9i l\u00e0 b\u1ec7nh vi\u1ec7n nhi khoa h\u00e0ng \u0111\u1ea7u t\u1ea1i Vi\u1ec7t Nam v\u1edbi h\u01a1n 40 khoa ch\u1eefa b\u1ec7nh, c\u00f9ng \u0111\u1ed9i ng\u0169 y b\u00e1c s\u0129 d\u00e0y d\u1eb7n kinh nghi\u1ec7m, \u0111\u01b0\u1ee3c m\u1ecdi ng\u01b0\u1eddi d\u00e2n tin t\u01b0\u1edfng v\u00e0 \u0111\u1ebfn th\u0103m kh\u00e1m. "},{"name":"H\u1ed3 Ho\u00e0n Ki\u1ebfm","img":"https:\/\/masterisehomes.com\/lumiere-evergreen\/wp-content\/uploads\/2023\/12\/ho-hoan-kiem-2.jpeg","content":"H\u1ed3 Ho\u00e0n Ki\u1ebfm kh\u00f4ng ch\u1ec9 l\u00e0 bi\u1ec3u t\u01b0\u1ee3ng ngh\u00ecn n\u0103m v\u0103n hi\u1ebfn c\u1ee7a Th\u1ee7 \u0111\u00f4 m\u00e0 c\u00f2n l\u00e0 th\u1eafng c\u1ea3nh \u0111\u1eb9p thu h\u00fat nhi\u1ec1u du kh\u00e1ch khi \u0111i du l\u1ecbch H\u00e0 N\u1ed9i. H\u1ed3 G\u01b0\u01a1m c\u00f2n \u0111\u01b0\u1ee3c m\u1ec7nh danh l\u00e0 \u201cvi\u00ean ng\u1ecdc s\u00e1ng\u201d c\u1ee7a H\u00e0 N\u1ed9i l\u00e0m say l\u00f2ng r\u1ea5t nhi\u1ec1u nh\u00e0 v\u0103n, thi s\u0129 v\u00e0 du kh\u00e1ch b\u1ed1n ph\u01b0\u01a1ng."},{"name":"H\u1ed3 T\u00e2y","img":"https:\/\/masterisehomes.com\/lumiere-evergreen\/wp-content\/uploads\/2023\/12\/ho-tay-1_1687018394.jpeg","content":"H\u1ed3 T\u00e2y l\u00e0 h\u1ed3 t\u1ef1 nhi\u00ean l\u1edbn nh\u1ea5t th\u00e0nh ph\u1ed1 H\u00e0 N\u1ed9i, hi\u1ec7n thu\u1ed9c \u0111\u1ecba ph\u1eadn qu\u1eadn T\u00e2y H\u1ed3. \u0110\u00e2y l\u00e0 m\u1ed9t h\u1ed3 m\u00f3ng ng\u1ef1a v\u00e0 l\u00e0 v\u1ebft t\u00edch c\u1ee7a d\u00f2ng ch\u1ea3y c\u0169 c\u1ee7a s\u00f4ng H\u1ed3ng. H\u1ed3 c\u00f3 di\u1ec7n t\u00edch h\u01a1n 500 ha v\u1edbi chu vi l\u00e0 kho\u1ea3ng 14,8 km."},{"name":"S\u00e2n bay qu\u1ed1c t\u1ebf N\u1ed9i B\u00e0i","img":"https:\/\/masterisehomes.com\/lumiere-evergreen\/wp-content\/uploads\/2023\/12\/san-bay-noi-bai-o-dau.jpeg","content":"S\u00e2n bay qu\u1ed1c t\u1ebf N\u1ed9i B\u00e0i l\u00e0 s\u00e2n bay qu\u1ed1c t\u1ebf l\u1edbn th\u1ee9 hai t\u1ea1i Vi\u1ec7t Nam. S\u00e2n bay ph\u1ee5c v\u1ee5 nhu c\u1ea7u \u0111i l\u1ea1i, v\u1eadn chuy\u1ec3n h\u00e0ng h\u00f3a c\u1ee7a du kh\u00e1ch trong v\u00e0 ngo\u00e0i n\u01b0\u1edbc \u0111\u1ebfn Th\u1ee7 \u0111\u00f4 v\u00e0 ng\u01b0\u1ee3c l\u1ea1i. "}],"segtitle_hospital_uti":"","listhospial_uti":false},"_links":{"self":[{"href":"https:\/\/masterisehomes.com\/lumiere-evergreen\/wp-json\/wp\/v2\/pages\/4562","targetHints":{"allow":["GET"]}}],"collection":[{"href":"https:\/\/masterisehomes.com\/lumiere-evergreen\/wp-json\/wp\/v2\/pages"}],"about":[{"href":"https:\/\/masterisehomes.com\/lumiere-evergreen\/wp-json\/wp\/v2\/types\/page"}],"author":[{"embeddable":true,"href":"https:\/\/masterisehomes.com\/lumiere-evergreen\/wp-json\/wp\/v2\/users\/1"}],"replies":[{"embeddable":true,"href":"https:\/\/masterisehomes.com\/lumiere-evergreen\/wp-json\/wp\/v2\/comments?post=4562"}],"version-history":[{"count":73,"href":"https:\/\/masterisehomes.com\/lumiere-evergreen\/wp-json\/wp\/v2\/pages\/4562\/revisions"}],"predecessor-version":[{"id":8414,"href":"https:\/\/masterisehomes.com\/lumiere-evergreen\/wp-json\/wp\/v2\/pages\/4562\/revisions\/8414"}],"wp:attachment":[{"href":"https:\/\/masterisehomes.com\/lumiere-evergreen\/wp-json\/wp\/v2\/media?parent=4562"}],"curies":[{"name":"wp","href":"https:\/\/api.w.org\/{rel}","templated":true}]}}