{"id":4506,"date":"2023-12-23T03:20:05","date_gmt":"2023-12-23T03:20:05","guid":{"rendered":"https:\/\/lumiere.starfruit.com.vn\/?page_id=4506"},"modified":"2023-12-23T03:20:05","modified_gmt":"2023-12-23T03:20:05","slug":"lien-he","status":"publish","type":"page","link":"https:\/\/masterisehomes.com\/lumiere-evergreen\/lien-he\/","title":{"rendered":"Li\u00ean h\u1ec7"},"content":{"rendered":"","protected":false},"excerpt":{"rendered":"","protected":false},"author":1,"featured_media":0,"parent":0,"menu_order":0,"comment_status":"closed","ping_status":"closed","template":"template\/contact.php","meta":{"inline_featured_image":false,"footnotes":""},"class_list":["post-4506","page","type-page","status-publish","hentry"],"yoast_head":"<!-- This site is optimized with the Yoast SEO plugin v20.13 - https:\/\/yoast.com\/wordpress\/plugins\/seo\/ -->\n<title>Li\u00ean h\u1ec7 - Lumiere<\/title>\n<meta name=\"robots\" content=\"index, follow, max-snippet:-1, max-image-preview:large, max-video-preview:-1\" \/>\n<link rel=\"canonical\" href=\"https:\/\/masterisehomes.com\/lumiere-evergreen\/lien-he\/\" \/>\n<meta property=\"og:locale\" content=\"vi_VN\" \/>\n<meta property=\"og:type\" content=\"article\" \/>\n<meta property=\"og:title\" content=\"Li\u00ean h\u1ec7 - Lumiere\" \/>\n<meta property=\"og:url\" content=\"https:\/\/masterisehomes.com\/lumiere-evergreen\/lien-he\/\" \/>\n<meta property=\"og:site_name\" content=\"Lumiere\" \/>\n<meta name=\"twitter:card\" content=\"summary_large_image\" \/>\n<script type=\"application\/ld+json\" class=\"yoast-schema-graph\">{\"@context\":\"https:\/\/schema.org\",\"@graph\":[{\"@type\":\"WebPage\",\"@id\":\"https:\/\/masterisehomes.com\/lumiere-evergreen\/lien-he\/\",\"url\":\"https:\/\/masterisehomes.com\/lumiere-evergreen\/lien-he\/\",\"name\":\"Li\u00ean h\u1ec7 - Lumiere\",\"isPartOf\":{\"@id\":\"https:\/\/masterisehomes.com\/lumiere-evergreen\/#website\"},\"datePublished\":\"2023-12-23T03:20:05+00:00\",\"dateModified\":\"2023-12-23T03:20:05+00:00\",\"breadcrumb\":{\"@id\":\"https:\/\/masterisehomes.com\/lumiere-evergreen\/lien-he\/#breadcrumb\"},\"inLanguage\":\"vi-VN\",\"potentialAction\":[{\"@type\":\"ReadAction\",\"target\":[\"https:\/\/masterisehomes.com\/lumiere-evergreen\/lien-he\/\"]}]},{\"@type\":\"BreadcrumbList\",\"@id\":\"https:\/\/masterisehomes.com\/lumiere-evergreen\/lien-he\/#breadcrumb\",\"itemListElement\":[{\"@type\":\"ListItem\",\"position\":1,\"name\":\"Home\",\"item\":\"https:\/\/masterisehomes.com\/lumiere-evergreen\/\"},{\"@type\":\"ListItem\",\"position\":2,\"name\":\"Li\u00ean h\u1ec7\"}]},{\"@type\":\"WebSite\",\"@id\":\"https:\/\/masterisehomes.com\/lumiere-evergreen\/#website\",\"url\":\"https:\/\/masterisehomes.com\/lumiere-evergreen\/\",\"name\":\"Lumiere\",\"description\":\"Lumiere\",\"potentialAction\":[{\"@type\":\"SearchAction\",\"target\":{\"@type\":\"EntryPoint\",\"urlTemplate\":\"https:\/\/masterisehomes.com\/lumiere-evergreen\/?s={search_term_string}\"},\"query-input\":\"required name=search_term_string\"}],\"inLanguage\":\"vi-VN\"}]}<\/script>\n<!-- \/ Yoast SEO plugin. -->","yoast_head_json":{"title":"Li\u00ean h\u1ec7 - Lumiere","robots":{"index":"index","follow":"follow","max-snippet":"max-snippet:-1","max-image-preview":"max-image-preview:large","max-video-preview":"max-video-preview:-1"},"canonical":"https:\/\/masterisehomes.com\/lumiere-evergreen\/lien-he\/","og_locale":"vi_VN","og_type":"article","og_title":"Li\u00ean h\u1ec7 - Lumiere","og_url":"https:\/\/masterisehomes.com\/lumiere-evergreen\/lien-he\/","og_site_name":"Lumiere","twitter_card":"summary_large_image","schema":{"@context":"https:\/\/schema.org","@graph":[{"@type":"WebPage","@id":"https:\/\/masterisehomes.com\/lumiere-evergreen\/lien-he\/","url":"https:\/\/masterisehomes.com\/lumiere-evergreen\/lien-he\/","name":"Li\u00ean h\u1ec7 - Lumiere","isPartOf":{"@id":"https:\/\/masterisehomes.com\/lumiere-evergreen\/#website"},"datePublished":"2023-12-23T03:20:05+00:00","dateModified":"2023-12-23T03:20:05+00:00","breadcrumb":{"@id":"https:\/\/masterisehomes.com\/lumiere-evergreen\/lien-he\/#breadcrumb"},"inLanguage":"vi-VN","potentialAction":[{"@type":"ReadAction","target":["https:\/\/masterisehomes.com\/lumiere-evergreen\/lien-he\/"]}]},{"@type":"BreadcrumbList","@id":"https:\/\/masterisehomes.com\/lumiere-evergreen\/lien-he\/#breadcrumb","itemListElement":[{"@type":"ListItem","position":1,"name":"Home","item":"https:\/\/masterisehomes.com\/lumiere-evergreen\/"},{"@type":"ListItem","position":2,"name":"Li\u00ean h\u1ec7"}]},{"@type":"WebSite","@id":"https:\/\/masterisehomes.com\/lumiere-evergreen\/#website","url":"https:\/\/masterisehomes.com\/lumiere-evergreen\/","name":"Lumiere","description":"Lumiere","potentialAction":[{"@type":"SearchAction","target":{"@type":"EntryPoint","urlTemplate":"https:\/\/masterisehomes.com\/lumiere-evergreen\/?s={search_term_string}"},"query-input":"required name=search_term_string"}],"inLanguage":"vi-VN"}]}},"acf":{"segtitle_conatctpg":"TH\u00d4NG TIN <span>LI\u00caN H\u1ec6<\/span>","titleform_contactpg":"Li\u00ean h\u1ec7 t\u01b0 v\u1ea5n","content_contactpg":"\u0110\u1ec3 t\u00ecm hi\u1ec3u th\u00f4ng tin, vui l\u00f2ng li\u00ean h\u1ec7 v\u1edbi ch\u00fang t\u00f4i qua c\u00e1c k\u00eanh th\u00f4ng tin sau:","listinfo_contactpg":[{"icon":"https:\/\/masterisehomes.com\/lumiere-evergreen\/wp-content\/uploads\/2023\/11\/Pin.svg","name":"Trung t\u00e2m \u0111\u1ea1i \u0111\u00f4 th\u1ecb Smart City, T\u00e2y M\u1ed7, \u0110\u1ea1i M\u1ed7, Qu\u1eadn Nam T\u1eeb Li\u00eam, H\u00e0 N\u1ed9i","link":""},{"icon":"https:\/\/masterisehomes.com\/lumiere-evergreen\/wp-content\/uploads\/2023\/11\/viber-1.svg","name":"Li\u00ean h\u1ec7: <span>(+84) 28 39 159 159 <\/span>","link":"tel:02839159159"},{"icon":"https:\/\/masterisehomes.com\/lumiere-evergreen\/wp-content\/uploads\/2023\/11\/open-mail-1.svg","name":"Email: Sales@masterisehomes.com","link":"mailto:Sales@masterisehomes.com"}],"iframe_maps_contactpg":"<iframe src=\"https:\/\/www.google.com\/maps\/embed?pb=!1m18!1m12!1m3!1d3724.7774955316527!2d105.73709607501809!3d21.00155448064105!2m3!1f0!2f0!3f0!3m2!1i1024!2i768!4f13.1!3m3!1m2!1s0x3134532ec9c970a9%3A0x132d55cfd8747b2a!2sLumiere%20Evergreen!5e0!3m2!1sen!2s!4v1701281808013!5m2!1sen!2s\" width=\"600\" height=\"450\" style=\"border:0;\" allowfullscreen=\"\" loading=\"lazy\" referrerpolicy=\"no-referrer-when-downgrade\"><\/iframe>"},"_links":{"self":[{"href":"https:\/\/masterisehomes.com\/lumiere-evergreen\/wp-json\/wp\/v2\/pages\/4506","targetHints":{"allow":["GET"]}}],"collection":[{"href":"https:\/\/masterisehomes.com\/lumiere-evergreen\/wp-json\/wp\/v2\/pages"}],"about":[{"href":"https:\/\/masterisehomes.com\/lumiere-evergreen\/wp-json\/wp\/v2\/types\/page"}],"author":[{"embeddable":true,"href":"https:\/\/masterisehomes.com\/lumiere-evergreen\/wp-json\/wp\/v2\/users\/1"}],"replies":[{"embeddable":true,"href":"https:\/\/masterisehomes.com\/lumiere-evergreen\/wp-json\/wp\/v2\/comments?post=4506"}],"version-history":[{"count":8,"href":"https:\/\/masterisehomes.com\/lumiere-evergreen\/wp-json\/wp\/v2\/pages\/4506\/revisions"}],"predecessor-version":[{"id":5001,"href":"https:\/\/masterisehomes.com\/lumiere-evergreen\/wp-json\/wp\/v2\/pages\/4506\/revisions\/5001"}],"wp:attachment":[{"href":"https:\/\/masterisehomes.com\/lumiere-evergreen\/wp-json\/wp\/v2\/media?parent=4506"}],"curies":[{"name":"wp","href":"https:\/\/api.w.org\/{rel}","templated":true}]}}