{"id":4378,"date":"2023-12-23T03:20:08","date_gmt":"2023-12-23T03:20:08","guid":{"rendered":"https:\/\/lumiere.starfruit.com.vn\/?page_id=4378"},"modified":"2024-01-16T07:34:56","modified_gmt":"2024-01-16T07:34:56","slug":"homepage","status":"publish","type":"page","link":"https:\/\/masterisehomes.com\/lumiere-evergreen\/","title":{"rendered":"HomePage"},"content":{"rendered":"","protected":false},"excerpt":{"rendered":"","protected":false},"author":1,"featured_media":4671,"parent":0,"menu_order":0,"comment_status":"closed","ping_status":"closed","template":"template\/homepage.php","meta":{"inline_featured_image":false,"footnotes":""},"class_list":["post-4378","page","type-page","status-publish","has-post-thumbnail","hentry"],"yoast_head":"<!-- This site is optimized with the Yoast SEO plugin v20.13 - https:\/\/yoast.com\/wordpress\/plugins\/seo\/ -->\n<title>LUMI\u00c8RE Evergreen - The Aura<\/title>\n<meta name=\"description\" content=\"The Aura - N\u01a1i \u00e1nh d\u01b0\u01a1ng kh\u1edfi ngu\u1ed3n\" \/>\n<meta name=\"robots\" content=\"index, follow, max-snippet:-1, max-image-preview:large, max-video-preview:-1\" \/>\n<link rel=\"canonical\" href=\"https:\/\/masterisehomes.com\/lumiere-evergreen\/\" \/>\n<meta property=\"og:locale\" content=\"vi_VN\" \/>\n<meta property=\"og:type\" content=\"article\" \/>\n<meta property=\"og:title\" content=\"LUMI\u00c8RE Evergreen - The Aura\" \/>\n<meta property=\"og:description\" content=\"The Aura - N\u01a1i \u00e1nh d\u01b0\u01a1ng kh\u1edfi ngu\u1ed3n\" \/>\n<meta property=\"og:url\" content=\"https:\/\/masterisehomes.com\/lumiere-evergreen\/\" \/>\n<meta property=\"og:site_name\" content=\"Lumiere\" \/>\n<meta property=\"article:modified_time\" content=\"2024-01-16T07:34:56+00:00\" \/>\n<meta property=\"og:image\" content=\"https:\/\/masterisehomes.com\/lumiere-evergreen\/wp-content\/uploads\/2023\/12\/image-6.jpg\" \/>\n\t<meta property=\"og:image:width\" content=\"645\" \/>\n\t<meta property=\"og:image:height\" content=\"363\" \/>\n\t<meta property=\"og:image:type\" content=\"image\/jpeg\" \/>\n<meta name=\"twitter:card\" content=\"summary_large_image\" \/>\n<meta name=\"twitter:title\" content=\"LUMI\u00c8RE Evergreen - The Aura\" \/>\n<meta name=\"twitter:description\" content=\"The Aura - N\u01a1i \u00e1nh d\u01b0\u01a1ng kh\u1edfi ngu\u1ed3n\" \/>\n<meta name=\"twitter:image\" content=\"https:\/\/masterisehomes.com\/lumiere-evergreen\/wp-content\/uploads\/2023\/12\/image-6.jpg\" \/>\n<script type=\"application\/ld+json\" class=\"yoast-schema-graph\">{\"@context\":\"https:\/\/schema.org\",\"@graph\":[{\"@type\":\"WebPage\",\"@id\":\"https:\/\/masterisehomes.com\/lumiere-evergreen\/\",\"url\":\"https:\/\/masterisehomes.com\/lumiere-evergreen\/\",\"name\":\"LUMI\u00c8RE Evergreen - The Aura\",\"isPartOf\":{\"@id\":\"https:\/\/masterisehomes.com\/lumiere-evergreen\/#website\"},\"datePublished\":\"2023-12-23T03:20:08+00:00\",\"dateModified\":\"2024-01-16T07:34:56+00:00\",\"description\":\"The Aura - N\u01a1i \u00e1nh d\u01b0\u01a1ng kh\u1edfi ngu\u1ed3n\",\"breadcrumb\":{\"@id\":\"https:\/\/masterisehomes.com\/lumiere-evergreen\/#breadcrumb\"},\"inLanguage\":\"vi-VN\",\"potentialAction\":[{\"@type\":\"ReadAction\",\"target\":[\"https:\/\/masterisehomes.com\/lumiere-evergreen\/\"]}]},{\"@type\":\"BreadcrumbList\",\"@id\":\"https:\/\/masterisehomes.com\/lumiere-evergreen\/#breadcrumb\",\"itemListElement\":[{\"@type\":\"ListItem\",\"position\":1,\"name\":\"Home\",\"item\":\"https:\/\/masterisehomes.com\/lumiere-evergreen\/\"},{\"@type\":\"ListItem\",\"position\":2,\"name\":\"HomePage\"}]},{\"@type\":\"WebSite\",\"@id\":\"https:\/\/masterisehomes.com\/lumiere-evergreen\/#website\",\"url\":\"https:\/\/masterisehomes.com\/lumiere-evergreen\/\",\"name\":\"Lumiere\",\"description\":\"Lumiere\",\"potentialAction\":[{\"@type\":\"SearchAction\",\"target\":{\"@type\":\"EntryPoint\",\"urlTemplate\":\"https:\/\/masterisehomes.com\/lumiere-evergreen\/?s={search_term_string}\"},\"query-input\":\"required name=search_term_string\"}],\"inLanguage\":\"vi-VN\"}]}<\/script>\n<!-- \/ Yoast SEO plugin. -->","yoast_head_json":{"title":"LUMI\u00c8RE Evergreen - The Aura","description":"The Aura - N\u01a1i \u00e1nh d\u01b0\u01a1ng kh\u1edfi ngu\u1ed3n","robots":{"index":"index","follow":"follow","max-snippet":"max-snippet:-1","max-image-preview":"max-image-preview:large","max-video-preview":"max-video-preview:-1"},"canonical":"https:\/\/masterisehomes.com\/lumiere-evergreen\/","og_locale":"vi_VN","og_type":"article","og_title":"LUMI\u00c8RE Evergreen - The Aura","og_description":"The Aura - N\u01a1i \u00e1nh d\u01b0\u01a1ng kh\u1edfi ngu\u1ed3n","og_url":"https:\/\/masterisehomes.com\/lumiere-evergreen\/","og_site_name":"Lumiere","article_modified_time":"2024-01-16T07:34:56+00:00","og_image":[{"width":645,"height":363,"url":"https:\/\/masterisehomes.com\/lumiere-evergreen\/wp-content\/uploads\/2023\/12\/image-6.jpg","type":"image\/jpeg"}],"twitter_card":"summary_large_image","twitter_title":"LUMI\u00c8RE Evergreen - The Aura","twitter_description":"The Aura - N\u01a1i \u00e1nh d\u01b0\u01a1ng kh\u1edfi ngu\u1ed3n","twitter_image":"https:\/\/masterisehomes.com\/lumiere-evergreen\/wp-content\/uploads\/2023\/12\/image-6.jpg","schema":{"@context":"https:\/\/schema.org","@graph":[{"@type":"WebPage","@id":"https:\/\/masterisehomes.com\/lumiere-evergreen\/","url":"https:\/\/masterisehomes.com\/lumiere-evergreen\/","name":"LUMI\u00c8RE Evergreen - The Aura","isPartOf":{"@id":"https:\/\/masterisehomes.com\/lumiere-evergreen\/#website"},"datePublished":"2023-12-23T03:20:08+00:00","dateModified":"2024-01-16T07:34:56+00:00","description":"The Aura - N\u01a1i \u00e1nh d\u01b0\u01a1ng kh\u1edfi ngu\u1ed3n","breadcrumb":{"@id":"https:\/\/masterisehomes.com\/lumiere-evergreen\/#breadcrumb"},"inLanguage":"vi-VN","potentialAction":[{"@type":"ReadAction","target":["https:\/\/masterisehomes.com\/lumiere-evergreen\/"]}]},{"@type":"BreadcrumbList","@id":"https:\/\/masterisehomes.com\/lumiere-evergreen\/#breadcrumb","itemListElement":[{"@type":"ListItem","position":1,"name":"Home","item":"https:\/\/masterisehomes.com\/lumiere-evergreen\/"},{"@type":"ListItem","position":2,"name":"HomePage"}]},{"@type":"WebSite","@id":"https:\/\/masterisehomes.com\/lumiere-evergreen\/#website","url":"https:\/\/masterisehomes.com\/lumiere-evergreen\/","name":"Lumiere","description":"Lumiere","potentialAction":[{"@type":"SearchAction","target":{"@type":"EntryPoint","urlTemplate":"https:\/\/masterisehomes.com\/lumiere-evergreen\/?s={search_term_string}"},"query-input":"required name=search_term_string"}],"inLanguage":"vi-VN"}]}},"acf":{"image_about_homepg":"https:\/\/masterisehomes.com\/lumiere-evergreen\/wp-content\/uploads\/2023\/12\/lumiere-evergreen_ex6_final_2023-11-18_15K-2-scaled.jpg","subtitle_about_homepg":"V\u1ec0 D\u1ef0 \u00c1N","title_about_homepg":"LUMI\u00c8RE EVERGREEN","content_about_homepg":"Kh\u01a1i ngu\u1ed3n c\u1ea3m h\u1ee9ng t\u1eeb ba nguy\u00ean t\u1ed1 v\u0129nh c\u1eedu c\u1ee7a cu\u1ed9c s\u1ed1ng: \u00e1nh s\u00e1ng, kh\u00f4ng kh\u00ed v\u00e0 n\u01b0\u1edbc, LUMI\u00c8RE Evergreen khai m\u1edf m\u1ed9t phong c\u00e1ch s\u1ed1ng kh\u00e1c bi\u1ec7t, n\u01a1i s\u1ed1ng l\u00e0 nh\u1eefng tr\u1ea3i nghi\u1ec7m v\u00f4 t\u1eadn ch\u1ea1m \u0111\u1ebfn c\u1ea3m x\u00fac, ki\u1ebfn t\u1ea1o m\u1ed9t c\u1ed9ng \u0111\u1ed3ng qu\u1ed1c t\u1ebf m\u1edbi ph\u00eda T\u00e2y H\u00e0 N\u1ed9i.","content_intro_homepg":"K\u1ebf th\u1eeba nh\u1eefng gi\u00e1 tr\u1ecb c\u1ee7a th\u01b0\u01a1ng hi\u1ec7u LUMI\u00c8RE, LUMI\u00c8RE Evergreen l\u00e0 bi\u1ec3u t\u01b0\u1ee3ng th\u1eddi \u0111\u1ea1i c\u1ee7a tinh hoa v\u00e0 chu\u1ea9n m\u1ef1c s\u1ed1ng m\u1edbi t\u1ea1i trung t\u00e2m \u0110\u1ea1i \u0111\u00f4 th\u1ecb Smart City, n\u01a1i b\u1ea1n h\u01b0\u1edfng th\u1ee5 cu\u1ed9c s\u1ed1ng v\u1edbi ch\u1ea5t l\u01b0\u1ee3ng qu\u1ed1c t\u1ebf, ki\u1ebfn t\u1ea1o n\u00ean gi\u00e1 tr\u1ecb tr\u01b0\u1eddng t\u1ed3n, v\u01b0\u1ee3t th\u1eddi gian, v\u1edbi h\u1ec7 th\u1ed1ng  ti\u1ec7n \u00edch \u0111\u1ed9t ph\u00e1 v\u1ec1 th\u01b0\u01a1ng m\u1ea1i, d\u1ecbch v\u1ee5 c\u1ee7a c\u00e1c th\u01b0\u01a1ng hi\u1ec7u h\u00e0ng \u0111\u1ea7u. ","textread_intro_homepg":"T\u00ccM HI\u1ec2U TH\u00caM","linkread_intro_homepg":"\/lumiere-evergreen\/tien-ich\/","background_intro_homepg":"https:\/\/masterisehomes.com\/lumiere-evergreen\/wp-content\/uploads\/2023\/12\/L1T1H5C-copy.jpg","image_intro_homepg":"https:\/\/masterisehomes.com\/lumiere-evergreen\/wp-content\/uploads\/2023\/12\/lumiere-evergreen_ex32_final_2023-11-07-copy.jpg","title_design_homepg":"C\u1ea2M H\u1ee8NG","title2_design_homepg":"THI\u1ebeT K\u1ebe","background_design_homepg":"https:\/\/masterisehomes.com\/lumiere-evergreen\/wp-content\/uploads\/2023\/12\/Frame-189.png","content_design_homepg":"LUMI\u00c8RE khai m\u1edf tri\u1ebft l\u00fd s\u1ed1ng m\u1edbi n\u01a1i c\u01b0 gia h\u01b0\u1edfng th\u1ee5 v\u1ebb \u0111\u1eb9p th\u01b0 th\u00e1i c\u1ee7a ki\u1ebfn tr\u00fac v\u00e0 d\u1ecbch v\u1ee5 qu\u1ed1c t\u1ebf. V\u01b0\u1ee3t tr\u00ean nh\u1eefng quy chu\u1ea9n, LUMI\u00c8RE mang \u0111\u1ebfn tr\u1ea3i nghi\u1ec7m s\u1ed1ng ho\u00e0n to\u00e0n m\u1edbi  n\u01a1i v\u1ebb \u0111\u1eb9p ki\u1ebfn tr\u00fac truy\u1ec1n c\u1ea3m h\u1ee9ng m\u1ed7i ng\u00e0y.","image_design_hhomepg":"https:\/\/masterisehomes.com\/lumiere-evergreen\/wp-content\/uploads\/2023\/12\/lumiere-evergreen_ex19_final_2023-08-24-copy.jpg","title_position_homepg":"V\u1eca TR\u00cd D\u1ef0 \u00c1N","subtitle_position_homepg":"<div class=\"span txt1\" data-aos=\"fade-right\">M\u1ed8T B\u01af\u1edaC<\/div>\r\n<div class=\"span txt2\" data-aos=\"fade-left\">CH\u1ea0M \u0110\u1ebeN <\/div>\r\n<div class=\"span txt3\" data-aos=\"fade-right\">TI\u1ec6N \u00cdCH \u0110A T\u1ea6NG<\/div>","content_position_homepg":"T\u1ecda l\u1ea1c t\u1ea1i v\u1ecb tr\u00ed \u0111\u1eafc \u0111\u1ecba t\u1ea1i trung t\u00e2m Smart City, LUMI\u00c8RE Evergreen k\u1ebft n\u1ed1i thu\u1eadn ti\u1ec7n v\u1edbi khu v\u1ef1c n\u1ed9i \u0111\u00f4 c\u00f9ng nhi\u1ec1u ti\u1ec7n \u00edch \u0111\u1ed9t ph\u00e1 cho nh\u1eefng ch\u1ee7 nh\u00e2n x\u1ee9ng t\u1ea7m.","img_position_homepg":"https:\/\/masterisehomes.com\/lumiere-evergreen\/wp-content\/uploads\/2023\/12\/lumiere-evergreen_ex15_final_2023-10-13.jpg","connect_position_homepg":[{"tab":"N\u1ed8I KHU \u0110\u00d4 TH\u1eca","img":"https:\/\/masterisehomes.com\/lumiere-evergreen\/wp-content\/uploads\/2023\/12\/2023-4-scaled.jpg","logo":"https:\/\/masterisehomes.com\/lumiere-evergreen\/wp-content\/uploads\/2023\/12\/Group-38175.png","popup":"https:\/\/masterisehomes.com\/lumiere-evergreen\/wp-content\/uploads\/2023\/12\/2023-5-scaled.jpg"},{"tab":"LI\u00caN K\u1ebeT V\u00d9NG","img":"https:\/\/masterisehomes.com\/lumiere-evergreen\/wp-content\/uploads\/2023\/12\/Map-for-WEBSITE-2-1-scaled.jpg","logo":"https:\/\/masterisehomes.com\/lumiere-evergreen\/wp-content\/uploads\/2023\/12\/Group-38176.png","popup":"https:\/\/masterisehomes.com\/lumiere-evergreen\/wp-content\/uploads\/2023\/12\/Map-for-WEBSITE-1-1-scaled.jpg"}],"subtitle_agency_homepg":"NH\u00c0 PH\u00c1T TRI\u1ec2N B\u1ea4T \u0110\u1ed8NG S\u1ea2N QU\u1ed0C T\u1ebe","title_agency_homepg":"MASTERISE HOMES","background_agency_homepg":"https:\/\/masterisehomes.com\/lumiere-evergreen\/wp-content\/uploads\/2023\/12\/The-Global-City-1536x1025-1-1-1.jpg","title_develop_homepg":"<div class=\"span txt1\" data-aos=\"fade-right\">NH\u00c0 PH\u00c1T TRI\u1ec2N<\/div>\r\n<div class=\"span txt2\" data-aos=\"fade-left\">B\u1ea4T \u0110\u1ed8NG S\u1ea2N <\/div>\r\n<div class=\"span txt3\" data-aos=\"fade-right\">QU\u1ed0C T\u1ebe<\/div>","img_develop_homepg":"https:\/\/masterisehomes.com\/lumiere-evergreen\/wp-content\/uploads\/2023\/11\/KV_image_teasing5-6.jpg","logo_develop_homepg":"https:\/\/masterisehomes.com\/lumiere-evergreen\/wp-content\/uploads\/2023\/11\/Logo-Masterise-Homes-1.png","content_develop_homepg":"Masterise Homes \u2013 th\u00e0nh vi\u00ean c\u1ee7a t\u1eadp \u0111o\u00e0n Masterise Group, l\u00e0 nh\u00e0 ph\u00e1t tri\u1ec3n b\u1ea5t \u0111\u1ed9ng s\u1ea3n qu\u1ed1c t\u1ebf ti\u00ean phong \u00e1p d\u1ee5ng c\u00e1c chu\u1ea9n m\u1ef1c to\u00e0n c\u1ea7u v\u00e0o vi\u1ec7c ph\u00e1t tri\u1ec3n, v\u1eadn h\u00e0nh v\u00e0 qu\u1ea3n l\u00fd c\u00e1c s\u1ea3n ph\u1ea9m, d\u1ecbch v\u1ee5 b\u1ea5t \u0111\u1ed9ng s\u1ea3n t\u1ea1i Vi\u1ec7t Nam v\u00e0 th\u1ebf gi\u1edbi.\r\n<br>\r\n<br>\r\nS\u1edf h\u1eefu danh m\u1ee5c Branded Residences (B\u1ea5t \u0111\u1ed9ng s\u1ea3n h\u00e0ng hi\u1ec7u) l\u1edbn nh\u1ea5t \u0110\u00f4ng Nam \u00c1, Masterise Homes kh\u1eb3ng \u0111\u1ecbnh n\u0103ng l\u1ef1c qu\u1ed1c t\u1ebf qua s\u1ef1 h\u1ee3p t\u00e1c c\u00f9ng Marriott International - t\u1eadp \u0111o\u00e0n kh\u00e1ch s\u1ea1n l\u1edbn nh\u1ea5t th\u1ebf gi\u1edbi v\u1edbi nh\u1eefng th\u01b0\u01a1ng hi\u1ec7u Marriott, JW Marriott v\u00e0 Ritz-Carlton.","imgproj_develop_homepg":false,"noteimg_develop_homepg":"","title_teams_homepg":"\u0110\u1ed8I NG\u0168 PH\u00c1T TRI\u1ec2N D\u1ef0 \u00c1N","content_teams_homepg":"D\u1ef1 \u00e1n \u0111\u01b0\u1ee3c h\u1ee3p t\u00e1c v\u00e0 ph\u00e1t tri\u1ec3n b\u1edfi c\u00e1c \u0111\u01a1n v\u1ecb h\u00e0ng \u0111\u1ea7u th\u1ebf gi\u1edbi, mang \u0111\u1ebfn ch\u1ea5t l\u01b0\u1ee3ng \u0111\u1ea1t ti\u00eau chu\u1ea9n qu\u1ed1c t\u1ebf x\u1ee9ng t\u1ea7m cho c\u01b0 d\u00e2n t\u1ea1i LUMI\u00c8RE Evergreen","listteams_homepg":[{"name":"THI\u1ebeT K\u1ebe KI\u1ebeN TR\u00daC","logo":"https:\/\/masterisehomes.com\/lumiere-evergreen\/wp-content\/uploads\/2023\/11\/logo-2.png","link":"http:\/\/innojsc.com\/home"},{"name":"THI\u1ebeT K\u1ebe N\u1ed8I TH\u1ea4T","logo":"https:\/\/masterisehomes.com\/lumiere-evergreen\/wp-content\/uploads\/2023\/11\/airosoandsimetrico_logo.jpeg","link":"https:\/\/airosoandsimetrico.com\/"},{"name":"THI\u1ebeT K\u1ebe C\u1ea2NH QUAN","logo":"https:\/\/masterisehomes.com\/lumiere-evergreen\/wp-content\/uploads\/2023\/11\/lgw4-1346.png","link":"https:\/\/talavn.com.vn\/"},{"name":"QU\u1ea2N L\u00dd D\u1ef0 \u00c1N","logo":"https:\/\/masterisehomes.com\/lumiere-evergreen\/wp-content\/uploads\/2023\/11\/mpm_logo.png","link":"https:\/\/mpmco.com\/about\/"},{"name":"PH\u00c1T TRI\u1ec2N D\u1ef0 \u00c1N","logo":"https:\/\/masterisehomes.com\/lumiere-evergreen\/wp-content\/uploads\/2023\/11\/logo-3.png","link":"https:\/\/masterisehomes.com\/"}],"slide_homepage_banner":[{"img":"https:\/\/masterisehomes.com\/lumiere-evergreen\/wp-content\/uploads\/2023\/12\/lumiere-evergreen_ex5_final_2023-08-24-copy.jpg","title":"S\u1ed0NG L\u00c0 <br>NHI\u1ec0U <br> H\u01a0N TH\u1ebe ","subtitle":"LUMI\u00c8RE <span>EVERGREEN<\/span>","content":"Tr\u1ea3i nghi\u1ec7m s\u1ed1ng tr\u1ecdn v\u1eb9n v\u1edbi l\u1ed1i ki\u1ebfn tr\u00fac duy m\u1ef9, tinh t\u1ebf ch\u1ea1m \u0111\u1ebfn s\u1ef1 ho\u00e0n m\u1ef9 t\u1ea1i LUMI\u00c8RE Evergreen. M\u1ed9t kh\u00f4ng gian s\u1ed1ng v\u1edbi nh\u1eefng gi\u00e1 tr\u1ecb b\u1ec1n v\u1eefng v\u00e0 tr\u01b0\u1eddng t\u1ed3n v\u1edbi th\u1eddi gian, n\u01a1i cu\u1ed9c s\u1ed1ng l\u00e0 nhi\u1ec1u h\u01a1n nh\u1eefng l\u1ef1a ch\u1ecdn. "},{"img":"https:\/\/masterisehomes.com\/lumiere-evergreen\/wp-content\/uploads\/2023\/12\/lumiere-evergreen_ex61_final_2023-11-18-1-scaled.jpg","title":"S\u1ed0NG L\u00c0 <br>NHI\u1ec0U <br> H\u01a0N TH\u1ebe ","subtitle":"LUMI\u00c8RE <span>EVERGREEN<\/span>","content":"Tr\u1ea3i nghi\u1ec7m s\u1ed1ng tr\u1ecdn v\u1eb9n v\u1edbi l\u1ed1i ki\u1ebfn tr\u00fac duy m\u1ef9, tinh t\u1ebf ch\u1ea1m \u0111\u1ebfn s\u1ef1 ho\u00e0n m\u1ef9 t\u1ea1i LUMI\u00c8RE Evergreen. M\u1ed9t kh\u00f4ng gian s\u1ed1ng v\u1edbi nh\u1eefng gi\u00e1 tr\u1ecb b\u1ec1n v\u1eefng v\u00e0 tr\u01b0\u1eddng t\u1ed3n v\u1edbi th\u1eddi gian, n\u01a1i cu\u1ed9c s\u1ed1ng l\u00e0 nhi\u1ec1u h\u01a1n nh\u1eefng l\u1ef1a ch\u1ecdn. "},{"img":"https:\/\/masterisehomes.com\/lumiere-evergreen\/wp-content\/uploads\/2024\/01\/adapt-lumiere.jpg","title":"","subtitle":"","content":""}],"contentdes_design_homepg":[{"name":"\u00c1Nh D\u01b0\u01a1ng","content":"Kh\u01a1i ngu\u1ed3n s\u00e1ng t\u1ea1o t\u1eeb ch\u1ea5t li\u1ec7u \"\u00c1nh d\u01b0\u01a1ng\" r\u1ef1c r\u1ee1, t\u1eebng g\u00f3c nh\u1ecf trong t\u00f2a nh\u00e0 \u0111\u1ec1u l\u00e0 s\u1ef1 hi\u1ec7n di\u1ec7n c\u1ee7a \u00e1nh s\u00e1ng ng\u1eadp tr\u00e0n trong kh\u00f4ng gian s\u1ed1ng mang \u0111\u1ea7y t\u00ednh ngh\u1ec7 thu\u1eadt \u0111\u1ed9c \u0111\u00e1o, t\u01b0\u1ee3ng tr\u01b0ng cho s\u1ef1 khai m\u1edf v\u1ec1 m\u1ed9t h\u00e0nh tr\u00ecnh s\u1ed1ng m\u1edbi ch\u1ee9a \u0111\u1ef1ng nhi\u1ec1u c\u01a1 h\u1ed9i b\u1ea5t t\u1eadn ch\u1edd \u0111\u01b0\u1ee3c kh\u00e1m ph\u00e1. "},{"name":"Kh\u00f4ng kh\u00ed","content":"T\u1ef1 do t\u1ef1a nh\u01b0 kh\u00f4ng kh\u00ed, ki\u1ebfn tr\u00fac t\u00f2a nh\u00e0 lan t\u1ecfa tri\u1ebft l\u00fd m\u1edbi v\u1ec1 m\u1ed9t kh\u00f4ng gian s\u1ed1ng tho\u00e1ng \u0111\u00e3ng mang b\u1ea3n s\u1eafc ri\u00eang, nh\u01b0ng kh\u00f4ng k\u00e9m ph\u1ea7n tinh t\u1ebf sang tr\u1ecdng, \u0111em l\u1ea1i cho c\u01b0 gia nh\u1eefng gi\u00e1 tr\u1ecb v\u1eb9n tr\u00f2n v\u1ec1 h\u01b0\u1edfng th\u1ee5 cu\u1ed9c s\u1ed1ng v\u00e0 khai ph\u00e1 gi\u1edbi h\u1ea1n c\u1ee7a b\u1ea3n th\u00e2n."},{"name":"N\u01b0\u1edbc","content":"L\u1ea5y c\u1ea3m h\u1ee9ng t\u1eeb s\u1ee9c s\u1ed1ng b\u1ec1n b\u1ec9, b\u1ea5t t\u1eadn c\u1ee7a n\u01b0\u1edbc t\u1ea1o n\u00ean ng\u00f4n ng\u1eef thi\u1ebft k\u1ebf ti\u00ean phong l\u00e0 s\u1ef1 k\u1ebft n\u1ed1i nh\u1ecbp nh\u00e0ng gi\u1eefa kh\u00f4ng gian s\u1ed1ng kh\u00e1c bi\u1ec7t v\u00e0 h\u1ec7 ti\u1ec7n \u00edch x\u1ee9ng t\u1ea7m. M\u1ed9t b\u1ea3n h\u00f2a t\u1ea5u v\u1ec1 tr\u1ea3i nghi\u1ec7m s\u1ed1ng m\u1edbi, \u0111em \u0111\u1ebfn cho c\u01b0 gia m\u1ed9t cu\u1ed9c s\u1ed1ng h\u01b0\u1edfng th\u1ee5 v\u1edbi nh\u1eefng gi\u00e1 tr\u1ecb tr\u1ecdn v\u1eb9n v\u00e0 b\u1ec1n v\u1eefng."}],"title_develop_homepg_mobile":"<div class=\"span txt1\" data-aos=\"fade-right\">NH\u00c0 PH\u00c1T TRI\u1ec2N<\/div>\r\n<div class=\"span txt2\" data-aos=\"fade-left\">B\u1ea4T \u0110\u1ed8NG S\u1ea2N QU\u1ed0C T\u1ebe<\/div>"},"_links":{"self":[{"href":"https:\/\/masterisehomes.com\/lumiere-evergreen\/wp-json\/wp\/v2\/pages\/4378","targetHints":{"allow":["GET"]}}],"collection":[{"href":"https:\/\/masterisehomes.com\/lumiere-evergreen\/wp-json\/wp\/v2\/pages"}],"about":[{"href":"https:\/\/masterisehomes.com\/lumiere-evergreen\/wp-json\/wp\/v2\/types\/page"}],"author":[{"embeddable":true,"href":"https:\/\/masterisehomes.com\/lumiere-evergreen\/wp-json\/wp\/v2\/users\/1"}],"replies":[{"embeddable":true,"href":"https:\/\/masterisehomes.com\/lumiere-evergreen\/wp-json\/wp\/v2\/comments?post=4378"}],"version-history":[{"count":149,"href":"https:\/\/masterisehomes.com\/lumiere-evergreen\/wp-json\/wp\/v2\/pages\/4378\/revisions"}],"predecessor-version":[{"id":8462,"href":"https:\/\/masterisehomes.com\/lumiere-evergreen\/wp-json\/wp\/v2\/pages\/4378\/revisions\/8462"}],"wp:featuredmedia":[{"embeddable":true,"href":"https:\/\/masterisehomes.com\/lumiere-evergreen\/wp-json\/wp\/v2\/media\/4671"}],"wp:attachment":[{"href":"https:\/\/masterisehomes.com\/lumiere-evergreen\/wp-json\/wp\/v2\/media?parent=4378"}],"curies":[{"name":"wp","href":"https:\/\/api.w.org\/{rel}","templated":true}]}}